{"id":9292,"date":"2024-01-28T18:47:52","date_gmt":"2024-01-28T17:47:52","guid":{"rendered":"https:\/\/nova.otroci.org\/?page_id=9292"},"modified":"2024-01-28T18:55:38","modified_gmt":"2024-01-28T17:55:38","slug":"otroska-imena","status":"publish","type":"page","link":"https:\/\/nova.otroci.org\/index.php\/otroska-imena\/","title":{"rendered":"Otro\u0161ka imena"},"content":{"rendered":"\n<hr class=\"wp-block-separator has-text-color has-pale-cyan-blue-color has-alpha-channel-opacity has-pale-cyan-blue-background-color has-background is-style-wide\"\/>\n\n\n\n<div class=\"wp-block-columns is-layout-flex wp-container-core-columns-is-layout-9d6595d7 wp-block-columns-is-layout-flex\">\n<div class=\"wp-block-column is-layout-flow wp-block-column-is-layout-flow\" style=\"flex-basis:33.33%\">\n<figure class=\"wp-block-image size-full\"><a href=\"https:\/\/nova.otroci.org\/index.php\/2024\/01\/28\/zenska-imena-slovenska\/\"><img loading=\"lazy\" decoding=\"async\" width=\"418\" height=\"408\" src=\"https:\/\/nova.otroci.org\/wp-content\/uploads\/2024\/01\/Otroska_imena_zenska_02.jpg\" alt=\"\" class=\"wp-image-9289\" srcset=\"https:\/\/nova.otroci.org\/wp-content\/uploads\/2024\/01\/Otroska_imena_zenska_02.jpg 418w, https:\/\/nova.otroci.org\/wp-content\/uploads\/2024\/01\/Otroska_imena_zenska_02-300x293.jpg 300w\" sizes=\"auto, (max-width: 418px) 100vw, 418px\" \/><\/a><\/figure>\n<\/div>\n\n\n\n<div class=\"wp-block-column is-layout-flow wp-block-column-is-layout-flow\" style=\"flex-basis:66.66%\">\n<h2 class=\"wp-block-heading\"><a href=\"https:\/\/nova.otroci.org\/index.php\/2024\/01\/28\/zenska-imena-slovenska\/\" title=\"\u017denska imena \u2013 Slovenska\">\u017denska imena &#8211; Slovenska<\/a><\/h2>\n\n\n\n<p><a href=\"https:\/\/nova.otroci.org\/index.php\/2024\/01\/28\/zenska-imena-slovenska\/\" title=\"\u017denska imena \u2013 Slovenska\">V primeru, da potrebujete ime za svojega novorojen\u010dka, imamo tukaj nekaj predlogov za \u017eenska slovenska otro\u0161ka imena. Priljubljena imena vklju\u010dujejo tradicionalna kot sta Ana, Maja in Ema, ki ohranjajo svojo priljubljenost skozi generacije. Za bolj sodobno izbiro razmislite o imenih, kot so Zala, Lara in Hana, ki so vse bolj priljubljena med mladimi star\u0161i. \u010ce i\u0161\u010dete ime z globljim kulturnim pomenom, so imena kot Fran\u010di\u0161ka in Ne\u017ea odli\u010dna izbira. Pri izbiri \u017eenskega otro\u0161kega imena v Sloveniji lahko najdete raznolike mo\u017enosti, ki zdru\u017eujejo tradicijo, modernost in unikatnost.<\/a><\/p>\n<\/div>\n<\/div>\n\n\n\n<hr class=\"wp-block-separator has-text-color has-pale-cyan-blue-color has-alpha-channel-opacity has-pale-cyan-blue-background-color has-background is-style-wide\"\/>\n\n\n\n<div class=\"wp-block-columns is-layout-flex wp-container-core-columns-is-layout-9d6595d7 wp-block-columns-is-layout-flex\">\n<div class=\"wp-block-column is-layout-flow wp-block-column-is-layout-flow\" style=\"flex-basis:33.33%\">\n<figure class=\"wp-block-image size-full\"><a href=\"https:\/\/nova.otroci.org\/index.php\/2024\/01\/28\/zenska-imena-tuja\/\"><img loading=\"lazy\" decoding=\"async\" width=\"418\" height=\"408\" src=\"https:\/\/nova.otroci.org\/wp-content\/uploads\/2024\/01\/Otroska_imena_zenska_02.jpg\" alt=\"\" class=\"wp-image-9289\" srcset=\"https:\/\/nova.otroci.org\/wp-content\/uploads\/2024\/01\/Otroska_imena_zenska_02.jpg 418w, https:\/\/nova.otroci.org\/wp-content\/uploads\/2024\/01\/Otroska_imena_zenska_02-300x293.jpg 300w\" sizes=\"auto, (max-width: 418px) 100vw, 418px\" \/><\/a><\/figure>\n<\/div>\n\n\n\n<div class=\"wp-block-column is-layout-flow wp-block-column-is-layout-flow\" style=\"flex-basis:66.66%\">\n<h2 class=\"wp-block-heading\"><a href=\"https:\/\/nova.otroci.org\/index.php\/2024\/01\/28\/zenska-imena-tuja\/\" title=\"\u017denska imena \u2013 Tuja\">\u017denska imena &#8211; Tuja<\/a><\/h2>\n\n\n\n<p><a href=\"https:\/\/nova.otroci.org\/index.php\/2024\/01\/28\/zenska-imena-tuja\/\" title=\"\u017denska imena \u2013 Tuja\">V primeru, da potrebujete ime za svojega novorojen\u010dka, imamo tukaj nekaj predlogov za \u017eenska tuja otro\u0161ka imena. Priljubljena imena, ki izvirajo iz razli\u010dnih kultur, vklju\u010dujejo Sophia, Aria, Isabella, Mia in Olivia. Sodobna imena, kot so Luna, Stella in Ava, pridobivajo priljubljenost med star\u0161i po vsem svetu. \u010ce i\u0161\u010dete nekoliko bolj eksoti\u010dno izbiro, razmislite o imenih, kot so Amara, Zara ali Anouk. Tuja imena pogosto prina\u0161ajo globok pomen ali kulturno ozadje, ki lahko obogati izku\u0161njo imenovanja va\u0161ega otroka.<\/a><\/p>\n<\/div>\n<\/div>\n\n\n\n<hr class=\"wp-block-separator has-text-color has-pale-cyan-blue-color has-alpha-channel-opacity has-pale-cyan-blue-background-color has-background is-style-wide\"\/>\n\n\n\n<div class=\"wp-block-columns is-layout-flex wp-container-core-columns-is-layout-9d6595d7 wp-block-columns-is-layout-flex\">\n<div class=\"wp-block-column is-layout-flow wp-block-column-is-layout-flow\" style=\"flex-basis:33.33%\">\n<figure class=\"wp-block-image size-full\"><a href=\"https:\/\/nova.otroci.org\/index.php\/2024\/01\/28\/moska-imena-slovenska\/\"><img loading=\"lazy\" decoding=\"async\" width=\"418\" height=\"408\" src=\"https:\/\/nova.otroci.org\/wp-content\/uploads\/2024\/01\/Otroska_imena_moska_02a.jpg\" alt=\"\" class=\"wp-image-9296\" srcset=\"https:\/\/nova.otroci.org\/wp-content\/uploads\/2024\/01\/Otroska_imena_moska_02a.jpg 418w, https:\/\/nova.otroci.org\/wp-content\/uploads\/2024\/01\/Otroska_imena_moska_02a-300x293.jpg 300w\" sizes=\"auto, (max-width: 418px) 100vw, 418px\" \/><\/a><\/figure>\n<\/div>\n\n\n\n<div class=\"wp-block-column is-layout-flow wp-block-column-is-layout-flow\" style=\"flex-basis:66.66%\">\n<h2 class=\"wp-block-heading\"><a href=\"https:\/\/nova.otroci.org\/index.php\/2024\/01\/28\/moska-imena-slovenska\/\" title=\"Mo\u0161ka imena \u2013 Slovenska\">Mo\u0161ka imena &#8211; Slovenska<\/a><\/h2>\n\n\n\n<p><a href=\"https:\/\/nova.otroci.org\/index.php\/2024\/01\/28\/moska-imena-slovenska\/\" title=\"Mo\u0161ka imena \u2013 Slovenska\">V primeru, da potrebujete ime za svojega novorojen\u010dka, imamo tukaj nekaj predlogov za mo\u0161ka slovenska otro\u0161ka imena. Priljubljena tradicionalna imena vklju\u010dujejo Jakob, Luka, Miha, Filip in David. Za sodobnej\u0161i pridih lahko izberete imena, kot so Niko, Tilen, Timotej, Maks in Gal. \u010ce i\u0161\u010dete mo\u010dna in klasi\u010dna imena, so med mo\u017enostmi tudi Matej, Marko, Andrej, Rok in Martin. Slovenska mo\u0161ka otro\u0161ka imena odra\u017eajo raznolikost tradicije in sodobnosti, kar omogo\u010da star\u0161em \u0161irok izbor.<\/a><\/p>\n<\/div>\n<\/div>\n\n\n\n<hr class=\"wp-block-separator has-text-color has-pale-cyan-blue-color has-alpha-channel-opacity has-pale-cyan-blue-background-color has-background is-style-wide\"\/>\n\n\n\n<div class=\"wp-block-columns is-layout-flex wp-container-core-columns-is-layout-9d6595d7 wp-block-columns-is-layout-flex\">\n<div class=\"wp-block-column is-layout-flow wp-block-column-is-layout-flow\" style=\"flex-basis:33.33%\">\n<figure class=\"wp-block-image size-full\"><a href=\"https:\/\/nova.otroci.org\/index.php\/2024\/01\/28\/moska-imena-tuja\/\"><img loading=\"lazy\" decoding=\"async\" width=\"418\" height=\"408\" src=\"https:\/\/nova.otroci.org\/wp-content\/uploads\/2024\/01\/Otroska_imena_moska_02a.jpg\" alt=\"\" class=\"wp-image-9296\" srcset=\"https:\/\/nova.otroci.org\/wp-content\/uploads\/2024\/01\/Otroska_imena_moska_02a.jpg 418w, https:\/\/nova.otroci.org\/wp-content\/uploads\/2024\/01\/Otroska_imena_moska_02a-300x293.jpg 300w\" sizes=\"auto, (max-width: 418px) 100vw, 418px\" \/><\/a><\/figure>\n<\/div>\n\n\n\n<div class=\"wp-block-column is-layout-flow wp-block-column-is-layout-flow\" style=\"flex-basis:66.66%\">\n<h2 class=\"wp-block-heading\"><a href=\"https:\/\/nova.otroci.org\/index.php\/2024\/01\/28\/moska-imena-tuja\/\" title=\"Mo\u0161ka imena \u2013 Tuja\">Mo\u0161ka imena &#8211; Tuja<\/a><\/h2>\n\n\n\n<p><a href=\"https:\/\/nova.otroci.org\/index.php\/2024\/01\/28\/moska-imena-tuja\/\" title=\"Mo\u0161ka imena \u2013 Tuja\">V primeru, da potrebujete ime za svojega novorojen\u010dka, imamo tukaj nekaj predlogov za mo\u0161ka tuja otro\u0161ka imena. Priljubljena imena iz razli\u010dnih kultur vklju\u010dujejo Liam, Noah, Ethan, Lucas in Oliver. Moderna imena, kot so Aiden, Mason in Jackson, so med star\u0161i vse bolj priljubljena. \u010ce i\u0161\u010dete mo\u010dno in tradicionalno ime, razmislite o imenih, kot so Alexander, Benjamin ali Sebastian. Tuja mo\u0161ka imena lahko prina\u0161ajo bogato kulturno dedi\u0161\u010dino ali pa preprosto izra\u017eajo sodobne trende v imenovanju otrok.<\/a><\/p>\n<\/div>\n<\/div>\n\n\n\n<hr class=\"wp-block-separator has-text-color has-pale-cyan-blue-color has-alpha-channel-opacity has-pale-cyan-blue-background-color has-background is-style-wide\"\/>\n\n\n\n<div class=\"wp-block-columns is-layout-flex wp-container-core-columns-is-layout-9d6595d7 wp-block-columns-is-layout-flex\">\n<div class=\"wp-block-column is-layout-flow wp-block-column-is-layout-flow\" style=\"flex-basis:33.33%\"><\/div>\n\n\n\n<div class=\"wp-block-column is-layout-flow wp-block-column-is-layout-flow\" style=\"flex-basis:66.66%\"><\/div>\n<\/div>\n","protected":false},"excerpt":{"rendered":"<p>\u017denska imena &#8211; Slovenska V primeru, da potrebujete ime za svojega novorojen\u010dka, imamo tukaj nekaj predlogov za \u017eenska slovenska otro\u0161ka<\/p>\n","protected":false},"author":1,"featured_media":0,"parent":0,"menu_order":0,"comment_status":"closed","ping_status":"closed","template":"","meta":{"om_disable_all_campaigns":false,"_monsterinsights_skip_tracking":false,"_monsterinsights_sitenote_active":false,"_monsterinsights_sitenote_note":"","_monsterinsights_sitenote_category":0,"ngg_post_thumbnail":0,"footnotes":""},"class_list":["post-9292","page","type-page","status-publish","hentry"],"aioseo_notices":[],"_links":{"self":[{"href":"https:\/\/nova.otroci.org\/index.php\/wp-json\/wp\/v2\/pages\/9292","targetHints":{"allow":["GET"]}}],"collection":[{"href":"https:\/\/nova.otroci.org\/index.php\/wp-json\/wp\/v2\/pages"}],"about":[{"href":"https:\/\/nova.otroci.org\/index.php\/wp-json\/wp\/v2\/types\/page"}],"author":[{"embeddable":true,"href":"https:\/\/nova.otroci.org\/index.php\/wp-json\/wp\/v2\/users\/1"}],"replies":[{"embeddable":true,"href":"https:\/\/nova.otroci.org\/index.php\/wp-json\/wp\/v2\/comments?post=9292"}],"version-history":[{"count":0,"href":"https:\/\/nova.otroci.org\/index.php\/wp-json\/wp\/v2\/pages\/9292\/revisions"}],"wp:attachment":[{"href":"https:\/\/nova.otroci.org\/index.php\/wp-json\/wp\/v2\/media?parent=9292"}],"curies":[{"name":"wp","href":"https:\/\/api.w.org\/{rel}","templated":true}]}}