{"id":8744,"date":"2024-01-26T08:38:33","date_gmt":"2024-01-26T07:38:33","guid":{"rendered":"https:\/\/nova.otroci.org\/?page_id=8744"},"modified":"2024-01-26T20:37:37","modified_gmt":"2024-01-26T19:37:37","slug":"ucenje-tujih-jezikov-za-zacetnike","status":"publish","type":"page","link":"https:\/\/nova.otroci.org\/index.php\/ucenje-tujih-jezikov-za-zacetnike\/","title":{"rendered":"U\u010denje tujih jezikov za za\u010detnike"},"content":{"rendered":"\n<p><strong><em>U\u010denje tujih jezikov za za\u010detnike je lahko izziv, vendar obstaja nekaj nasvetov, ki lahko pomagajo pri uspe\u0161nem za\u010detku:<\/em><\/strong><\/p>\n\n\n\n<ul class=\"wp-block-list\">\n<li>Za\u010dnite s preprostimi besedami in stavki, da se boste la\u017eje navadili na novo besedi\u0161\u010de in utrdili osnove.<\/li>\n\n\n\n<li>Poslu\u0161ajte tuj jezik \u010dim ve\u010d, bodisi s pomo\u010djo posnetkov, glasbe ali televizije.<br>..Tako boste razvijali poslu\u0161anje in izgovorjavo.<\/li>\n\n\n\n<li>Berite preproste knjige, \u010dlanke ali novice v tujem jeziku.<br>..To vam bo pomagalo razumeti besedi\u0161\u010de in slovnico.<\/li>\n\n\n\n<li>Govorite \u010dim ve\u010d v tujem jeziku, tudi \u010de niste prepri\u010dani, kako izgovoriti ali uporabiti dolo\u010deno besedo.<br>..Ne bojte se napak, saj je to del u\u010denja.<\/li>\n\n\n\n<li>Uporabite spletne vire. Obstaja veliko spletnih strani in aplikacij, ki vam lahko pomagajo pri u\u010denju<br>..tujih jezikov. Na primer, Duolingo, Babbel, Memrise in Rosetta Stone so nekatere izmed najbolj priljubljenih.<\/li>\n\n\n\n<li>Bodite vztrajni. U\u010denje tujega jezika lahko traja dolgo \u010dasa, zato bodite potrpe\u017eljivi in vztrajni.<br>..Redna vadba vam bo pomagala izbolj\u0161ati va\u0161e znanje in samozavest v tujem jeziku.<\/li>\n<\/ul>\n\n\n\n<p><strong>Tukaj je nekaj spletnih strani in aplikacij, ki lahko pomagajo pri u\u010denju tujih jezikov:<\/strong><\/p>\n\n\n\n<ul class=\"wp-block-list\">\n<li><strong>Duolingo <\/strong>( <a href=\"https:\/\/www.duolingo.com\">https:\/\/www.duolingo.com<\/a> ) &#8211; brezpla\u010dna aplikacija za u\u010denje jezikov,<br>..ki se osredoto\u010da na igro in zabavo.<\/li>\n\n\n\n<li><strong>Babbel <\/strong>( <a href=\"https:\/\/www.babbel.com \">https:\/\/www.babbel.com <\/a>) &#8211; pla\u010dljiva aplikacija, ki ponuja interaktivne te\u010daje v 14 jezikih.<\/li>\n\n\n\n<li><strong>Memrise <\/strong>( <a href=\"https:\/\/www.memrise.com\">https:\/\/www.memrise.com<\/a> ) &#8211; brezpla\u010dna aplikacija za u\u010denje jezikov s poudarkom na besedi\u0161\u010du.<\/li>\n\n\n\n<li><strong>Rosetta Stone<\/strong> ( <a href=\"https:\/\/www.rosettastone.com\">https:\/\/www.rosettastone.com<\/a> ) &#8211; pla\u010dljiva aplikacija z interaktivnimi te\u010daji v 25 jezikih.<\/li>\n\n\n\n<li><strong>Busuu <\/strong>( <a href=\"https:\/\/www.busuu.com\">https:\/\/www.busuu.com<\/a> ) &#8211; aplikacija za u\u010denje jezikov, ki uporablja u\u010dne na\u010drte,<br>..ki jih pripravljajo govorniki tega jezika.<\/li>\n\n\n\n<li><strong>Lingoda <\/strong>( <a href=\"https:\/\/www.lingoda.com\">https:\/\/www.lingoda.com<\/a> ) &#8211; pla\u010dljiva platforma za u\u010denje jezikov z zasebnimi in<br>..skupinskimi te\u010daji.<\/li>\n\n\n\n<li><strong>FluentU <\/strong>( <a href=\"https:\/\/www.fluentu.com\">https:\/\/www.fluentu.com<\/a> ) &#8211; platforma, ki uporablja videoposnetke, glasbo in novice,<br>..da bi pomagala pri u\u010denju jezika.<\/li>\n\n\n\n<li><strong>Anki <\/strong>( <a href=\"https:\/\/apps.ankiweb.net\">https:\/\/apps.ankiweb.net<\/a> ) &#8211; brezpla\u010dna aplikacija za u\u010denje, ki uporablja kartice<br>..za pomnenje besedi\u0161\u010da in slovnice.<\/li>\n\n\n\n<li><strong>Memrise <\/strong>( <a href=\"https:\/\/www.memrise.com \">https:\/\/www.memrise.com <\/a>) &#8211; brezpla\u010dna aplikacija, ki se osredoto\u010da na pomnenje besedi\u0161\u010da.<\/li>\n\n\n\n<li><strong>Lingvist <\/strong>( <a href=\"https:\/\/lingvist.com\">https:\/\/lingvist.com<\/a> ) &#8211; aplikacija, ki se osredoto\u010da na pomnenje besedi\u0161\u010da in fraz s<br>..pomo\u010djo umetne inteligence.<\/li>\n<\/ul>\n\n\n\n<p><strong>Nau\u010dite si enega izmed spodnjih svetovnih jezikov ( kliknite na posamezno ime ) :<\/strong><\/p>\n\n\n\n<div class=\"wp-block-columns is-layout-flex wp-container-core-columns-is-layout-9d6595d7 wp-block-columns-is-layout-flex\">\n<div class=\"wp-block-column is-layout-flow wp-block-column-is-layout-flow\">\n<img loading=\"lazy\" decoding=\"async\" id=\"Picture4\" title=\"Jeziki_naslovna02\" alt=\"Jeziki_naslovna02\" src=\"https:\/\/www.otroci.org\/wp_datoteke\/Jeziki_naslovna.jpg\" usemap=\"#map0\" width=\"710\" height=\"959\" border=\"0\" \/>\n\n<map name=\"map0\"> <area alt=\"\" coords=\"118,45,257,72\" shape=\"rect\" href=\"https:\/\/nova.otroci.org\/index.php\/2024\/01\/26\/anglescina-us-za-zacetnike-em\" \/> <area alt=\"\" coords=\"118,74,257,101\" shape=\"rect\" href=\"https:\/\/nova.otroci.org\/index.php\/2024\/01\/26\/nemscina-za-zacetnike-de\" \/> <area alt=\"\" coords=\"388,45,527,72\" shape=\"rect\" href=\"https:\/\/nova.otroci.org\/index.php\/2024\/01\/26\/bolgarscina-za-zacetnike-bg\" \/> <area alt=\"\" coords=\"118,105,257,132\" shape=\"rect\" href=\"https:\/\/nova.otroci.org\/index.php\/2024\/01\/26\/spanscina-za-zacetnike-es\" \/> <area alt=\"\" coords=\"118,134,257,161\" shape=\"rect\" href=\"https:\/\/nova.otroci.org\/index.php\/2024\/01\/26\/francoscina-za-zacetnike-fr\" \/> <area alt=\"\" coords=\"118,163,257,190\" shape=\"rect\" href=\"https:\/\/nova.otroci.org\/index.php\/2024\/01\/26\/italijanscina-za-zacetnike-it\" \/> <area alt=\"\" coords=\"118,192,257,219\" shape=\"rect\" href=\"https:\/\/nova.otroci.org\/index.php\/2024\/01\/26\/japonscina-za-zacetnike-ja\" \/> <area alt=\"\" coords=\"117,224,256,251\" shape=\"rect\" href=\"https:\/\/nova.otroci.org\/index.php\/2024\/01\/26\/portugalscina-za-zacetnike-pt\" \/> <area alt=\"\" coords=\"117,254,256,281\" shape=\"rect\" href=\"https:\/\/nova.otroci.org\/index.php\/2024\/01\/26\/arabscina-za-zacetnike-ar\" \/> <area alt=\"\" coords=\"116,285,255,312\" shape=\"rect\" href=\"https:\/\/nova.otroci.org\/index.php\/2024\/01\/26\/ruscina-za-zacetnike-ru\" \/> <area alt=\"\" coords=\"116,314,255,341\" shape=\"rect\" href=\"https:\/\/nova.otroci.org\/index.php\/2024\/01\/26\/kitajscina-za-zacetnike-zh\" \/> <area alt=\"\" coords=\"388,74,527,101\" shape=\"rect\" href=\"https:\/\/nova.otroci.org\/index.php\/2024\/01\/26\/bengalscina-za-zacetnike-bn\" \/> <area alt=\"\" coords=\"388,104,527,131\" shape=\"rect\" href=\"https:\/\/nova.otroci.org\/index.php\/2024\/01\/26\/bosanscina-za-zacetnike-bs\" \/> <area alt=\"\" coords=\"388,133,527,160\" shape=\"rect\" href=\"https:\/\/nova.otroci.org\/index.php\/2024\/01\/26\/katalonscina-za-zacetnike-ca\" \/> <area alt=\"\" coords=\"387,163,526,190\" shape=\"rect\" href=\"https:\/\/nova.otroci.org\/index.php\/2024\/01\/26\/cescina-za-zacetnike-cs\" \/> <area alt=\"\" coords=\"387,193,526,220\" shape=\"rect\" href=\"https:\/\/nova.otroci.org\/index.php\/2024\/01\/26\/danscina-za-zacetnike-da\" \/> <area alt=\"\" coords=\"387,222,526,249\" shape=\"rect\" href=\"https:\/\/nova.otroci.org\/index.php\/2024\/01\/26\/grscina-za-zacetnike-el\" \/> <area alt=\"\" coords=\"386,253,525,280\" shape=\"rect\" href=\"https:\/\/nova.otroci.org\/index.php\/2024\/01\/26\/esperanto-za-zacetnike-eo\" \/> <area alt=\"\" coords=\"385,284,524,311\" shape=\"rect\" href=\"https:\/\/nova.otroci.org\/index.php\/2024\/01\/26\/estonscina-za-zacetnike-et\" \/> <area alt=\"\" coords=\"385,314,524,341\" shape=\"rect\" href=\"https:\/\/nova.otroci.org\/index.php\/2024\/01\/26\/perzijscina-za-zacetnike-fa\" \/> <area alt=\"\" coords=\"116,343,255,370\" shape=\"rect\" href=\"https:\/\/nova.otroci.org\/index.php\/2024\/01\/26\/cerkescina-za-zacetnike-ad\" \/> <area alt=\"\" coords=\"115,373,254,400\" shape=\"rect\" href=\"https:\/\/nova.otroci.org\/index.php\/2024\/01\/26\/afrikanscina-za-zacetnike-af\" \/> <area alt=\"\" coords=\"115,403,254,430\" shape=\"rect\" href=\"https:\/\/nova.otroci.org\/index.php\/2024\/01\/26\/amharscina-za-zacetnike-am\" \/> <area alt=\"\" coords=\"114,433,253,460\" shape=\"rect\" href=\"https:\/\/nova.otroci.org\/index.php\/2024\/01\/26\/beloruscina-za-zacetnike-be\" \/> <area alt=\"\" coords=\"385,344,524,371\" shape=\"rect\" href=\"https:\/\/nova.otroci.org\/index.php\/2024\/01\/26\/finscina-za-zacetnike-fi\" \/> <area alt=\"\" coords=\"385,374,524,401\" shape=\"rect\" href=\"https:\/\/nova.otroci.org\/index.php\/2024\/01\/26\/hebrejscina-za-zacetnike-he\" \/> <area alt=\"\" coords=\"385,403,524,430\" shape=\"rect\" href=\"https:\/\/nova.otroci.org\/index.php\/2024\/01\/26\/hindijscina-za-zacetnike-hi\" \/> <area alt=\"\" coords=\"385,433,524,460\" shape=\"rect\" href=\"https:\/\/nova.otroci.org\/index.php\/2024\/01\/26\/hrvascina-za-zacetnike-hr\" \/> <area alt=\"\" coords=\"113,464,252,491\" shape=\"rect\" href=\"https:\/\/nova.otroci.org\/index.php\/2024\/01\/26\/armenscina-za-zacetnike-hy\" \/> <area alt=\"\" coords=\"385,464,524,491\" shape=\"rect\" href=\"https:\/\/nova.otroci.org\/index.php\/2024\/01\/26\/portugalscina-za-zacetnike-px\" \/> <area alt=\"\" coords=\"113,494,252,521\" shape=\"rect\" href=\"https:\/\/nova.otroci.org\/index.php\/2024\/01\/26\/indonezijscina-za-zacetnike-id\" \/> <area alt=\"\" coords=\"113,523,252,550\" shape=\"rect\" href=\"https:\/\/nova.otroci.org\/index.php\/2024\/01\/26\/gruzinscina-za-zacetnike-ka\" \/> <area alt=\"\" coords=\"112,555,251,582\" shape=\"rect\" href=\"https:\/\/nova.otroci.org\/index.php\/2024\/01\/26\/kazascina-za-zacetnike-kk\" \/> <area alt=\"\" coords=\"111,585,250,612\" shape=\"rect\" href=\"https:\/\/nova.otroci.org\/index.php\/2024\/01\/26\/kanadscina-za-zacetnike-kn\" \/> <area alt=\"\" coords=\"384,494,523,521\" shape=\"rect\" href=\"https:\/\/nova.otroci.org\/index.php\/2024\/01\/26\/romunscina-za-zacetnike-ro\" \/> <area alt=\"\" coords=\"384,523,523,550\" shape=\"rect\" href=\"https:\/\/nova.otroci.org\/index.php\/2024\/01\/26\/slovascina-za-zacetnike-sk\" \/> <area alt=\"\" coords=\"384,553,523,580\" shape=\"rect\" href=\"https:\/\/nova.otroci.org\/index.php\/2024\/01\/26\/albanscina-za-zacetnike-sq\" \/> <area alt=\"\" coords=\"384,582,523,609\" shape=\"rect\" href=\"https:\/\/nova.otroci.org\/index.php\/2024\/01\/26\/srbscina-za-zacetnike-sr\" \/> <area alt=\"\" coords=\"384,612,523,639\" shape=\"rect\" href=\"https:\/\/nova.otroci.org\/index.php\/2024\/01\/26\/svedscina-za-zacetnike-sv\" \/> <area alt=\"\" coords=\"383,885,522,912\" shape=\"rect\" href=\"https:\/\/nova.otroci.org\/index.php\/2024\/01\/26\/poljscina-za-zacetnike-pl\" \/> <area alt=\"\" coords=\"112,884,251,911\" shape=\"rect\" href=\"https:\/\/nova.otroci.org\/index.php\/2024\/01\/26\/madzarscina-za-zacetnike-hu\" \/> <area alt=\"\" coords=\"112,852,251,879\" shape=\"rect\" href=\"https:\/\/nova.otroci.org\/index.php\/2024\/01\/26\/punjabi-za-zacetnike-pa\" \/> <area alt=\"\" coords=\"112,822,251,849\" shape=\"rect\" href=\"https:\/\/nova.otroci.org\/index.php\/2024\/01\/26\/norvescina-za-zacetnike-no\" \/> <area alt=\"\" coords=\"112,793,251,820\" shape=\"rect\" href=\"https:\/\/nova.otroci.org\/index.php\/2024\/01\/26\/norvescina--za-zacetnike-nn\" \/> <area alt=\"\" coords=\"111,763,250,790\" shape=\"rect\" href=\"https:\/\/nova.otroci.org\/index.php\/2024\/01\/26\/nizozemscina-za-zacetnike-nl\" \/> <area alt=\"\" coords=\"111,733,250,760\" shape=\"rect\" href=\"https:\/\/nova.otroci.org\/index.php\/2024\/01\/26\/marati-za-zacetnike-mr\" \/> <area alt=\"\" coords=\"383,854,522,881\" shape=\"rect\" href=\"https:\/\/nova.otroci.org\/index.php\/2024\/01\/26\/vietnamscina-za-zacetnike-vi\" \/> <area alt=\"\" coords=\"383,824,522,851\" shape=\"rect\" href=\"https:\/\/nova.otroci.org\/index.php\/2024\/01\/26\/urdu-za-zacetnike-ur\" \/> <area alt=\"\" coords=\"383,794,522,821\" shape=\"rect\" href=\"https:\/\/nova.otroci.org\/index.php\/2024\/01\/26\/ukrajinscina-za-zacetnike-uk\" \/> <area alt=\"\" coords=\"383,764,522,791\" shape=\"rect\" href=\"https:\/\/nova.otroci.org\/index.php\/2024\/01\/26\/turscina-za-zacetnike-tr\" \/> <area alt=\"\" coords=\"111,614,250,641\" shape=\"rect\" href=\"https:\/\/nova.otroci.org\/index.php\/2024\/01\/26\/korejscina-za-zacetnike-ko\" \/> <area alt=\"\" coords=\"111,644,250,671\" shape=\"rect\" href=\"https:\/\/nova.otroci.org\/index.php\/2024\/01\/26\/litvanscina-za-zacetnike-lt\" \/> <area alt=\"\" coords=\"111,674,250,701\" shape=\"rect\" href=\"https:\/\/nova.otroci.org\/index.php\/2024\/01\/26\/latvijscina-za-zacetnike-lv\" \/> <area alt=\"\" coords=\"111,704,250,731\" shape=\"rect\" href=\"https:\/\/nova.otroci.org\/index.php\/2024\/01\/26\/makedonscina-za-zacetnike-mk\" \/> <area alt=\"\" coords=\"383,734,522,761\" shape=\"rect\" href=\"https:\/\/nova.otroci.org\/index.php\/2024\/01\/26\/tigrejscina-za-zacetnike-ti\" \/> <area alt=\"\" coords=\"383,704,522,731\" shape=\"rect\" href=\"https:\/\/nova.otroci.org\/index.php\/2024\/01\/26\/tajscina-za-zacetnike-th\" \/> <area alt=\"\" coords=\"383,673,522,700\" shape=\"rect\" href=\"https:\/\/nova.otroci.org\/index.php\/2024\/01\/26\/telugu-za-zacetnike-te\" \/> <area alt=\"\" coords=\"384,642,523,669\" shape=\"rect\" href=\"https:\/\/nova.otroci.org\/index.php\/2024\/01\/26\/tamil-za-zacetnike-ta\" \/><\/map>\n<\/div>\n<\/div>\n","protected":false},"excerpt":{"rendered":"<p>U\u010denje tujih jezikov za za\u010detnike je lahko izziv, vendar obstaja nekaj nasvetov, ki lahko pomagajo pri uspe\u0161nem za\u010detku: Tukaj je<\/p>\n","protected":false},"author":1,"featured_media":0,"parent":0,"menu_order":0,"comment_status":"closed","ping_status":"closed","template":"","meta":{"om_disable_all_campaigns":false,"_monsterinsights_skip_tracking":false,"_monsterinsights_sitenote_active":false,"_monsterinsights_sitenote_note":"","_monsterinsights_sitenote_category":0,"ngg_post_thumbnail":0,"footnotes":""},"class_list":["post-8744","page","type-page","status-publish","hentry"],"aioseo_notices":[],"_links":{"self":[{"href":"https:\/\/nova.otroci.org\/index.php\/wp-json\/wp\/v2\/pages\/8744","targetHints":{"allow":["GET"]}}],"collection":[{"href":"https:\/\/nova.otroci.org\/index.php\/wp-json\/wp\/v2\/pages"}],"about":[{"href":"https:\/\/nova.otroci.org\/index.php\/wp-json\/wp\/v2\/types\/page"}],"author":[{"embeddable":true,"href":"https:\/\/nova.otroci.org\/index.php\/wp-json\/wp\/v2\/users\/1"}],"replies":[{"embeddable":true,"href":"https:\/\/nova.otroci.org\/index.php\/wp-json\/wp\/v2\/comments?post=8744"}],"version-history":[{"count":0,"href":"https:\/\/nova.otroci.org\/index.php\/wp-json\/wp\/v2\/pages\/8744\/revisions"}],"wp:attachment":[{"href":"https:\/\/nova.otroci.org\/index.php\/wp-json\/wp\/v2\/media?parent=8744"}],"curies":[{"name":"wp","href":"https:\/\/api.w.org\/{rel}","templated":true}]}}