{"id":6940,"date":"2024-01-18T07:49:15","date_gmt":"2024-01-18T06:49:15","guid":{"rendered":"https:\/\/nova.otroci.org\/?page_id=6940"},"modified":"2024-01-18T07:58:05","modified_gmt":"2024-01-18T06:58:05","slug":"oglasevanje","status":"publish","type":"page","link":"https:\/\/nova.otroci.org\/index.php\/oglasevanje\/","title":{"rendered":"Ogla\u0161evanje"},"content":{"rendered":"\n<p>Dobrodo\u0161li na otroci.org, izjemni spletni platformi, ki \u017ee ve\u010d kot 20 let predstavlja nepogre\u0161ljiv vir za izobra\u017eevanje in pre\u017eivljanje prostega \u010dasa osnovno\u0161olskih otrok v Sloveniji. Postala je ena najprepoznavnej\u0161ih strani na slovenskem delu interneta. Na\u0161a spletna stran je ustvarjena z namenom podpore otrokom od 5 do 15 let ter njihovim star\u0161em, babicam in dedkom od 25 do 80 let.<\/p>\n\n\n\n<p>Otroci.org ponuja obse\u017een izbor BREZPLA\u010cNE pou\u010dne in zabavne vsebine, vklju\u010dno z u\u010dnimi listi, ki pomagajo otrokom razvijati svoje potenciale in u\u017eivati v u\u010denju na igriv na\u010din. Star\u0161em, babicam in dedkom pa omogo\u010da enostaven dostop do kakovostnih vsebin, ki podpirajo otrokovo izobra\u017eevanje in razvoj.<\/p>\n\n\n\n<h2 class=\"wp-block-heading\">Prenesite si cenik ogla\u0161evanja<\/h2>\n\n\n\n<div class=\"wp-block-columns is-layout-flex wp-container-core-columns-is-layout-9d6595d7 wp-block-columns-is-layout-flex\">\n<div class=\"wp-block-column is-layout-flow wp-block-column-is-layout-flow\" style=\"flex-basis:33.33%\"><div class=\"wp-block-image\">\n<figure class=\"aligncenter size-full\"><a href=\"https:\/\/www.otroci.org\/oglasevanje\/oglasevanje.pdf\"><img loading=\"lazy\" decoding=\"async\" width=\"102\" height=\"129\" src=\"https:\/\/nova.otroci.org\/wp-content\/uploads\/2023\/11\/pdf_102x129.jpg\" alt=\"\" class=\"wp-image-4436\"\/><\/a><\/figure><\/div><\/div>\n\n\n\n<div class=\"wp-block-column is-layout-flow wp-block-column-is-layout-flow\" style=\"flex-basis:66.66%\"><\/div>\n<\/div>\n\n\n\n<h2 class=\"wp-block-heading\">Kontaktirajte nas<\/h2>\n\n\n\n<p>\u010ce imate kakr\u0161na koli vpra\u0161anja, komentarje ali potrebujete dodatne informacije, vas prosimo, da nas kontaktirate na e-po\u0161tni naslov <a href=\"mailto:marketing@otroci.org\" title=\"\">marketing@otroci.org<\/a> ali izpolnite spodaj navedeni kontaktni obrazec. Veselimo se va\u0161ega sporo\u010dila in se bomo potrudili, da vam odgovorimo \u010dim prej. Va\u0161e povratne informacije so nam zelo pomembne.<\/p>\n\n\n<div class=\"wpforms-container wpforms-container-full wpforms-block wpforms-block-acc6e419-bf58-45b9-a72d-431ad504c8bf wpforms-render-modern\" id=\"wpforms-828\"><form id=\"wpforms-form-828\" class=\"wpforms-validate wpforms-form wpforms-ajax-form\" data-formid=\"828\" method=\"post\" enctype=\"multipart\/form-data\" action=\"\/index.php\/wp-json\/wp\/v2\/pages\/6940\" data-token=\"bc4c7a4e9c3763ec16c9ce238ab13e6b\" data-token-time=\"1777804691\"><noscript class=\"wpforms-error-noscript\">Please enable JavaScript in your browser to complete this form.<\/noscript><div class=\"wpforms-hidden\" id=\"wpforms-error-noscript\">Please enable JavaScript in your browser to complete this form.<\/div><div class=\"wpforms-field-container\"><div id=\"wpforms-828-field_0-container\" class=\"wpforms-field wpforms-field-name\" data-field-id=\"0\"><label class=\"wpforms-field-label\" for=\"wpforms-828-field_0\">Ime in Priimek <span class=\"wpforms-required-label\" aria-hidden=\"true\">*<\/span><\/label><input type=\"text\" id=\"wpforms-828-field_0\" class=\"wpforms-field-medium wpforms-field-required\" name=\"wpforms[fields][0]\" aria-errormessage=\"wpforms-828-field_0-error\" required><\/div><div id=\"wpforms-828-field_1-container\" class=\"wpforms-field wpforms-field-email\" data-field-id=\"1\"><label class=\"wpforms-field-label\" for=\"wpforms-828-field_1\">Email <span class=\"wpforms-required-label\" aria-hidden=\"true\">*<\/span><\/label><input type=\"email\" id=\"wpforms-828-field_1\" class=\"wpforms-field-medium wpforms-field-required\" name=\"wpforms[fields][1]\" spellcheck=\"false\" aria-errormessage=\"wpforms-828-field_1-error\" required><\/div><div id=\"wpforms-828-field_2-container\" class=\"wpforms-field wpforms-field-textarea\" data-field-id=\"2\"><label class=\"wpforms-field-label\" for=\"wpforms-828-field_2\">Sporo\u010dilo <span class=\"wpforms-required-label\" aria-hidden=\"true\">*<\/span><\/label><textarea id=\"wpforms-828-field_2\" class=\"wpforms-field-medium wpforms-field-required\" name=\"wpforms[fields][2]\" aria-errormessage=\"wpforms-828-field_2-error\" required><\/textarea><\/div><\/div><!-- .wpforms-field-container --><div class=\"wpforms-submit-container\" ><input type=\"hidden\" name=\"wpforms[id]\" value=\"828\"><input type=\"hidden\" name=\"page_title\" value=\"\"><input type=\"hidden\" name=\"page_url\" value=\"https:\/\/nova.otroci.org\/index.php\/wp-json\/wp\/v2\/pages\/6940\"><input type=\"hidden\" name=\"url_referer\" value=\"\"><button type=\"submit\" name=\"wpforms[submit]\" id=\"wpforms-submit-828\" class=\"wpforms-submit\" data-alt-text=\"Po\u0161iljam ...\" data-submit-text=\"Po\u0161lji\" aria-live=\"assertive\" value=\"wpforms-submit\">Po\u0161lji<\/button><img loading=\"lazy\" decoding=\"async\" src=\"https:\/\/nova.otroci.org\/wp-content\/plugins\/wpforms-lite\/assets\/images\/submit-spin.svg\" class=\"wpforms-submit-spinner\" style=\"display: none;\" width=\"26\" height=\"26\" alt=\"Loading\"><\/div><\/form><\/div>  <!-- .wpforms-container -->","protected":false},"excerpt":{"rendered":"<p>Dobrodo\u0161li na otroci.org, izjemni spletni platformi, ki \u017ee ve\u010d kot 20 let predstavlja nepogre\u0161ljiv vir za izobra\u017eevanje in pre\u017eivljanje prostega<\/p>\n","protected":false},"author":1,"featured_media":0,"parent":0,"menu_order":0,"comment_status":"closed","ping_status":"closed","template":"","meta":{"om_disable_all_campaigns":false,"_monsterinsights_skip_tracking":false,"_monsterinsights_sitenote_active":false,"_monsterinsights_sitenote_note":"","_monsterinsights_sitenote_category":0,"ngg_post_thumbnail":0,"footnotes":""},"class_list":["post-6940","page","type-page","status-publish","hentry"],"aioseo_notices":[],"_links":{"self":[{"href":"https:\/\/nova.otroci.org\/index.php\/wp-json\/wp\/v2\/pages\/6940","targetHints":{"allow":["GET"]}}],"collection":[{"href":"https:\/\/nova.otroci.org\/index.php\/wp-json\/wp\/v2\/pages"}],"about":[{"href":"https:\/\/nova.otroci.org\/index.php\/wp-json\/wp\/v2\/types\/page"}],"author":[{"embeddable":true,"href":"https:\/\/nova.otroci.org\/index.php\/wp-json\/wp\/v2\/users\/1"}],"replies":[{"embeddable":true,"href":"https:\/\/nova.otroci.org\/index.php\/wp-json\/wp\/v2\/comments?post=6940"}],"version-history":[{"count":0,"href":"https:\/\/nova.otroci.org\/index.php\/wp-json\/wp\/v2\/pages\/6940\/revisions"}],"wp:attachment":[{"href":"https:\/\/nova.otroci.org\/index.php\/wp-json\/wp\/v2\/media?parent=6940"}],"curies":[{"name":"wp","href":"https:\/\/api.w.org\/{rel}","templated":true}]}}