{"id":5348,"date":"2023-11-24T06:31:51","date_gmt":"2023-11-24T05:31:51","guid":{"rendered":"https:\/\/nova.otroci.org\/?page_id=5348"},"modified":"2023-11-24T06:31:52","modified_gmt":"2023-11-24T05:31:52","slug":"pogoji-uporabe","status":"publish","type":"page","link":"https:\/\/nova.otroci.org\/index.php\/pogoji-uporabe\/","title":{"rendered":"Pogoji uporabe"},"content":{"rendered":"\n<p><strong>GDPR ! <\/strong>V skladu z novo Evropsko GDPR uredbo o varovanju osebnih podatkov, je potrebno za zbiranje osebnih podatkov privolitev posameznika.<\/p>\n\n\n\n<p>Privolitev mora biti dana z jasnim pritrdilnim dejanjem, ki pomeni, da je posameznik prostovoljno, specifi\u010dno,&nbsp;ozave\u0161\u010deno in nedvoumno izrazil soglasje k obdelavi osebnih podatkov.<\/p>\n\n\n\n<p><strong>GDPR Ugotovitveni dokument :<\/strong><\/p>\n\n\n\n<ol class=\"wp-block-list\">\n<li>Katere osebne podatke posameznika zbira na\u0161e podjetje&nbsp;ARcom, Alojz Rakovec s.p.?<\/li>\n<\/ol>\n\n\n\n<p>&#8211;&nbsp;Na spletni strani otroci.org in njenih podstraneh se zbirajo osebni podatki samo za naro\u010dnike, ki so&nbsp;naro\u010deni na&nbsp;obve\u0161\u010danje preko elektronske po\u0161te.<\/p>\n\n\n\n<p>&nbsp;&nbsp;Za potrebe obve\u0161\u010danja preko elekotronske po\u0161te obdelujemo samo slede\u010de osebne podatke : &#8211; E mail naslov &#8211; IP \u0161tevilko s katere je bilo soglasje potrjeno &#8211; Datum potrditve<\/p>\n\n\n\n<ul class=\"wp-block-list\">\n<li>V spletni trgovini trgovina.otroci.org se zbirajo samo osebni podatki z namenom za omogo\u010danje izvedbe in zaklju\u010dek naro\u010dila, nakupa v spletni trgovini ter dostavo naro\u010denih izdelkov na lokacijo uporabnika \u2013 kupca. Re\u0161evanje morebitnih te\u017eav pri samem naro\u010dilu in dostavi izdelkov.<\/li>\n<\/ul>\n\n\n\n<p>2. Kako pridobimo va\u0161e osebne podatke in kak\u0161en je namen ter pravna podlaga za zbiranje teh podatkov.<\/p>\n\n\n\n<p>Podatke pridobimo z Va\u0161im vpisom naro\u010dila v spletni trgovini &#8211; trgovina.otroci.org. Namen zbiranja je omogo\u010danje izvedbe in zaklju\u010dek naro\u010dila, nakupa v spletni trgovini ter dostavo naro\u010denih izdelkov na lokacijo uporabnika \u2013 kupca. Re\u0161evanje morebitnih te\u017eav pri samem naro\u010dilu in dostavi izdelkov. Pravna podlaga je pogodba na daljavo, ki jo sklenemo s tem, da oddate naro\u010dilo v na\u0161i spletni trgovini. Z naro\u010dilom se strinjate tudi s<a href=\"https:\/\/www.otroci.org\/novice\/ostalo\/pogoji-uporabe\" target=\"_blank\" rel=\"noreferrer noopener\"> splo\u0161nimi pogoji<\/a>.<\/p>\n\n\n\n<p>3. Kak\u0161no je tveganje za izgubo podatkov, kako podatke varujemo.<\/p>\n\n\n\n<p>Za varovanje podatkov uporabljamo ustrezne tehni\u010dne in organizacijske postopke, ki jih dolo\u010da Pravilnik o varstvu osebnih podatkov skladno z Zakonom o varstvu osebnih podatkov. Vsi osebni podatki so shranjeni na spletnem stre\u017eniku Domovanje.com (podjetje DHH.si d.o.o.), v podatkovni bazi in so varovani v skladu z zakonom ter varnostno politiko podjetja pri katerem spletni stre\u017enik gostuje. Podatki so namenjeni izklju\u010dno za uporabo v spletni trgovini in ne bodo posredovani ali prodani tretji osebi.<\/p>\n\n\n\n<p>Vsak posameznik mora biti pripravljen prebrati splo\u0161ne pogoje, v katerih mora biti izra\u017een namen, za kaj se bodo ti podatki uporabljali.<\/p>\n\n\n\n<p>Zaradi splo\u0161ne evropske uredbe GDPR smo bili primorani, da spletno stran otroci.org, ki vam omogo\u010da brezpla\u010dno uporabo u\u010dnih listov delno blokiramo, dokler prostovoljno, specifi\u010dno, ozave\u0161\u010deno in nedvoumno ne izrazite , kot posameznik in daste soglasje&nbsp;k uporabi pi\u0161kotkov.&nbsp;<\/p>\n\n\n\n<p>S tem, da se vam na va\u0161em ra\u010dunalniku prikazujejo oglasi, Youtub vsebine, itd \u2026 s katerimi se tudi delno financiramo se morate strinjati. Zaradi splo\u0161ne evropske uredbe GDPR, so vsi pi\u0161kotki blokirani, dokler ne daste va\u0161ega soglasja. V nasprotnem primeru prenos u\u010dnih listov iz spletne strani otroci.org ne bo mogo\u010d.<\/p>\n\n\n\n<p><strong>SPLO\u0160NI POGOJI UPORABE SPLETNEGA MESTA OTROCI.ORG<\/strong><\/p>\n\n\n\n<p>Splo\u0161ni pogoji na strani so redno a\u017eurirani in v vsakem trenutku v svoji najnovej\u0161i in veljavni razli\u010dici v celotnem besedilu dostopni vsakomur brez te\u017eav na spletnem mestu Otroci.org . \u0160teje se, da ste z vsakim ogledom ali s transakcijo na na\u0161ih spletnih straneh seznanjeni s celotno vsebino splo\u0161nih pogojev in ste v ponujene splo\u0161ne pogoje privolili brez omejitev. Tudi v prihodnje ste, do preklica ali spremembe veljavnih splo\u0161nih pogojev, ob vsakem ogledu ali pri vsaki transakciji, opravljeni na na\u0161i strani, zavezani k navedenim splo\u0161nim pogojem. V primeru, da se s temi splo\u0161nimi pogoji ali delom teh splo\u0161nih pogojev ne strinjate, vas pozivamo, da nemudoma prenehate z dostopanjem do spletnega mesta Otroci.org .<\/p>\n\n\n\n<p><strong>SPLO\u0160NI POGOJI <\/strong>uporabe spletnega mesta Otroci.org&nbsp; (v nadaljevanju Splo\u0161ni pogoji) predstavljajo pravno veljaven in zavezujo\u010d sporazum med ponudnikom ter uporabniki spletnega mesta Otroci.org .<\/p>\n\n\n\n<p><strong>SPLETNO MESTO OTROCI.ORG <\/strong>(v nadaljevanju Otroci.org ) je spletno mesto, ki v okviru domenskega prostora https:\/\/www.otroci.org ponuja uporabnikom dolo\u010dene storitve in vsebine.<\/p>\n\n\n\n<p><strong>PONUDNIK STORITEV in VSEBIN <\/strong>(v nadaljevanju ponudnik) spletnega mesta Otroci.org , lastnik vsebin ter lastnik in skrbnik programskih aplikacij ter z njo povezanih storitvenih dejavnosti je dru\u017eba ARcom, Alojz Rakovec s.p., Sp. Duplje 93, 4203 Duplje, razen \u010de ni navedeno druga\u010de.<\/p>\n\n\n\n<p><strong>UPORABNIK <\/strong>storitve je vsaka oseba, ki na kakr\u0161enkoli na\u010din uporablja storitve spletnega mesta Otroci.org (v nadaljevanju uporabnik).<\/p>\n\n\n\n<p>Storitve in vso vsebino spletnega mesta uporabljajo uporabniki na lastno odgovornost.<\/p>\n\n\n\n<p>Uporabnik se strinja, da lahko vsebine in gradiva vsebujejo povezave na razli\u010dne zunanje strani, kot so na primer druga internetna spleti\u0161\u010da, posamezne strani ali drugi viri. Uporabnik sogla\u0161a, da ponudnik ni odgovoren za dostopnost, vsebino ali napake zunanjih povezav.<\/p>\n\n\n\n<p>Uporabnik se strinja, da ponudnika, njegove lastnike, zaposlene, pogodbene sodelavce in druge poobla\u0161\u010dence odvezuje kakr\u0161nekoli odgovornosti za izgubo podatkov ali kakr\u0161nekoli druge te\u017eave ali nev\u0161e\u010dnosti, ki jih utrpi zaradi lastne zlorabe storitev spletnega mesta ali zlorabe drugih uporabnikov. Ponudnik prav tako ni odgovoren za kakr\u0161nokoli prekinitev delovanja storitve, ne glede na razlog.<\/p>\n\n\n\n<p>Vso avtorsko vsebino, in u\u010dne liste primerne za otroke od 1. do 9. razreda O.\u0160, delovne liste za najmlaj\u0161e, matemati\u010dne naloge, matemati\u010dne delovne liste, vabila, vizitke, \u010destitke in barvanke za otroke z imeni so izdelali sodelavci strani za otroke. Ves ta material, je v lasti strani za otroke www.otroci.org. Avtorstvo tega materiala je za\u0161\u010diteno z zakonom o avtorskih pravicah.<\/p>\n\n\n\n<p>U\u010dni listi so namenjeni samo kot pomo\u010d pri utrjevanju \u017ee osvojenega znanja in ne nadome\u0161\u010dajo klasi\u010dnega u\u010denja v osnovni \u0161oli in se lahko vsebinsko razlikujejo od vsebine, ki se podaja na dolo\u010deni \u0161oli. Za eventuelne slabe ocene uporabnikov in napake pri izdelavi u\u010dnih listov ne odgovarjamo. Uporaba na lastno odgovornost. Uporaba avtorskih u\u010dnih listov v komercialne namene brez dovoljenja avtorja oz. nosilca avtorske pravice je prepovedana.<\/p>\n\n\n\n<p>V vseh primerih kr\u0161itev dolo\u010db teh pogojev, si ponudnik pridr\u017euje pravico, da spro\u017ei postopke v lastnem imenu oz. se kot sospornik pridru\u017ei tistim uporabnikom , ki so bili na kakr\u0161enkoli na\u010din o\u0161kodovani.<\/p>\n\n\n\n<p>Ponudniku, njegovim lastnikom, zaposlenim, pogodbenim sodelavcem ali poobla\u0161\u010dencem so uporabniki za povzro\u010deno materialno in nematerialno \u0161kodo odgovorni po splo\u0161nih pravilih obligacijskega prava.<\/p>\n\n\n\n<p>Ponudnik si pridr\u017euje pravico, da v skladu z dolo\u010dili teh splo\u0161nih pogojev po lastni presoji kadarkoli z ali brez obvestila zaradi kakr\u0161nihkoli kr\u0161itev dolo\u010db tega sorazuma prekine ali omeji uporabniku dostop do dolo\u010denih storitev ali storitev okviru Otroci.org v celoti.<\/p>\n\n\n\n<p>V primeru suma kaznivega dejanja si ponudnik pridr\u017euje pravico, da o tem obvesti tudi dr\u017eavne organe.<\/p>\n\n\n\n<p>Ponudnik uporabnikom ne jam\u010di, da bo uporaba storitev spletnega mesta Otroci.org popolnoma varna, neprekinjena, vedno na razpolago, niti, da bo vsebina opravi\u010dila njihova pri\u010dakovanja do spletnega mesta. Ponudnik prav tako ni odgovoren za telefonske in mre\u017ene povezave ter storitve, vklju\u010dno s pokritjem obmo\u010dja ali prekinitvijo zveze. Ponudnik ni odgovoren za kakr\u0161nokoli \u0161kodo, vklju\u010dno s \u0161kodo zaradi izgubljenih podatkov, izgubo programov, napa\u010dne uporabe in razumevanja vsebine spletnega mesta, slabih ocen, tiskarskih napak, stro\u0161ki povezav, stro\u0161ki preskrbe nadomestnih storitev ali prekinitev storitev, ki izhajajo iz uporabe spletnega mesta Otroci.org , \u010detudi je ponudnik seznanjen z mo\u017enostjo tovrstne \u0161kode.<\/p>\n\n\n\n<p>V primeru uporabe, ki ka\u017ee znake kaznivega ravnanja, si ponudnik pridr\u017euje pravico, da poleg zgoraj navedenih sankcij obvesti ustrezne dr\u017eavne organe.<\/p>\n\n\n\n<p>Obveznost ponudnika za \u0161kodne primere v zvezi s storitvami spletnega mesta Otroci.org , ki niso zajeti s tem sporazumom, je omejena na znesek, ki ga je uporabnik ali \u010dlan vpla\u010dal za storitve Otroci.org&nbsp; v zadnjih 6 mesecih pred nastankom spora.<\/p>\n\n\n\n<p><strong>O PI\u0160KOTKIH<\/strong><\/p>\n\n\n\n<p>Pi\u0161kotki niso ni\u010d novega, vsi obiskovalci spletnih strani imamo na svojih ra\u010dunalnikih, tablicah, mobitelih shranjenih \u017ee veliko pi\u0161kotkov z razli\u010dnih spletnih strani. Novo je zgolj to, da z novo zakonodajo (ZEKom-1) prihaja do sprememb glede obve\u0161\u010danja oz. sogla\u0161anja obiskovalcev z njihovo uporabo.<\/p>\n\n\n\n<p>Kaj so pi\u0161kotki<\/p>\n\n\n\n<p>So male besedilne datoteke, ki jih ve\u010dina spletnih mest shrani v naprave, s katerimi uporabniki dostopajo do interneta z namenom prepoznavanja posameznih naprav, ki so jih uporabniki uporabili pri dostopu. Njihovo shranjevanje je pod popolnim nadzorom brskalnika, ki ga ima uporabnik &#8211; ta lahko shranjevanje pi\u0161kotkov po \u017eelji omeji ali onemogo\u010di.<\/p>\n\n\n\n<p>Zakaj so pi\u0161kotki potrebni?<\/p>\n\n\n\n<p>So temeljnega pomena za zagotavljanje uporabniku prijaznih spletnih storitev. Interakcija med spletnim uporabnikom in spletnim mestom je s pomo\u010djo pi\u0161kotkov hitrej\u0161a in enostavnej\u0161a. Z njihovo pomo\u010djo si spletno mesto zapomni posameznikove preference in izku\u0161nje, s tem je prihranjen \u010das, brskanje po spletnih mestih pa bolj u\u010dinkovito in prijazno. Nekaj konkretnih primerov uporabe pi\u0161kotkov:<\/p>\n\n\n\n<p>\u2022za bolj\u0161o uporabni\u0161ko izku\u0161njo spletne strani obiskovalcem prilagodimo prikaz vsebine glede na pretekle obiske<br>\u2022za shranjevanje izbire pri ustvarjanju o\u017ejega izbora naprav in ponudbe ter njihove primerjave<br>\u2022na delih spletnih mestih, kjer je potrebna prijava, vas ohranimo prijavljene<br>\u2022za prepoznavanje va\u0161e naprave (ra\u010dunalnik, tablica, mobitel), ki omogo\u010da prilagajanje prikaza vsebine va\u0161i napravi<br>\u2022za spremljanje obiska, kar omogo\u010da preverjanje u\u010dinkovitosti prikaza vsebin in ustreznosti oglasov ter stalno izbolj\u0161avo spletnih strani<br>\u2022za delovanje dolo\u010denih storitev so nujni (npr. spletne banke, spletne trgovine in druge oblike e-poslovanja, \u2026)<\/p>\n\n\n\n<p>Onemogo\u010denje pi\u0161kotkov<\/p>\n\n\n\n<p>Vi odlo\u010dite, ali boste dovolili shranjevanje pi\u0161kotkov na va\u0161i napravi. Nastavitve za pi\u0161kotke lahko nadzirate in spreminjate v va\u0161em spletnem brskalniku.<\/p>\n\n\n\n<p>Za informacije o nastavitvah za pi\u0161kotke izberite spletni brskalnik, ki ga uporabljate.<\/p>\n\n\n\n<ul class=\"wp-block-list\">\n<li><strong><a href=\"https:\/\/support.google.com\/chrome\/answer\/95647?hl=sl-sl&amp;p=cpn_cookies\" target=\"_blank\" rel=\"noreferrer noopener\">Chrome<\/a><\/strong><\/li>\n\n\n\n<li><a href=\"http:\/\/support.mozilla.org\/sl\/kb\/Kako%20aktivirate%20in%20deaktivirate%20pi%C5%A1kote\" target=\"_blank\" rel=\"noreferrer noopener\"><strong>Firefox<\/strong><\/a><\/li>\n\n\n\n<li><a href=\"http:\/\/windows.microsoft.com\/sl-si\/windows7\/how-to-manage-cookies-in-internet-explorer-9\" target=\"_blank\" rel=\"noreferrer noopener\"><strong>Internet Explorer 9<\/strong><\/a><\/li>\n\n\n\n<li><a href=\"http:\/\/windows.microsoft.com\/sl-si\/windows-vista\/block-or-allow-cookies\" target=\"_blank\" rel=\"noreferrer noopener\"><strong>Internet Explorer 7 ali 8<\/strong><\/a><\/li>\n\n\n\n<li><strong><a href=\"http:\/\/www.opera.com\/help\/tutorials\/security\/cookies\/\" target=\"_blank\" rel=\"noreferrer noopener\">Opera<\/a> <\/strong>(stran v angle\u0161kem jeziku)<\/li>\n\n\n\n<li><a href=\"http:\/\/support.apple.com\/kb\/PH11913\" target=\"_blank\" rel=\"noreferrer noopener\"><strong>Safari <\/strong><\/a>(stran v angle\u0161kem jeziku)<\/li>\n<\/ul>\n\n\n\n<p>\u010ce pi\u0161kotke izklju\u010dite, so lahko nekatere mo\u017enosti spletne strani onemogo\u010dene.<\/p>\n\n\n\n<p><strong>Katere pi\u0161kotke uporablja spletna stran www.otroci.org ?<\/strong> (lastni pi\u0161kotki)<\/p>\n\n\n\n<figure class=\"wp-block-table\"><table><tbody><tr><td>Ime pi\u0161kotka<\/td><td>Namen<\/td><td>\u010cas pi\u0161kotka<\/td><td>Podjetje<\/td><\/tr><tr><td>PHPSESSID cc_necessary cc_analitics cc_advertising OAID<\/td><td>Namenjen delovanju spletnega mesta Odlo\u010ditev uporabnika o uporabi pi\u0161kotkov Odlo\u010ditev uporabnika o uporabi pi\u0161kotkov Odlo\u010ditev uporabnika o uporabi pi\u0161kotkov Statistika ogledov spletne strani<\/td><td>Do konca seje 1 leto 1 leto 1 leto 1 leto<\/td><td>otroci.org otroci.org otroci.org otroci.org otroci.org<\/td><\/tr><\/tbody><\/table><\/figure>\n\n\n\n<p><strong>Pi\u0161kotki najpogostej\u0161ih zunanjih spletnih strani \/servisov<\/strong> (pi\u0161kotki tretjih)<\/p>\n\n\n\n<figure class=\"wp-block-table\"><table><tbody><tr><td>Ime pi\u0161kotka<\/td><td>Namen<\/td><td>\u010cas pi\u0161kotka<\/td><td>Podjetje<\/td><\/tr><tr><td>_utma _utmb _utmc _utmv _utmz<\/td><td>Statistika ogledov spletne strani Statistika ogledov spletne strani Statistika ogledov spletne strani Statistika ogledov spletne strani Statistika ogledov spletne strani<\/td><td>2 leti 30 minut Do zaprtja brsk. Do konca seje 6 mesecev<\/td><td>Google Analytic Google Analytic Google Analytic Google Analytic Google Analytic<\/td><\/tr><tr><td>_utma _utmb _utmc _utmz<\/td><td>Statistika ogledov spletne strani Statistika ogledov spletne strani Statistika ogledov spletne strani Statistika ogledov spletne strani<\/td><td>2 leti 30 minut Do konca seje 6 mesecev<\/td><td>Vimeo.com Vimeo.com Vimeo.com Vimeo.com<\/td><\/tr><tr><td>ISITOR_INFO1 YSC<\/td><td>Statistika ogledov spletne strani Statistika ogledov spletne strani<\/td><td>240 dni Do konca seje<\/td><td>youtube.com youtube.com<\/td><\/tr><tr><td>&nbsp;_drt_ id<\/td><td>Statistika ogledov oglasov Prikaz oglasov \/ bannerjev<\/td><td>\u010casovno neom. Do zaprtja brsk.<\/td><td>doubleclick.net doubleclick.net<\/td><\/tr><tr><td>CT<\/td><td>Statistika ogledov oglasov<\/td><td>Obstojn<\/td><td>Iprom<\/td><\/tr><tr><td>_iAdT<\/td><td>Statistika ogledov oglasov<\/td><td>Trenutna seja<\/td><td>Iprom<\/td><\/tr><tr><td>PREF<\/td><td>Interaktivnost Google zemljevida<\/td><td>2 leti<\/td><td>Google maps<\/td><\/tr><tr><td>IEMSESSIONID IEM_CookieLogin IEM_LoginPreference<\/td><td>Statistika prijave na novice Statistika prijave na novice Statistika prijave na novice<\/td><td>Zaklju\u010dek seje Eno leto Eno leto<\/td><td>elektronskaposta.si elektronskaposta.si elektronskaposta.si<\/td><\/tr><\/tbody><\/table><\/figure>\n\n\n\n<p>Na na\u0161ih straneh so tudi vdelani (angl. embed) video posnetki iz teh strani.&nbsp;Video posnetki se po navadi vdelujejo s pomo\u010djo tehnologije iframe, kar pomeni, da uporabniku s tehni\u010dnega vidika serviramo vsebine tretjih strani. V tem primeru je verjetno, da vam bodo te strani namestile svoje pi\u0161kotke, kar je izven na\u0161ih pristojnosti in nad katerimi nadzora nimamo.<\/p>\n\n\n\n<ul class=\"wp-block-list\">\n<li><a href=\"http:\/\/www.google.com\/policies\/technologies\/cookies\/\"><strong>Ve\u010d o YouTube pi\u0161kotkih<\/strong><\/a><\/li>\n\n\n\n<li><a href=\"http:\/\/vimeo.com\/privacy\"><strong>Ve\u010d o Vimeo pi\u0161kotkih<\/strong><\/a><\/li>\n<\/ul>\n\n\n\n<p>Pi\u0161kotke Google Analytics, Iprom in DoubleClick je mogo\u010de onemogo\u010diti tudi s pomo\u010djo navodil, ki so na voljo preko spodnjih povezav :<\/p>\n\n\n\n<ul class=\"wp-block-list\">\n<li><strong><a href=\"http:\/\/tools.google.com\/dlpage\/gaoptout?hl=en\" target=\"_blank\" rel=\"noreferrer noopener\">Google Analytics<\/a><\/strong><\/li>\n\n\n\n<li><strong><a href=\"http:\/\/adserver.iprom.net\/optout\/\" target=\"_blank\" rel=\"noreferrer noopener\">Iprom<\/a><\/strong><\/li>\n\n\n\n<li><a href=\"http:\/\/www.google.com\/policies\/technologies\/ads\/\"><strong>Double Click<\/strong><\/a><\/li>\n<\/ul>\n\n\n\n<p>Za vpra\u0161anja, pripombe in prito\u017ebe, ki se nana\u0161ajo na storitve spletnega mesta Otroci.org, se najprej obrnite na e-po\u0161tni naslov info@otroci.org<\/p>\n\n\n\n<p>Na spletni strani otroci.org se zbirajo osebni podatki samo za naro\u010dnike, ki so naro\u010deni na obve\u0161\u010danje preko elektronske po\u0161te.&nbsp;&nbsp;Za potrebe obve\u0161\u010danja preko elekotronske po\u0161te obdeljemo samo slede\u010de osebne podatke :<\/p>\n\n\n\n<ul class=\"wp-block-list\">\n<li>E mail naslov- IP \u0161tevilko s katere je bilo soglasje potrjeno- Datum potrditve<\/li>\n<\/ul>\n","protected":false},"excerpt":{"rendered":"<p>GDPR ! V skladu z novo Evropsko GDPR uredbo o varovanju osebnih podatkov, je potrebno za zbiranje osebnih podatkov privolitev<\/p>\n","protected":false},"author":1,"featured_media":0,"parent":0,"menu_order":0,"comment_status":"closed","ping_status":"closed","template":"","meta":{"om_disable_all_campaigns":false,"_monsterinsights_skip_tracking":false,"_monsterinsights_sitenote_active":false,"_monsterinsights_sitenote_note":"","_monsterinsights_sitenote_category":0,"ngg_post_thumbnail":0,"footnotes":""},"class_list":["post-5348","page","type-page","status-publish","hentry"],"aioseo_notices":[],"_links":{"self":[{"href":"https:\/\/nova.otroci.org\/index.php\/wp-json\/wp\/v2\/pages\/5348","targetHints":{"allow":["GET"]}}],"collection":[{"href":"https:\/\/nova.otroci.org\/index.php\/wp-json\/wp\/v2\/pages"}],"about":[{"href":"https:\/\/nova.otroci.org\/index.php\/wp-json\/wp\/v2\/types\/page"}],"author":[{"embeddable":true,"href":"https:\/\/nova.otroci.org\/index.php\/wp-json\/wp\/v2\/users\/1"}],"replies":[{"embeddable":true,"href":"https:\/\/nova.otroci.org\/index.php\/wp-json\/wp\/v2\/comments?post=5348"}],"version-history":[{"count":0,"href":"https:\/\/nova.otroci.org\/index.php\/wp-json\/wp\/v2\/pages\/5348\/revisions"}],"wp:attachment":[{"href":"https:\/\/nova.otroci.org\/index.php\/wp-json\/wp\/v2\/media?parent=5348"}],"curies":[{"name":"wp","href":"https:\/\/api.w.org\/{rel}","templated":true}]}}