{"id":4766,"date":"2023-11-13T10:25:03","date_gmt":"2023-11-13T09:25:03","guid":{"rendered":"https:\/\/nova.otroci.org\/?page_id=4766"},"modified":"2024-01-17T13:13:52","modified_gmt":"2024-01-17T12:13:52","slug":"matematika","status":"publish","type":"page","link":"https:\/\/nova.otroci.org\/index.php\/matematika\/","title":{"rendered":"Matematika"},"content":{"rendered":"\n<p><em>Pou\u010devanje matematike v osnovni \u0161oli se osredoto\u010da na razvoj temeljnih matemati\u010dnih spretnosti, kot so osnovne ra\u010dunske operacije, razumevanje \u0161tevil in re\u0161evanje problemov. Matematika v osnovni \u0161oli vklju\u010duje postopno uvajanje abstraktnih konceptov, kot so geometrija, algebrske izra\u010dune in statistika, ki gradijo na osnovah, nau\u010denih v prej\u0161njih razredih. U\u010dni program matematike spodbuja kriti\u010dno razmi\u0161ljanje, logi\u010dno sklepanje in matemati\u010dno pismenost, kar u\u010dencem omogo\u010da razumevanje in re\u0161evanje kompleksnej\u0161ih matemati\u010dnih problemov. Matematika v osnovni \u0161oli ponuja tudi prilo\u017enosti za uporabo matemati\u010dnih konceptov v vsakdanjem \u017eivljenju, kar povezuje abstraktne ideje s prakti\u010dnimi situacijami. Z raznolikimi u\u010dnimi metodami in materiali matematika v osnovni \u0161oli spodbuja interaktivno u\u010denje, kar omogo\u010da u\u010dencem razvijanje matemati\u010dne pismenosti in samozavesti pri re\u0161evanju matemati\u010dnih izzivov.<\/em><\/p>\n\n\n\n<hr class=\"wp-block-separator has-text-color has-pale-cyan-blue-color has-alpha-channel-opacity has-pale-cyan-blue-background-color has-background is-style-wide\"\/>\n\n\n\n<p class=\"has-text-align-center has-vivid-red-color has-text-color\"><strong><em>\u0160E VE\u010c OSTALIH u\u010dnih listov, skupaj z re\u0161itvami, ki jih na spletni strani ne boste na\u0161li, dobite v na\u0161i spletni trgovini na naslovu :&nbsp;<a href=\"https:\/\/trgovina.otroci.org\/\" target=\"_blank\" rel=\"noopener\" title=\"\">https:\/\/trgovina.otroci.org<\/a>&nbsp;(kliknite na povezavo) .<\/em><\/strong><\/p>\n\n\n\n<hr class=\"wp-block-separator has-text-color has-pale-cyan-blue-color has-alpha-channel-opacity has-pale-cyan-blue-background-color has-background is-style-wide\"\/>\n\n\n\n<h2 class=\"wp-block-heading\">Algebra<\/h2>\n\n\n\n<p>Ena\u010dbe ena spremenljivka, Ena\u010dbe dve spremenljivki, Ena\u010dbe definirana spremenljivka, Poenostavitev izrazov, Predalgebrske ena\u010dbe<\/p>\n\n\n\n<div class=\"wp-block-columns is-layout-flex wp-container-core-columns-is-layout-9d6595d7 wp-block-columns-is-layout-flex\">\n<div class=\"wp-block-column is-layout-flow wp-block-column-is-layout-flow\"><div class=\"wp-block-image\">\n<figure class=\"aligncenter size-full\"><a href=\"https:\/\/nova.otroci.org\/index.php\/2024\/01\/11\/matematika-algebra\/\"><img loading=\"lazy\" decoding=\"async\" width=\"400\" height=\"566\" src=\"https:\/\/nova.otroci.org\/wp-content\/uploads\/2024\/01\/algebra_v_ul_01.jpg\" alt=\"\" class=\"wp-image-6795\" srcset=\"https:\/\/nova.otroci.org\/wp-content\/uploads\/2024\/01\/algebra_v_ul_01.jpg 400w, https:\/\/nova.otroci.org\/wp-content\/uploads\/2024\/01\/algebra_v_ul_01-212x300.jpg 212w\" sizes=\"auto, (max-width: 400px) 100vw, 400px\" \/><\/a><\/figure><\/div><\/div>\n\n\n\n<div class=\"wp-block-column is-layout-flow wp-block-column-is-layout-flow\"><div class=\"wp-block-image\">\n<figure class=\"aligncenter size-full\"><a href=\"https:\/\/nova.otroci.org\/index.php\/2024\/01\/11\/matematika-algebra\/\"><img loading=\"lazy\" decoding=\"async\" width=\"400\" height=\"566\" src=\"https:\/\/nova.otroci.org\/wp-content\/uploads\/2024\/01\/algebra_v_ul_02.jpg\" alt=\"\" class=\"wp-image-6796\" srcset=\"https:\/\/nova.otroci.org\/wp-content\/uploads\/2024\/01\/algebra_v_ul_02.jpg 400w, https:\/\/nova.otroci.org\/wp-content\/uploads\/2024\/01\/algebra_v_ul_02-212x300.jpg 212w\" sizes=\"auto, (max-width: 400px) 100vw, 400px\" \/><\/a><\/figure><\/div><\/div>\n<\/div>\n\n\n\n<h2 class=\"wp-block-heading\">Eksponenti in korenjenje<\/h2>\n\n\n\n<p>Eksponenti na 2, Eksponenti na 3, Eksponenti na 4, Korenjenje<\/p>\n\n\n\n<div class=\"wp-block-columns is-layout-flex wp-container-core-columns-is-layout-9d6595d7 wp-block-columns-is-layout-flex\">\n<div class=\"wp-block-column is-layout-flow wp-block-column-is-layout-flow\"><div class=\"wp-block-image\">\n<figure class=\"aligncenter size-full\"><a href=\"https:\/\/nova.otroci.org\/index.php\/2024\/01\/11\/matematika-eksponenti-korenjenje\/\"><img loading=\"lazy\" decoding=\"async\" width=\"400\" height=\"566\" src=\"https:\/\/nova.otroci.org\/wp-content\/uploads\/2024\/01\/eksponenti_v_ul_01.jpg\" alt=\"\" class=\"wp-image-6797\" srcset=\"https:\/\/nova.otroci.org\/wp-content\/uploads\/2024\/01\/eksponenti_v_ul_01.jpg 400w, https:\/\/nova.otroci.org\/wp-content\/uploads\/2024\/01\/eksponenti_v_ul_01-212x300.jpg 212w\" sizes=\"auto, (max-width: 400px) 100vw, 400px\" \/><\/a><\/figure><\/div><\/div>\n\n\n\n<div class=\"wp-block-column is-layout-flow wp-block-column-is-layout-flow\"><div class=\"wp-block-image\">\n<figure class=\"aligncenter size-full\"><a href=\"https:\/\/nova.otroci.org\/index.php\/2024\/01\/11\/matematika-eksponenti-korenjenje\/\"><img loading=\"lazy\" decoding=\"async\" width=\"400\" height=\"566\" src=\"https:\/\/nova.otroci.org\/wp-content\/uploads\/2024\/01\/korenjenje_v_ul_01.jpg\" alt=\"\" class=\"wp-image-6798\" srcset=\"https:\/\/nova.otroci.org\/wp-content\/uploads\/2024\/01\/korenjenje_v_ul_01.jpg 400w, https:\/\/nova.otroci.org\/wp-content\/uploads\/2024\/01\/korenjenje_v_ul_01-212x300.jpg 212w\" sizes=\"auto, (max-width: 400px) 100vw, 400px\" \/><\/a><\/figure><\/div><\/div>\n<\/div>\n\n\n\n<h2 class=\"wp-block-heading\">Lastnosti operacij in metri\u010dne ute\u017ei in mere<\/h2>\n\n\n\n<p>Lastnosti operacij \u2013 Asociativnost, Metri\u010dne ute\u017ei in mere, Centimetri v decimetre, Decimetri v centimetre, Mililitri v decilitre, Kilogrami v dekagrame<\/p>\n\n\n\n<div class=\"wp-block-columns is-layout-flex wp-container-core-columns-is-layout-9d6595d7 wp-block-columns-is-layout-flex\">\n<div class=\"wp-block-column is-layout-flow wp-block-column-is-layout-flow\"><div class=\"wp-block-image\">\n<figure class=\"aligncenter size-full\"><a href=\"https:\/\/nova.otroci.org\/index.php\/2024\/01\/11\/matematika-asociativnost-metricne-utezi-mere\/\"><img loading=\"lazy\" decoding=\"async\" width=\"400\" height=\"566\" src=\"https:\/\/nova.otroci.org\/wp-content\/uploads\/2024\/01\/lastnosti_operacij_v_ul_01.jpg\" alt=\"\" class=\"wp-image-6799\" srcset=\"https:\/\/nova.otroci.org\/wp-content\/uploads\/2024\/01\/lastnosti_operacij_v_ul_01.jpg 400w, https:\/\/nova.otroci.org\/wp-content\/uploads\/2024\/01\/lastnosti_operacij_v_ul_01-212x300.jpg 212w\" sizes=\"auto, (max-width: 400px) 100vw, 400px\" \/><\/a><\/figure><\/div><\/div>\n\n\n\n<div class=\"wp-block-column is-layout-flow wp-block-column-is-layout-flow\"><div class=\"wp-block-image\">\n<figure class=\"aligncenter size-full\"><a href=\"https:\/\/nova.otroci.org\/index.php\/2024\/01\/11\/matematika-asociativnost-metricne-utezi-mere\/\"><img loading=\"lazy\" decoding=\"async\" width=\"400\" height=\"566\" src=\"https:\/\/nova.otroci.org\/wp-content\/uploads\/2024\/01\/metricne_utezi_v_ul_01.jpg\" alt=\"\" class=\"wp-image-6805\" srcset=\"https:\/\/nova.otroci.org\/wp-content\/uploads\/2024\/01\/metricne_utezi_v_ul_01.jpg 400w, https:\/\/nova.otroci.org\/wp-content\/uploads\/2024\/01\/metricne_utezi_v_ul_01-212x300.jpg 212w\" sizes=\"auto, (max-width: 400px) 100vw, 400px\" \/><\/a><\/figure><\/div><\/div>\n<\/div>\n\n\n\n<h2 class=\"wp-block-heading\">Obkro\u017ei \u0161tevilke in od\u010ditavanje termometra<\/h2>\n\n\n\n<p>Obkro\u017ei \u0161tevilke, Liha \u0161tevila \u2013 neparna, Najve\u010dje \u0161tevilo, Od\u010ditavanje termometra, Stopinje celzija, Stopinje fahrenheit<\/p>\n\n\n\n<div class=\"wp-block-columns is-layout-flex wp-container-core-columns-is-layout-9d6595d7 wp-block-columns-is-layout-flex\">\n<div class=\"wp-block-column is-layout-flow wp-block-column-is-layout-flow\"><div class=\"wp-block-image\">\n<figure class=\"aligncenter size-full\"><a href=\"https:\/\/nova.otroci.org\/index.php\/2024\/01\/11\/matematika-obkrozi-stevilke-odcitavanje-termometra\/\"><img loading=\"lazy\" decoding=\"async\" width=\"400\" height=\"566\" src=\"https:\/\/nova.otroci.org\/wp-content\/uploads\/2024\/01\/obkrozi_stevilke_v_ul_01.jpg\" alt=\"\" class=\"wp-image-6806\" srcset=\"https:\/\/nova.otroci.org\/wp-content\/uploads\/2024\/01\/obkrozi_stevilke_v_ul_01.jpg 400w, https:\/\/nova.otroci.org\/wp-content\/uploads\/2024\/01\/obkrozi_stevilke_v_ul_01-212x300.jpg 212w\" sizes=\"auto, (max-width: 400px) 100vw, 400px\" \/><\/a><\/figure><\/div><\/div>\n\n\n\n<div class=\"wp-block-column is-layout-flow wp-block-column-is-layout-flow\"><div class=\"wp-block-image\">\n<figure class=\"aligncenter size-full\"><a href=\"https:\/\/nova.otroci.org\/index.php\/2024\/01\/11\/matematika-obkrozi-stevilke-odcitavanje-termometra\/\"><img loading=\"lazy\" decoding=\"async\" width=\"400\" height=\"566\" src=\"https:\/\/nova.otroci.org\/wp-content\/uploads\/2024\/01\/Odcitavanje_termometra_v_ul_01.jpg\" alt=\"\" class=\"wp-image-6807\" srcset=\"https:\/\/nova.otroci.org\/wp-content\/uploads\/2024\/01\/Odcitavanje_termometra_v_ul_01.jpg 400w, https:\/\/nova.otroci.org\/wp-content\/uploads\/2024\/01\/Odcitavanje_termometra_v_ul_01-212x300.jpg 212w\" sizes=\"auto, (max-width: 400px) 100vw, 400px\" \/><\/a><\/figure><\/div><\/div>\n<\/div>\n\n\n\n<h2 class=\"wp-block-heading\">Puzli in rimske \u0161tevilke<\/h2>\n\n\n\n<p>Puzli, Diamanti, Magi\u010dne zvezde, Magi\u010dni kvadrati, Rimske \u0161tevilke, Arabske \u0161tevilke v rimske \u0161tevilke, Rimsko arabska primerjava<\/p>\n\n\n\n<div class=\"wp-block-columns is-layout-flex wp-container-core-columns-is-layout-9d6595d7 wp-block-columns-is-layout-flex\">\n<div class=\"wp-block-column is-layout-flow wp-block-column-is-layout-flow\"><div class=\"wp-block-image\">\n<figure class=\"aligncenter size-full\"><a href=\"https:\/\/nova.otroci.org\/index.php\/2024\/01\/11\/matematika-puzli-rimske-stevilke\/\"><img loading=\"lazy\" decoding=\"async\" width=\"400\" height=\"566\" src=\"https:\/\/nova.otroci.org\/wp-content\/uploads\/2024\/01\/Puzli_v_ul_01.jpg\" alt=\"\" class=\"wp-image-6808\" srcset=\"https:\/\/nova.otroci.org\/wp-content\/uploads\/2024\/01\/Puzli_v_ul_01.jpg 400w, https:\/\/nova.otroci.org\/wp-content\/uploads\/2024\/01\/Puzli_v_ul_01-212x300.jpg 212w\" sizes=\"auto, (max-width: 400px) 100vw, 400px\" \/><\/a><\/figure><\/div><\/div>\n\n\n\n<div class=\"wp-block-column is-layout-flow wp-block-column-is-layout-flow\"><div class=\"wp-block-image\">\n<figure class=\"aligncenter size-full\"><a href=\"https:\/\/nova.otroci.org\/index.php\/2024\/01\/11\/matematika-puzli-rimske-stevilke\/\"><img loading=\"lazy\" decoding=\"async\" width=\"400\" height=\"566\" src=\"https:\/\/nova.otroci.org\/wp-content\/uploads\/2024\/01\/Rimske_stevilke_v_ul_01.jpg\" alt=\"\" class=\"wp-image-6809\" srcset=\"https:\/\/nova.otroci.org\/wp-content\/uploads\/2024\/01\/Rimske_stevilke_v_ul_01.jpg 400w, https:\/\/nova.otroci.org\/wp-content\/uploads\/2024\/01\/Rimske_stevilke_v_ul_01-212x300.jpg 212w\" sizes=\"auto, (max-width: 400px) 100vw, 400px\" \/><\/a><\/figure><\/div><\/div>\n<\/div>\n\n\n\n<h2 class=\"wp-block-heading\">Matematika vaje &#8211; stran 1<\/h2>\n\n\n\n<p>Tabela se\u0161tevanje v sliki, Tabela se\u0161tevanje 1-10 in 11-20, Tabela se\u0161tevanje vaje, Tabela od\u0161tevanje, Tabela od\u0161tevanje vaje, Tabela mno\u017eenje, Tabela mno\u017eenje vaje, Tabela deljenje, Tabela deljenje vaje, Liha in soda \u0161tevila, Koliko je ura-polna ura, Koliko je ura-15 min. \u010dez uro, Koliko je ura-na pol ure, \u0160tevila do 100, \u0160tevila z besedo, Po\u0161tevanka, Ve\u010dkratniki \u0161t. 1 in 2, Ve\u010dkratniki \u0161t. 3 in 4, Ve\u010dkratniki \u0161t. 5 in 6, Ve\u010dkratniki \u0161t. 7 in 8, Ve\u010dkratniki \u0161t. 9 in 10, Matemati\u010dne tablice se\u0161tevanje, od\u0161tevanje, mno\u017eenje, Se\u0161tevanje in od\u0161tevanje do 20, Se\u0161tevanje in od\u0161tevanje do 100, Vse operacije ( * \u2013 X : ), Deljenje \u2013 La\u017eje, Deljenje \u2013 Srednje, Deljenje \u2013 Te\u017eje, Mno\u017eenje do 25, Mno\u017eenje do 50, Mno\u017eenje do 100, Mno\u017eenje do 100 razno, <\/p>\n\n\n\n<div class=\"wp-block-columns is-layout-flex wp-container-core-columns-is-layout-9d6595d7 wp-block-columns-is-layout-flex\">\n<div class=\"wp-block-column is-layout-flow wp-block-column-is-layout-flow\"><div class=\"wp-block-image\">\n<figure class=\"aligncenter size-full\"><a href=\"https:\/\/nova.otroci.org\/index.php\/2024\/01\/11\/matematika-vaje-stran-1\/\"><img loading=\"lazy\" decoding=\"async\" width=\"400\" height=\"566\" src=\"https:\/\/nova.otroci.org\/wp-content\/uploads\/2024\/01\/Matematika_vaje_v_ul_01.jpg\" alt=\"\" class=\"wp-image-6802\" srcset=\"https:\/\/nova.otroci.org\/wp-content\/uploads\/2024\/01\/Matematika_vaje_v_ul_01.jpg 400w, https:\/\/nova.otroci.org\/wp-content\/uploads\/2024\/01\/Matematika_vaje_v_ul_01-212x300.jpg 212w\" sizes=\"auto, (max-width: 400px) 100vw, 400px\" \/><\/a><\/figure><\/div><\/div>\n\n\n\n<div class=\"wp-block-column is-layout-flow wp-block-column-is-layout-flow\"><div class=\"wp-block-image\">\n<figure class=\"aligncenter size-full\"><a href=\"https:\/\/nova.otroci.org\/index.php\/2024\/01\/11\/matematika-vaje-stran-1\/\"><img loading=\"lazy\" decoding=\"async\" width=\"400\" height=\"566\" src=\"https:\/\/nova.otroci.org\/wp-content\/uploads\/2024\/01\/Matematika_vaje_v_ul_02.jpg\" alt=\"\" class=\"wp-image-6803\" srcset=\"https:\/\/nova.otroci.org\/wp-content\/uploads\/2024\/01\/Matematika_vaje_v_ul_02.jpg 400w, https:\/\/nova.otroci.org\/wp-content\/uploads\/2024\/01\/Matematika_vaje_v_ul_02-212x300.jpg 212w\" sizes=\"auto, (max-width: 400px) 100vw, 400px\" \/><\/a><\/figure><\/div><\/div>\n<\/div>\n\n\n\n<h2 class=\"wp-block-heading\">Matematika vaje &#8211; stran 2<\/h2>\n\n\n\n<p>Od\u0161tevanje do 10 s sliko, Od\u0161tevanje do 100, Od\u0161tevanje do 1.000, Od\u0161tevanje do 10.000, Od\u0161tevanje v stolpcu do 20, Od\u0161tevanje v stolpcu do 100, Od\u0161tevanje v stolpcu do 1.000, Od\u0161tevanje v stolpcu do 10.000, Izra\u010dunaj kon\u010dni rezultat, Se\u0161tevanje do 10 s sliko, Se\u0161tevanje do 20, Se\u0161tevanje do 100, Se\u0161tevanje do 1.000, Se\u0161tevanje do 10.000, Se\u0161tevanje v stolpcu do 10, Se\u0161tevanje v stolpcu do 100, Se\u0161tevanje v stolpcu do 1.000, Se\u0161tevanje v stolpcu do 10.000<\/p>\n\n\n\n<div class=\"wp-block-columns is-layout-flex wp-container-core-columns-is-layout-9d6595d7 wp-block-columns-is-layout-flex\">\n<div class=\"wp-block-column is-layout-flow wp-block-column-is-layout-flow\"><div class=\"wp-block-image\">\n<figure class=\"aligncenter size-full\"><a href=\"https:\/\/nova.otroci.org\/index.php\/2024\/01\/12\/matematika-vaje-stran-2\/\"><img loading=\"lazy\" decoding=\"async\" width=\"400\" height=\"566\" src=\"https:\/\/nova.otroci.org\/wp-content\/uploads\/2024\/01\/Matematika_vaje_v_ul_03.jpg\" alt=\"\" class=\"wp-image-6804\" srcset=\"https:\/\/nova.otroci.org\/wp-content\/uploads\/2024\/01\/Matematika_vaje_v_ul_03.jpg 400w, https:\/\/nova.otroci.org\/wp-content\/uploads\/2024\/01\/Matematika_vaje_v_ul_03-212x300.jpg 212w\" sizes=\"auto, (max-width: 400px) 100vw, 400px\" \/><\/a><\/figure><\/div><\/div>\n\n\n\n<div class=\"wp-block-column is-layout-flow wp-block-column-is-layout-flow\"><div class=\"wp-block-image\">\n<figure class=\"aligncenter size-full\"><a href=\"https:\/\/nova.otroci.org\/index.php\/2024\/01\/12\/matematika-vaje-stran-2\/\"><img loading=\"lazy\" decoding=\"async\" width=\"400\" height=\"566\" src=\"https:\/\/nova.otroci.org\/wp-content\/uploads\/2024\/01\/Matematika_vaje_v_ul_02.jpg\" alt=\"\" class=\"wp-image-6803\" srcset=\"https:\/\/nova.otroci.org\/wp-content\/uploads\/2024\/01\/Matematika_vaje_v_ul_02.jpg 400w, https:\/\/nova.otroci.org\/wp-content\/uploads\/2024\/01\/Matematika_vaje_v_ul_02-212x300.jpg 212w\" sizes=\"auto, (max-width: 400px) 100vw, 400px\" \/><\/a><\/figure><\/div><\/div>\n<\/div>\n\n\n\n<h2 class=\"wp-block-heading\">Matematika vaje &#8211; stran 3<\/h2>\n\n\n\n<p>Manj\u0161e \u2013 Ve\u010dje, Prej, za, vmes, Zapolni manjkajo\u010de \u0161tevilke, Izra\u010dunaj kon\u010dni rezultat, Izra\u010dunaj in pove\u017ei, Izpolni tabelo, Pri\u0161tevamo in od\u0161tevamo desetice, Kri\u017eci in kro\u017eci \u2013 Se\u0161tevanje, Kri\u017eci in kro\u017eci \u2013 Od\u0161tevanje, Kri\u017eci in kro\u017eci \u2013 Mno\u017eenje, Kri\u017eci in kro\u017eci \u2013 Deljenje, Matemati\u010dna sestavljanka, Magi\u010dni kvadrati, Ra\u010dunanje na koliko \u2013 Se\u0161tevanje, Ra\u010dunanje na koliko \u2013 Od\u0161tevanje, Ra\u010dunanje na koliko \u2013 Me\u0161ano, <\/p>\n\n\n\n<div class=\"wp-block-columns is-layout-flex wp-container-core-columns-is-layout-9d6595d7 wp-block-columns-is-layout-flex\">\n<div class=\"wp-block-column is-layout-flow wp-block-column-is-layout-flow\"><div class=\"wp-block-image\">\n<figure class=\"aligncenter size-full\"><a href=\"https:\/\/nova.otroci.org\/index.php\/2024\/01\/12\/matematika-vaje-stran-3\/\"><img loading=\"lazy\" decoding=\"async\" width=\"400\" height=\"566\" src=\"https:\/\/nova.otroci.org\/wp-content\/uploads\/2024\/01\/Matematika_vaje_v_ul_02.jpg\" alt=\"\" class=\"wp-image-6803\" srcset=\"https:\/\/nova.otroci.org\/wp-content\/uploads\/2024\/01\/Matematika_vaje_v_ul_02.jpg 400w, https:\/\/nova.otroci.org\/wp-content\/uploads\/2024\/01\/Matematika_vaje_v_ul_02-212x300.jpg 212w\" sizes=\"auto, (max-width: 400px) 100vw, 400px\" \/><\/a><\/figure><\/div><\/div>\n\n\n\n<div class=\"wp-block-column is-layout-flow wp-block-column-is-layout-flow\"><div class=\"wp-block-image\">\n<figure class=\"aligncenter size-full\"><a href=\"https:\/\/nova.otroci.org\/index.php\/2024\/01\/12\/matematika-vaje-stran-3\/\"><img loading=\"lazy\" decoding=\"async\" width=\"400\" height=\"566\" src=\"https:\/\/nova.otroci.org\/wp-content\/uploads\/2024\/01\/Matematika_vaje_v_ul_02.jpg\" alt=\"\" class=\"wp-image-6803\" srcset=\"https:\/\/nova.otroci.org\/wp-content\/uploads\/2024\/01\/Matematika_vaje_v_ul_02.jpg 400w, https:\/\/nova.otroci.org\/wp-content\/uploads\/2024\/01\/Matematika_vaje_v_ul_02-212x300.jpg 212w\" sizes=\"auto, (max-width: 400px) 100vw, 400px\" \/><\/a><\/figure><\/div><\/div>\n<\/div>\n\n\n\n<h2 class=\"wp-block-heading\">Male bistre glave<\/h2>\n\n\n\n<p>&#8220;Male bistre glave&#8221; je zasnovana z namenom, da podpre u\u010dence prvega in drugega razreda osnovne \u0161ole pri razvoju matemati\u010dnih spretnosti skozi zabavne  besedilne naloge. Vsaka besedilna naloga je skrbno oblikovana, da spodbuja razumevanje matemati\u010dnih pojmov in hkrati spodbuja razvoj jezikovnih ve\u0161\u010din, kar prispeva k celovitemu u\u010denju.<\/p>\n\n\n\n<div class=\"wp-block-columns is-layout-flex wp-container-core-columns-is-layout-9d6595d7 wp-block-columns-is-layout-flex\">\n<div class=\"wp-block-column is-layout-flow wp-block-column-is-layout-flow\"><div class=\"wp-block-image\">\n<figure class=\"aligncenter size-full\"><a href=\"https:\/\/nova.otroci.org\/index.php\/2024\/01\/12\/male-bistre-glave\/\"><img loading=\"lazy\" decoding=\"async\" width=\"400\" height=\"566\" src=\"https:\/\/nova.otroci.org\/wp-content\/uploads\/2024\/01\/Male_bistre_glave_v_ul_01.jpg\" alt=\"\" class=\"wp-image-6800\" srcset=\"https:\/\/nova.otroci.org\/wp-content\/uploads\/2024\/01\/Male_bistre_glave_v_ul_01.jpg 400w, https:\/\/nova.otroci.org\/wp-content\/uploads\/2024\/01\/Male_bistre_glave_v_ul_01-212x300.jpg 212w\" sizes=\"auto, (max-width: 400px) 100vw, 400px\" \/><\/a><\/figure><\/div><\/div>\n\n\n\n<div class=\"wp-block-column is-layout-flow wp-block-column-is-layout-flow\"><div class=\"wp-block-image\">\n<figure class=\"aligncenter size-full\"><a href=\"https:\/\/nova.otroci.org\/index.php\/2024\/01\/12\/male-bistre-glave\/\"><img loading=\"lazy\" decoding=\"async\" width=\"400\" height=\"566\" src=\"https:\/\/nova.otroci.org\/wp-content\/uploads\/2024\/01\/Male_bistre_glave_v_ul_02.jpg\" alt=\"\" class=\"wp-image-6801\" srcset=\"https:\/\/nova.otroci.org\/wp-content\/uploads\/2024\/01\/Male_bistre_glave_v_ul_02.jpg 400w, https:\/\/nova.otroci.org\/wp-content\/uploads\/2024\/01\/Male_bistre_glave_v_ul_02-212x300.jpg 212w\" sizes=\"auto, (max-width: 400px) 100vw, 400px\" \/><\/a><\/figure><\/div><\/div>\n<\/div>\n\n\n\n<hr class=\"wp-block-separator has-text-color has-pale-cyan-blue-color has-alpha-channel-opacity has-pale-cyan-blue-background-color has-background is-style-wide\"\/>\n\n\n\n<p class=\"has-text-align-center has-vivid-red-color has-text-color\"><strong><em>\u0160E VE\u010c OSTALIH u\u010dnih listov, skupaj z re\u0161itvami, ki jih na spletni strani ne boste na\u0161li, dobite v na\u0161i spletni trgovini na naslovu :&nbsp;<a title=\"\" href=\"https:\/\/trgovina.otroci.org\/\" target=\"_blank\" rel=\"noopener\">https:\/\/trgovina.otroci.org<\/a>&nbsp;(kliknite na povezavo) .<\/em><\/strong><\/p>\n","protected":false},"excerpt":{"rendered":"<p>Pou\u010devanje matematike v osnovni \u0161oli se osredoto\u010da na razvoj temeljnih matemati\u010dnih spretnosti, kot so osnovne ra\u010dunske operacije, razumevanje \u0161tevil in<\/p>\n","protected":false},"author":1,"featured_media":0,"parent":0,"menu_order":0,"comment_status":"closed","ping_status":"closed","template":"","meta":{"om_disable_all_campaigns":false,"_monsterinsights_skip_tracking":false,"_monsterinsights_sitenote_active":false,"_monsterinsights_sitenote_note":"","_monsterinsights_sitenote_category":0,"ngg_post_thumbnail":0,"footnotes":""},"class_list":["post-4766","page","type-page","status-publish","hentry"],"aioseo_notices":[],"_links":{"self":[{"href":"https:\/\/nova.otroci.org\/index.php\/wp-json\/wp\/v2\/pages\/4766","targetHints":{"allow":["GET"]}}],"collection":[{"href":"https:\/\/nova.otroci.org\/index.php\/wp-json\/wp\/v2\/pages"}],"about":[{"href":"https:\/\/nova.otroci.org\/index.php\/wp-json\/wp\/v2\/types\/page"}],"author":[{"embeddable":true,"href":"https:\/\/nova.otroci.org\/index.php\/wp-json\/wp\/v2\/users\/1"}],"replies":[{"embeddable":true,"href":"https:\/\/nova.otroci.org\/index.php\/wp-json\/wp\/v2\/comments?post=4766"}],"version-history":[{"count":0,"href":"https:\/\/nova.otroci.org\/index.php\/wp-json\/wp\/v2\/pages\/4766\/revisions"}],"wp:attachment":[{"href":"https:\/\/nova.otroci.org\/index.php\/wp-json\/wp\/v2\/media?parent=4766"}],"curies":[{"name":"wp","href":"https:\/\/api.w.org\/{rel}","templated":true}]}}