{"id":3976,"date":"2023-10-14T21:07:22","date_gmt":"2023-10-14T19:07:22","guid":{"rendered":"https:\/\/nova.otroci.org\/?page_id=3976"},"modified":"2024-01-18T14:18:47","modified_gmt":"2024-01-18T13:18:47","slug":"predsolski","status":"publish","type":"page","link":"https:\/\/nova.otroci.org\/index.php\/predsolski\/","title":{"rendered":"Pred\u0161olski"},"content":{"rendered":"\n<p><em>Pred\u0161olski otroci raziskujejo svet okoli sebe skozi igro, kjer se u\u010dijo o barvah, oblikah in osnovnih konceptih. V pred\u0161olskem obdobju se poudarja razvoj motori\u010dnih ve\u0161\u010din, kot so risanje, rezanje in oblikovanje, kar spodbuja fine motori\u010dne sposobnosti. U\u010denje socialnih ve\u0161\u010din je klju\u010dnega pomena v pred\u0161olskem obdobju, saj otroci razvijajo sposobnost sodelovanja, deljenja in re\u0161evanja preprostih konfliktov. Pred\u0161olski programi spodbujajo jezikovni razvoj, otroke spoznavajo z osnovami jezika ter spodbujajo izra\u017eanje in komunikacijo. V pred\u0161olskem obdobju se igra odvija kot klju\u010den del u\u010denja, ki omogo\u010da otrokom razvoj kreativnosti, domi\u0161ljije in radovednosti.<\/em><\/p>\n\n\n\n<h2 class=\"wp-block-heading\">\u010crkovne sestavljanke<\/h2>\n\n\n\n<div class=\"wp-block-columns is-layout-flex wp-container-core-columns-is-layout-9d6595d7 wp-block-columns-is-layout-flex\">\n<div class=\"wp-block-column is-layout-flow wp-block-column-is-layout-flow\"><div class=\"wp-block-image\">\n<figure class=\"aligncenter size-full\"><a href=\"https:\/\/nova.otroci.org\/index.php\/2023\/11\/07\/predsolski-crkovne-sestavljanke\/\"><img loading=\"lazy\" decoding=\"async\" width=\"402\" height=\"568\" src=\"https:\/\/nova.otroci.org\/wp-content\/uploads\/2023\/11\/Predsolski_Crkovna_sestavljanka_01.jpg\" alt=\"\" class=\"wp-image-5846\" srcset=\"https:\/\/nova.otroci.org\/wp-content\/uploads\/2023\/11\/Predsolski_Crkovna_sestavljanka_01.jpg 402w, https:\/\/nova.otroci.org\/wp-content\/uploads\/2023\/11\/Predsolski_Crkovna_sestavljanka_01-212x300.jpg 212w\" sizes=\"auto, (max-width: 402px) 100vw, 402px\" \/><\/a><\/figure><\/div><\/div>\n\n\n\n<div class=\"wp-block-column is-layout-flow wp-block-column-is-layout-flow\"><div class=\"wp-block-image\">\n<figure class=\"aligncenter size-full\"><a href=\"https:\/\/nova.otroci.org\/index.php\/2023\/11\/07\/predsolski-crkovne-sestavljanke\/\"><img loading=\"lazy\" decoding=\"async\" width=\"402\" height=\"568\" src=\"https:\/\/nova.otroci.org\/wp-content\/uploads\/2023\/11\/Predsolski_Crkovna_sestavljanka_02.jpg\" alt=\"\" class=\"wp-image-5847\" srcset=\"https:\/\/nova.otroci.org\/wp-content\/uploads\/2023\/11\/Predsolski_Crkovna_sestavljanka_02.jpg 402w, https:\/\/nova.otroci.org\/wp-content\/uploads\/2023\/11\/Predsolski_Crkovna_sestavljanka_02-212x300.jpg 212w\" sizes=\"auto, (max-width: 402px) 100vw, 402px\" \/><\/a><\/figure><\/div><\/div>\n<\/div>\n\n\n\n<h2 class=\"wp-block-heading\">Labirinti<\/h2>\n\n\n\n<div class=\"wp-block-columns is-layout-flex wp-container-core-columns-is-layout-9d6595d7 wp-block-columns-is-layout-flex\">\n<div class=\"wp-block-column is-layout-flow wp-block-column-is-layout-flow\"><div class=\"wp-block-image\">\n<figure class=\"aligncenter size-full\"><a href=\"https:\/\/nova.otroci.org\/index.php\/2023\/11\/07\/predsolski-labirinti\/\"><img loading=\"lazy\" decoding=\"async\" width=\"402\" height=\"568\" src=\"https:\/\/nova.otroci.org\/wp-content\/uploads\/2023\/11\/Predsolski_Labirint_01.jpg\" alt=\"\" class=\"wp-image-5848\" srcset=\"https:\/\/nova.otroci.org\/wp-content\/uploads\/2023\/11\/Predsolski_Labirint_01.jpg 402w, https:\/\/nova.otroci.org\/wp-content\/uploads\/2023\/11\/Predsolski_Labirint_01-212x300.jpg 212w\" sizes=\"auto, (max-width: 402px) 100vw, 402px\" \/><\/a><\/figure><\/div><\/div>\n\n\n\n<div class=\"wp-block-column is-layout-flow wp-block-column-is-layout-flow\"><div class=\"wp-block-image\">\n<figure class=\"aligncenter size-full\"><a href=\"https:\/\/nova.otroci.org\/index.php\/2023\/11\/07\/predsolski-labirinti\/\"><img loading=\"lazy\" decoding=\"async\" width=\"402\" height=\"568\" src=\"https:\/\/nova.otroci.org\/wp-content\/uploads\/2023\/11\/Predsolski_Labirint_02.jpg\" alt=\"\" class=\"wp-image-5849\" srcset=\"https:\/\/nova.otroci.org\/wp-content\/uploads\/2023\/11\/Predsolski_Labirint_02.jpg 402w, https:\/\/nova.otroci.org\/wp-content\/uploads\/2023\/11\/Predsolski_Labirint_02-212x300.jpg 212w\" sizes=\"auto, (max-width: 402px) 100vw, 402px\" \/><\/a><\/figure><\/div><\/div>\n<\/div>\n\n\n\n<h2 class=\"wp-block-heading\">Mali detektiv<\/h2>\n\n\n\n<div class=\"wp-block-columns is-layout-flex wp-container-core-columns-is-layout-9d6595d7 wp-block-columns-is-layout-flex\">\n<div class=\"wp-block-column is-layout-flow wp-block-column-is-layout-flow\"><div class=\"wp-block-image\">\n<figure class=\"aligncenter size-full\"><a href=\"https:\/\/nova.otroci.org\/index.php\/2023\/11\/07\/predsolski-mali-detektiv\/\"><img loading=\"lazy\" decoding=\"async\" width=\"402\" height=\"568\" src=\"https:\/\/nova.otroci.org\/wp-content\/uploads\/2023\/11\/Predsolski_Mali_detektiv_01.jpg\" alt=\"\" class=\"wp-image-5850\" srcset=\"https:\/\/nova.otroci.org\/wp-content\/uploads\/2023\/11\/Predsolski_Mali_detektiv_01.jpg 402w, https:\/\/nova.otroci.org\/wp-content\/uploads\/2023\/11\/Predsolski_Mali_detektiv_01-212x300.jpg 212w\" sizes=\"auto, (max-width: 402px) 100vw, 402px\" \/><\/a><\/figure><\/div><\/div>\n\n\n\n<div class=\"wp-block-column is-layout-flow wp-block-column-is-layout-flow\"><div class=\"wp-block-image\">\n<figure class=\"aligncenter size-full\"><a href=\"https:\/\/nova.otroci.org\/index.php\/2023\/11\/07\/predsolski-mali-detektiv\/\"><img loading=\"lazy\" decoding=\"async\" width=\"402\" height=\"568\" src=\"https:\/\/nova.otroci.org\/wp-content\/uploads\/2023\/11\/Predsolski_Mali_detektiv_02.jpg\" alt=\"\" class=\"wp-image-5851\" srcset=\"https:\/\/nova.otroci.org\/wp-content\/uploads\/2023\/11\/Predsolski_Mali_detektiv_02.jpg 402w, https:\/\/nova.otroci.org\/wp-content\/uploads\/2023\/11\/Predsolski_Mali_detektiv_02-212x300.jpg 212w\" sizes=\"auto, (max-width: 402px) 100vw, 402px\" \/><\/a><\/figure><\/div><\/div>\n<\/div>\n\n\n\n<h2 class=\"wp-block-heading\">Od\u0161tej in napi\u0161i<\/h2>\n\n\n\n<div class=\"wp-block-columns is-layout-flex wp-container-core-columns-is-layout-9d6595d7 wp-block-columns-is-layout-flex\">\n<div class=\"wp-block-column is-layout-flow wp-block-column-is-layout-flow\"><div class=\"wp-block-image\">\n<figure class=\"aligncenter size-full\"><a href=\"https:\/\/nova.otroci.org\/index.php\/2023\/11\/07\/predsolski-odstej-in-napisi\/\"><img loading=\"lazy\" decoding=\"async\" width=\"402\" height=\"568\" src=\"https:\/\/nova.otroci.org\/wp-content\/uploads\/2023\/11\/Predsolski_Odstej_in_napisi_01.jpg\" alt=\"\" class=\"wp-image-5852\" srcset=\"https:\/\/nova.otroci.org\/wp-content\/uploads\/2023\/11\/Predsolski_Odstej_in_napisi_01.jpg 402w, https:\/\/nova.otroci.org\/wp-content\/uploads\/2023\/11\/Predsolski_Odstej_in_napisi_01-212x300.jpg 212w\" sizes=\"auto, (max-width: 402px) 100vw, 402px\" \/><\/a><\/figure><\/div><\/div>\n\n\n\n<div class=\"wp-block-column is-layout-flow wp-block-column-is-layout-flow\"><div class=\"wp-block-image\">\n<figure class=\"aligncenter size-full\"><a href=\"https:\/\/nova.otroci.org\/index.php\/2023\/11\/07\/predsolski-odstej-in-napisi\/\"><img loading=\"lazy\" decoding=\"async\" width=\"402\" height=\"568\" src=\"https:\/\/nova.otroci.org\/wp-content\/uploads\/2023\/11\/Predsolski_Odstej_in_napisi_02.jpg\" alt=\"\" class=\"wp-image-5853\" srcset=\"https:\/\/nova.otroci.org\/wp-content\/uploads\/2023\/11\/Predsolski_Odstej_in_napisi_02.jpg 402w, https:\/\/nova.otroci.org\/wp-content\/uploads\/2023\/11\/Predsolski_Odstej_in_napisi_02-212x300.jpg 212w\" sizes=\"auto, (max-width: 402px) 100vw, 402px\" \/><\/a><\/figure><\/div><\/div>\n<\/div>\n\n\n\n<h2 class=\"wp-block-heading\">Pesmice o \u010drkah<\/h2>\n\n\n\n<div class=\"wp-block-columns is-layout-flex wp-container-core-columns-is-layout-9d6595d7 wp-block-columns-is-layout-flex\">\n<div class=\"wp-block-column is-layout-flow wp-block-column-is-layout-flow\"><div class=\"wp-block-image\">\n<figure class=\"aligncenter size-full\"><a href=\"https:\/\/nova.otroci.org\/index.php\/2023\/11\/07\/predsolski-pesmice-o-crkah\/\"><img loading=\"lazy\" decoding=\"async\" width=\"402\" height=\"568\" src=\"https:\/\/nova.otroci.org\/wp-content\/uploads\/2023\/11\/Predsolski_Pesmice_o_crkah_01.jpg\" alt=\"\" class=\"wp-image-5854\" srcset=\"https:\/\/nova.otroci.org\/wp-content\/uploads\/2023\/11\/Predsolski_Pesmice_o_crkah_01.jpg 402w, https:\/\/nova.otroci.org\/wp-content\/uploads\/2023\/11\/Predsolski_Pesmice_o_crkah_01-212x300.jpg 212w\" sizes=\"auto, (max-width: 402px) 100vw, 402px\" \/><\/a><\/figure><\/div><\/div>\n\n\n\n<div class=\"wp-block-column is-layout-flow wp-block-column-is-layout-flow\"><div class=\"wp-block-image\">\n<figure class=\"aligncenter size-full\"><a href=\"https:\/\/nova.otroci.org\/index.php\/2023\/11\/07\/predsolski-pesmice-o-crkah\/\"><img loading=\"lazy\" decoding=\"async\" width=\"402\" height=\"568\" src=\"https:\/\/nova.otroci.org\/wp-content\/uploads\/2023\/11\/Predsolski_Pesmice_o_crkah_02.jpg\" alt=\"\" class=\"wp-image-5855\" srcset=\"https:\/\/nova.otroci.org\/wp-content\/uploads\/2023\/11\/Predsolski_Pesmice_o_crkah_02.jpg 402w, https:\/\/nova.otroci.org\/wp-content\/uploads\/2023\/11\/Predsolski_Pesmice_o_crkah_02-212x300.jpg 212w\" sizes=\"auto, (max-width: 402px) 100vw, 402px\" \/><\/a><\/figure><\/div><\/div>\n<\/div>\n\n\n\n<h2 class=\"wp-block-heading\">Pobarvaj \u010drko<\/h2>\n\n\n\n<div class=\"wp-block-columns is-layout-flex wp-container-core-columns-is-layout-9d6595d7 wp-block-columns-is-layout-flex\">\n<div class=\"wp-block-column is-layout-flow wp-block-column-is-layout-flow\"><div class=\"wp-block-image\">\n<figure class=\"aligncenter size-full\"><a href=\"https:\/\/nova.otroci.org\/index.php\/2023\/11\/07\/predsolski-pobarvaj-crko\/\"><img loading=\"lazy\" decoding=\"async\" width=\"402\" height=\"568\" src=\"https:\/\/nova.otroci.org\/wp-content\/uploads\/2023\/11\/Predsolski_Pobarvaj_crko_01.jpg\" alt=\"\" class=\"wp-image-5856\" srcset=\"https:\/\/nova.otroci.org\/wp-content\/uploads\/2023\/11\/Predsolski_Pobarvaj_crko_01.jpg 402w, https:\/\/nova.otroci.org\/wp-content\/uploads\/2023\/11\/Predsolski_Pobarvaj_crko_01-212x300.jpg 212w\" sizes=\"auto, (max-width: 402px) 100vw, 402px\" \/><\/a><\/figure><\/div><\/div>\n\n\n\n<div class=\"wp-block-column is-layout-flow wp-block-column-is-layout-flow\"><div class=\"wp-block-image\">\n<figure class=\"aligncenter size-full\"><a href=\"https:\/\/nova.otroci.org\/index.php\/2023\/11\/07\/predsolski-pobarvaj-crko\/\"><img loading=\"lazy\" decoding=\"async\" width=\"402\" height=\"568\" src=\"https:\/\/nova.otroci.org\/wp-content\/uploads\/2023\/11\/Predsolski_Pobarvaj_crko_02.jpg\" alt=\"\" class=\"wp-image-5857\" srcset=\"https:\/\/nova.otroci.org\/wp-content\/uploads\/2023\/11\/Predsolski_Pobarvaj_crko_02.jpg 402w, https:\/\/nova.otroci.org\/wp-content\/uploads\/2023\/11\/Predsolski_Pobarvaj_crko_02-212x300.jpg 212w\" sizes=\"auto, (max-width: 402px) 100vw, 402px\" \/><\/a><\/figure><\/div><\/div>\n<\/div>\n\n\n\n<h2 class=\"wp-block-heading\">Pobarvaj pike<\/h2>\n\n\n\n<div class=\"wp-block-columns is-layout-flex wp-container-core-columns-is-layout-9d6595d7 wp-block-columns-is-layout-flex\">\n<div class=\"wp-block-column is-layout-flow wp-block-column-is-layout-flow\"><div class=\"wp-block-image\">\n<figure class=\"aligncenter size-full\"><a href=\"https:\/\/nova.otroci.org\/index.php\/2023\/11\/07\/predsolski-pobarvaj-pike\/\"><img loading=\"lazy\" decoding=\"async\" width=\"402\" height=\"568\" src=\"https:\/\/nova.otroci.org\/wp-content\/uploads\/2023\/11\/Predsolski_Pobarvaj_pike_01.jpg\" alt=\"\" class=\"wp-image-5858\" srcset=\"https:\/\/nova.otroci.org\/wp-content\/uploads\/2023\/11\/Predsolski_Pobarvaj_pike_01.jpg 402w, https:\/\/nova.otroci.org\/wp-content\/uploads\/2023\/11\/Predsolski_Pobarvaj_pike_01-212x300.jpg 212w\" sizes=\"auto, (max-width: 402px) 100vw, 402px\" \/><\/a><\/figure><\/div><\/div>\n\n\n\n<div class=\"wp-block-column is-layout-flow wp-block-column-is-layout-flow\"><div class=\"wp-block-image\">\n<figure class=\"aligncenter size-full\"><a href=\"https:\/\/nova.otroci.org\/index.php\/2023\/11\/07\/predsolski-pobarvaj-pike\/\"><img loading=\"lazy\" decoding=\"async\" width=\"402\" height=\"568\" src=\"https:\/\/nova.otroci.org\/wp-content\/uploads\/2023\/11\/Predsolski_Pobarvaj_pike_02.jpg\" alt=\"\" class=\"wp-image-5859\" srcset=\"https:\/\/nova.otroci.org\/wp-content\/uploads\/2023\/11\/Predsolski_Pobarvaj_pike_02.jpg 402w, https:\/\/nova.otroci.org\/wp-content\/uploads\/2023\/11\/Predsolski_Pobarvaj_pike_02-212x300.jpg 212w\" sizes=\"auto, (max-width: 402px) 100vw, 402px\" \/><\/a><\/figure><\/div><\/div>\n<\/div>\n\n\n\n<h2 class=\"wp-block-heading\">Pobarvaj \u0161tevilko<\/h2>\n\n\n\n<div class=\"wp-block-columns is-layout-flex wp-container-core-columns-is-layout-9d6595d7 wp-block-columns-is-layout-flex\">\n<div class=\"wp-block-column is-layout-flow wp-block-column-is-layout-flow\"><div class=\"wp-block-image\">\n<figure class=\"aligncenter size-full\"><a href=\"https:\/\/nova.otroci.org\/index.php\/2023\/11\/07\/predsolski-pobarvaj-stevilko\/\"><img loading=\"lazy\" decoding=\"async\" width=\"402\" height=\"568\" src=\"https:\/\/nova.otroci.org\/wp-content\/uploads\/2023\/11\/Predsolski_Pobarvaj_stevilko_01.jpg\" alt=\"\" class=\"wp-image-5860\" srcset=\"https:\/\/nova.otroci.org\/wp-content\/uploads\/2023\/11\/Predsolski_Pobarvaj_stevilko_01.jpg 402w, https:\/\/nova.otroci.org\/wp-content\/uploads\/2023\/11\/Predsolski_Pobarvaj_stevilko_01-212x300.jpg 212w\" sizes=\"auto, (max-width: 402px) 100vw, 402px\" \/><\/a><\/figure><\/div><\/div>\n\n\n\n<div class=\"wp-block-column is-layout-flow wp-block-column-is-layout-flow\"><div class=\"wp-block-image\">\n<figure class=\"aligncenter size-full\"><a href=\"https:\/\/nova.otroci.org\/index.php\/2023\/11\/07\/predsolski-pobarvaj-stevilko\/\"><img loading=\"lazy\" decoding=\"async\" width=\"402\" height=\"568\" src=\"https:\/\/nova.otroci.org\/wp-content\/uploads\/2023\/11\/Predsolski_Pobarvaj_stevilko_02.jpg\" alt=\"\" class=\"wp-image-5861\" srcset=\"https:\/\/nova.otroci.org\/wp-content\/uploads\/2023\/11\/Predsolski_Pobarvaj_stevilko_02.jpg 402w, https:\/\/nova.otroci.org\/wp-content\/uploads\/2023\/11\/Predsolski_Pobarvaj_stevilko_02-212x300.jpg 212w\" sizes=\"auto, (max-width: 402px) 100vw, 402px\" \/><\/a><\/figure><\/div><\/div>\n<\/div>\n\n\n\n<h2 class=\"wp-block-heading\">Pove\u017ei pike<\/h2>\n\n\n\n<div class=\"wp-block-columns is-layout-flex wp-container-core-columns-is-layout-9d6595d7 wp-block-columns-is-layout-flex\">\n<div class=\"wp-block-column is-layout-flow wp-block-column-is-layout-flow\"><div class=\"wp-block-image\">\n<figure class=\"aligncenter size-full\"><a href=\"https:\/\/nova.otroci.org\/index.php\/2023\/11\/07\/predsolski-povezi-pike\/\"><img loading=\"lazy\" decoding=\"async\" width=\"402\" height=\"568\" src=\"https:\/\/nova.otroci.org\/wp-content\/uploads\/2023\/11\/Predsolski_Povezi_pike_01.jpg\" alt=\"\" class=\"wp-image-5862\" srcset=\"https:\/\/nova.otroci.org\/wp-content\/uploads\/2023\/11\/Predsolski_Povezi_pike_01.jpg 402w, https:\/\/nova.otroci.org\/wp-content\/uploads\/2023\/11\/Predsolski_Povezi_pike_01-212x300.jpg 212w\" sizes=\"auto, (max-width: 402px) 100vw, 402px\" \/><\/a><\/figure><\/div><\/div>\n\n\n\n<div class=\"wp-block-column is-layout-flow wp-block-column-is-layout-flow\"><div class=\"wp-block-image\">\n<figure class=\"aligncenter size-full\"><a href=\"https:\/\/nova.otroci.org\/index.php\/2023\/11\/07\/predsolski-povezi-pike\/\"><img loading=\"lazy\" decoding=\"async\" width=\"402\" height=\"568\" src=\"https:\/\/nova.otroci.org\/wp-content\/uploads\/2023\/11\/Predsolski_Povezi_pike_02.jpg\" alt=\"\" class=\"wp-image-5863\" srcset=\"https:\/\/nova.otroci.org\/wp-content\/uploads\/2023\/11\/Predsolski_Povezi_pike_02.jpg 402w, https:\/\/nova.otroci.org\/wp-content\/uploads\/2023\/11\/Predsolski_Povezi_pike_02-212x300.jpg 212w\" sizes=\"auto, (max-width: 402px) 100vw, 402px\" \/><\/a><\/figure><\/div><\/div>\n<\/div>\n\n\n\n<h2 class=\"wp-block-heading\">Pre\u0161tej \u010drke<\/h2>\n\n\n\n<div class=\"wp-block-columns is-layout-flex wp-container-core-columns-is-layout-9d6595d7 wp-block-columns-is-layout-flex\">\n<div class=\"wp-block-column is-layout-flow wp-block-column-is-layout-flow\"><div class=\"wp-block-image\">\n<figure class=\"aligncenter size-full\"><a href=\"https:\/\/nova.otroci.org\/index.php\/2023\/11\/07\/predsolski-prestej-crke\/\"><img loading=\"lazy\" decoding=\"async\" width=\"402\" height=\"568\" src=\"https:\/\/nova.otroci.org\/wp-content\/uploads\/2023\/11\/Predsolski_Prestej_crke_01.jpg\" alt=\"\" class=\"wp-image-5864\" srcset=\"https:\/\/nova.otroci.org\/wp-content\/uploads\/2023\/11\/Predsolski_Prestej_crke_01.jpg 402w, https:\/\/nova.otroci.org\/wp-content\/uploads\/2023\/11\/Predsolski_Prestej_crke_01-212x300.jpg 212w\" sizes=\"auto, (max-width: 402px) 100vw, 402px\" \/><\/a><\/figure><\/div><\/div>\n\n\n\n<div class=\"wp-block-column is-layout-flow wp-block-column-is-layout-flow\"><div class=\"wp-block-image\">\n<figure class=\"aligncenter size-full\"><a href=\"https:\/\/nova.otroci.org\/index.php\/2023\/11\/07\/predsolski-prestej-crke\/\"><img loading=\"lazy\" decoding=\"async\" width=\"402\" height=\"568\" src=\"https:\/\/nova.otroci.org\/wp-content\/uploads\/2023\/11\/Predsolski_Prestej_crke_02.jpg\" alt=\"\" class=\"wp-image-5865\" srcset=\"https:\/\/nova.otroci.org\/wp-content\/uploads\/2023\/11\/Predsolski_Prestej_crke_02.jpg 402w, https:\/\/nova.otroci.org\/wp-content\/uploads\/2023\/11\/Predsolski_Prestej_crke_02-212x300.jpg 212w\" sizes=\"auto, (max-width: 402px) 100vw, 402px\" \/><\/a><\/figure><\/div><\/div>\n<\/div>\n\n\n\n<h2 class=\"wp-block-heading\">Se\u0161tej in napi\u0161i<\/h2>\n\n\n\n<div class=\"wp-block-columns is-layout-flex wp-container-core-columns-is-layout-9d6595d7 wp-block-columns-is-layout-flex\">\n<div class=\"wp-block-column is-layout-flow wp-block-column-is-layout-flow\"><div class=\"wp-block-image\">\n<figure class=\"aligncenter size-full\"><a href=\"https:\/\/nova.otroci.org\/index.php\/2023\/11\/07\/predsolski-sestej-in-napisi\/\"><img loading=\"lazy\" decoding=\"async\" width=\"402\" height=\"568\" src=\"https:\/\/nova.otroci.org\/wp-content\/uploads\/2023\/11\/Predsolski_Sestej_in_napisi_01.jpg\" alt=\"\" class=\"wp-image-5866\" srcset=\"https:\/\/nova.otroci.org\/wp-content\/uploads\/2023\/11\/Predsolski_Sestej_in_napisi_01.jpg 402w, https:\/\/nova.otroci.org\/wp-content\/uploads\/2023\/11\/Predsolski_Sestej_in_napisi_01-212x300.jpg 212w\" sizes=\"auto, (max-width: 402px) 100vw, 402px\" \/><\/a><\/figure><\/div><\/div>\n\n\n\n<div class=\"wp-block-column is-layout-flow wp-block-column-is-layout-flow\"><div class=\"wp-block-image\">\n<figure class=\"aligncenter size-full\"><a href=\"https:\/\/nova.otroci.org\/index.php\/2023\/11\/07\/predsolski-sestej-in-napisi\/\"><img loading=\"lazy\" decoding=\"async\" width=\"402\" height=\"568\" src=\"https:\/\/nova.otroci.org\/wp-content\/uploads\/2023\/11\/Predsolski_Sestej_in_napisi_02.jpg\" alt=\"\" class=\"wp-image-5867\" srcset=\"https:\/\/nova.otroci.org\/wp-content\/uploads\/2023\/11\/Predsolski_Sestej_in_napisi_02.jpg 402w, https:\/\/nova.otroci.org\/wp-content\/uploads\/2023\/11\/Predsolski_Sestej_in_napisi_02-212x300.jpg 212w\" sizes=\"auto, (max-width: 402px) 100vw, 402px\" \/><\/a><\/figure><\/div><\/div>\n<\/div>\n\n\n\n<h2 class=\"wp-block-heading\">\u0160tevila<\/h2>\n\n\n\n<div class=\"wp-block-columns is-layout-flex wp-container-core-columns-is-layout-9d6595d7 wp-block-columns-is-layout-flex\">\n<div class=\"wp-block-column is-layout-flow wp-block-column-is-layout-flow\"><div class=\"wp-block-image\">\n<figure class=\"aligncenter size-full\"><a href=\"https:\/\/nova.otroci.org\/index.php\/2023\/11\/07\/predsolski-stevila\/\"><img loading=\"lazy\" decoding=\"async\" width=\"402\" height=\"568\" src=\"https:\/\/nova.otroci.org\/wp-content\/uploads\/2023\/11\/Predsolski_Stevila_01.jpg\" alt=\"\" class=\"wp-image-5868\" srcset=\"https:\/\/nova.otroci.org\/wp-content\/uploads\/2023\/11\/Predsolski_Stevila_01.jpg 402w, https:\/\/nova.otroci.org\/wp-content\/uploads\/2023\/11\/Predsolski_Stevila_01-212x300.jpg 212w\" sizes=\"auto, (max-width: 402px) 100vw, 402px\" \/><\/a><\/figure><\/div><\/div>\n\n\n\n<div class=\"wp-block-column is-layout-flow wp-block-column-is-layout-flow\"><div class=\"wp-block-image\">\n<figure class=\"aligncenter size-full\"><a href=\"https:\/\/nova.otroci.org\/index.php\/2023\/11\/07\/predsolski-stevila\/\"><img loading=\"lazy\" decoding=\"async\" width=\"402\" height=\"568\" src=\"https:\/\/nova.otroci.org\/wp-content\/uploads\/2023\/11\/Predsolski_Stevila_02.jpg\" alt=\"\" class=\"wp-image-5869\" srcset=\"https:\/\/nova.otroci.org\/wp-content\/uploads\/2023\/11\/Predsolski_Stevila_02.jpg 402w, https:\/\/nova.otroci.org\/wp-content\/uploads\/2023\/11\/Predsolski_Stevila_02-212x300.jpg 212w\" sizes=\"auto, (max-width: 402px) 100vw, 402px\" \/><\/a><\/figure><\/div><\/div>\n<\/div>\n\n\n\n<h2 class=\"wp-block-heading\">Zme\u0161njava \u010drk<\/h2>\n\n\n\n<div class=\"wp-block-columns is-layout-flex wp-container-core-columns-is-layout-9d6595d7 wp-block-columns-is-layout-flex\">\n<div class=\"wp-block-column is-layout-flow wp-block-column-is-layout-flow\"><div class=\"wp-block-image\">\n<figure class=\"aligncenter size-full\"><a href=\"https:\/\/nova.otroci.org\/index.php\/2023\/11\/07\/predsolski-zmesnjava-crk\/\"><img loading=\"lazy\" decoding=\"async\" width=\"402\" height=\"568\" src=\"https:\/\/nova.otroci.org\/wp-content\/uploads\/2023\/11\/Predsolski_Zmesnjava_crk_01.jpg\" alt=\"\" class=\"wp-image-5870\" srcset=\"https:\/\/nova.otroci.org\/wp-content\/uploads\/2023\/11\/Predsolski_Zmesnjava_crk_01.jpg 402w, https:\/\/nova.otroci.org\/wp-content\/uploads\/2023\/11\/Predsolski_Zmesnjava_crk_01-212x300.jpg 212w\" sizes=\"auto, (max-width: 402px) 100vw, 402px\" \/><\/a><\/figure><\/div><\/div>\n\n\n\n<div class=\"wp-block-column is-layout-flow wp-block-column-is-layout-flow\"><div class=\"wp-block-image\">\n<figure class=\"aligncenter size-full\"><a href=\"https:\/\/nova.otroci.org\/index.php\/2023\/11\/07\/predsolski-zmesnjava-crk\/\"><img loading=\"lazy\" decoding=\"async\" width=\"402\" height=\"568\" src=\"https:\/\/nova.otroci.org\/wp-content\/uploads\/2023\/11\/Predsolski_Zmesnjava_crk_01.jpg\" alt=\"\" class=\"wp-image-5870\" srcset=\"https:\/\/nova.otroci.org\/wp-content\/uploads\/2023\/11\/Predsolski_Zmesnjava_crk_01.jpg 402w, https:\/\/nova.otroci.org\/wp-content\/uploads\/2023\/11\/Predsolski_Zmesnjava_crk_01-212x300.jpg 212w\" sizes=\"auto, (max-width: 402px) 100vw, 402px\" \/><\/a><\/figure><\/div><\/div>\n<\/div>\n\n\n\n<h2 class=\"wp-block-heading\">Barvanke &#8211; Otro\u0161ka imena<\/h2>\n\n\n\n<div class=\"wp-block-columns is-layout-flex wp-container-core-columns-is-layout-9d6595d7 wp-block-columns-is-layout-flex\">\n<div class=\"wp-block-column is-layout-flow wp-block-column-is-layout-flow\"><div class=\"wp-block-image\">\n<figure class=\"aligncenter size-full\"><a href=\"https:\/\/nova.otroci.org\/index.php\/2023\/11\/07\/predsolski-barvanke-otroska-imena\/\"><img loading=\"lazy\" decoding=\"async\" width=\"402\" height=\"568\" src=\"https:\/\/nova.otroci.org\/wp-content\/uploads\/2023\/11\/Predsolski_Barvanke_01.jpg\" alt=\"\" class=\"wp-image-5844\" srcset=\"https:\/\/nova.otroci.org\/wp-content\/uploads\/2023\/11\/Predsolski_Barvanke_01.jpg 402w, https:\/\/nova.otroci.org\/wp-content\/uploads\/2023\/11\/Predsolski_Barvanke_01-212x300.jpg 212w\" sizes=\"auto, (max-width: 402px) 100vw, 402px\" \/><\/a><\/figure><\/div><\/div>\n\n\n\n<div class=\"wp-block-column is-layout-flow wp-block-column-is-layout-flow\"><div class=\"wp-block-image\">\n<figure class=\"aligncenter size-full\"><img loading=\"lazy\" decoding=\"async\" width=\"402\" height=\"568\" src=\"https:\/\/nova.otroci.org\/wp-content\/uploads\/2023\/11\/Predsolski_Barvanke_01.jpg\" alt=\"\" class=\"wp-image-5844\" srcset=\"https:\/\/nova.otroci.org\/wp-content\/uploads\/2023\/11\/Predsolski_Barvanke_01.jpg 402w, https:\/\/nova.otroci.org\/wp-content\/uploads\/2023\/11\/Predsolski_Barvanke_01-212x300.jpg 212w\" sizes=\"auto, (max-width: 402px) 100vw, 402px\" \/><\/figure><\/div><\/div>\n<\/div>\n\n\n\n<h2 class=\"wp-block-heading\">Barvanke &#8211; Razno<\/h2>\n\n\n\n<div class=\"wp-block-columns is-layout-flex wp-container-core-columns-is-layout-9d6595d7 wp-block-columns-is-layout-flex\">\n<div class=\"wp-block-column is-layout-flow wp-block-column-is-layout-flow\"><div class=\"wp-block-image\">\n<figure class=\"aligncenter size-full\"><img loading=\"lazy\" decoding=\"async\" width=\"402\" height=\"568\" src=\"https:\/\/nova.otroci.org\/wp-content\/uploads\/2023\/11\/Predsolski_Barvanke_02.jpg\" alt=\"\" class=\"wp-image-5845\" srcset=\"https:\/\/nova.otroci.org\/wp-content\/uploads\/2023\/11\/Predsolski_Barvanke_02.jpg 402w, https:\/\/nova.otroci.org\/wp-content\/uploads\/2023\/11\/Predsolski_Barvanke_02-212x300.jpg 212w\" sizes=\"auto, (max-width: 402px) 100vw, 402px\" \/><\/figure><\/div><\/div>\n\n\n\n<div class=\"wp-block-column is-layout-flow wp-block-column-is-layout-flow\"><div class=\"wp-block-image\">\n<figure class=\"aligncenter size-full\"><a href=\"https:\/\/nova.otroci.org\/index.php\/2024\/01\/18\/predsolski-barvanke-razno\/\"><img loading=\"lazy\" decoding=\"async\" width=\"402\" height=\"568\" src=\"https:\/\/nova.otroci.org\/wp-content\/uploads\/2023\/11\/Predsolski_Barvanke_02.jpg\" alt=\"\" class=\"wp-image-5845\" srcset=\"https:\/\/nova.otroci.org\/wp-content\/uploads\/2023\/11\/Predsolski_Barvanke_02.jpg 402w, https:\/\/nova.otroci.org\/wp-content\/uploads\/2023\/11\/Predsolski_Barvanke_02-212x300.jpg 212w\" sizes=\"auto, (max-width: 402px) 100vw, 402px\" \/><\/a><\/figure><\/div><\/div>\n<\/div>\n","protected":false},"excerpt":{"rendered":"<p>Pred\u0161olski otroci raziskujejo svet okoli sebe skozi igro, kjer se u\u010dijo o barvah, oblikah in osnovnih konceptih. V pred\u0161olskem obdobju<\/p>\n","protected":false},"author":1,"featured_media":0,"parent":0,"menu_order":0,"comment_status":"closed","ping_status":"closed","template":"","meta":{"om_disable_all_campaigns":false,"_monsterinsights_skip_tracking":false,"_monsterinsights_sitenote_active":false,"_monsterinsights_sitenote_note":"","_monsterinsights_sitenote_category":0,"ngg_post_thumbnail":0,"footnotes":""},"class_list":["post-3976","page","type-page","status-publish","hentry"],"aioseo_notices":[],"_links":{"self":[{"href":"https:\/\/nova.otroci.org\/index.php\/wp-json\/wp\/v2\/pages\/3976","targetHints":{"allow":["GET"]}}],"collection":[{"href":"https:\/\/nova.otroci.org\/index.php\/wp-json\/wp\/v2\/pages"}],"about":[{"href":"https:\/\/nova.otroci.org\/index.php\/wp-json\/wp\/v2\/types\/page"}],"author":[{"embeddable":true,"href":"https:\/\/nova.otroci.org\/index.php\/wp-json\/wp\/v2\/users\/1"}],"replies":[{"embeddable":true,"href":"https:\/\/nova.otroci.org\/index.php\/wp-json\/wp\/v2\/comments?post=3976"}],"version-history":[{"count":0,"href":"https:\/\/nova.otroci.org\/index.php\/wp-json\/wp\/v2\/pages\/3976\/revisions"}],"wp:attachment":[{"href":"https:\/\/nova.otroci.org\/index.php\/wp-json\/wp\/v2\/media?parent=3976"}],"curies":[{"name":"wp","href":"https:\/\/api.w.org\/{rel}","templated":true}]}}