{"id":3974,"date":"2023-10-14T21:06:52","date_gmt":"2023-10-14T19:06:52","guid":{"rendered":"https:\/\/nova.otroci.org\/?page_id=3974"},"modified":"2024-09-01T11:24:53","modified_gmt":"2024-09-01T09:24:53","slug":"9-razred","status":"publish","type":"page","link":"https:\/\/nova.otroci.org\/index.php\/9-razred\/","title":{"rendered":"9. Razred"},"content":{"rendered":"\n<p><em>Deveti razred osnovne \u0161ole je zaklju\u010dno leto, ki postavlja piko na i osnovno\u0161olskemu izobra\u017eevanju ter u\u010dence pripravlja na vstop v srednjo \u0161olo. V devetem razredu se u\u010denci sre\u010dujejo z raznolikimi u\u010dnimi vsebinami, ki \u0161e dodatno poglabljajo njihovo znanje matematike, sloven\u0161\u010dine, naravoslovja in dru\u017eboslovja. Jezikovni predmeti v devetem razredu poudarjajo literarno analizo, pisanje razli\u010dnih besedil in kriti\u010dno razumevanje, kar razvija njihovo jezikovno zrelost. Naravoslovje v devetem razredu prina\u0161a bolj kompleksne teme, kot so kemija, fizika in biologija, spodbuja eksperimentalno delo ter razvija znanstveno razmi\u0161ljanje. Deveti razred hkrati predstavlja \u010das, ko se u\u010denci pripravljajo na prehod v srednjo \u0161olo, krepijo svoje raziskovalne in samostojne u\u010dne sposobnosti ter razvijajo ve\u0161\u010dine, ki jih bodo potrebovali v nadaljnjem \u0161olanju.<\/em><\/p>\n\n\n\n<h2 class=\"wp-block-heading\">Sloven\u0161\u010dina<\/h2>\n\n\n\n<div class=\"wp-block-columns is-layout-flex wp-container-core-columns-is-layout-9d6595d7 wp-block-columns-is-layout-flex\">\n<div class=\"wp-block-column is-layout-flow wp-block-column-is-layout-flow\"><div class=\"wp-block-image\">\n<figure class=\"aligncenter size-full\"><a href=\"https:\/\/nova.otroci.org\/index.php\/2023\/11\/07\/9-razred-slovenscina\/\"><img loading=\"lazy\" decoding=\"async\" width=\"402\" height=\"568\" src=\"https:\/\/nova.otroci.org\/wp-content\/uploads\/2023\/11\/Deveti_razred_slovenscina_01.jpg\" alt=\"\" class=\"wp-image-5104\" srcset=\"https:\/\/nova.otroci.org\/wp-content\/uploads\/2023\/11\/Deveti_razred_slovenscina_01.jpg 402w, https:\/\/nova.otroci.org\/wp-content\/uploads\/2023\/11\/Deveti_razred_slovenscina_01-212x300.jpg 212w\" sizes=\"auto, (max-width: 402px) 100vw, 402px\" \/><\/a><\/figure><\/div><\/div>\n\n\n\n<div class=\"wp-block-column is-layout-flow wp-block-column-is-layout-flow\"><div class=\"wp-block-image\">\n<figure class=\"aligncenter size-full\"><a href=\"https:\/\/nova.otroci.org\/index.php\/2023\/11\/07\/9-razred-slovenscina\/\"><img loading=\"lazy\" decoding=\"async\" width=\"402\" height=\"568\" src=\"https:\/\/nova.otroci.org\/wp-content\/uploads\/2023\/11\/Deveti_razred_slovenscina_02.jpg\" alt=\"\" class=\"wp-image-5105\" srcset=\"https:\/\/nova.otroci.org\/wp-content\/uploads\/2023\/11\/Deveti_razred_slovenscina_02.jpg 402w, https:\/\/nova.otroci.org\/wp-content\/uploads\/2023\/11\/Deveti_razred_slovenscina_02-212x300.jpg 212w\" sizes=\"auto, (max-width: 402px) 100vw, 402px\" \/><\/a><\/figure><\/div><\/div>\n<\/div>\n\n\n\n<h2 class=\"wp-block-heading\">Matematika<\/h2>\n\n\n\n<div class=\"wp-block-columns is-layout-flex wp-container-core-columns-is-layout-9d6595d7 wp-block-columns-is-layout-flex\">\n<div class=\"wp-block-column is-layout-flow wp-block-column-is-layout-flow\"><div class=\"wp-block-image\">\n<figure class=\"aligncenter size-full\"><a href=\"https:\/\/nova.otroci.org\/index.php\/2023\/11\/13\/9-razred-matematika\/\"><img loading=\"lazy\" decoding=\"async\" width=\"402\" height=\"568\" src=\"https:\/\/nova.otroci.org\/wp-content\/uploads\/2023\/11\/Deveti_razred_matematika_01.jpg\" alt=\"\" class=\"wp-image-5102\" srcset=\"https:\/\/nova.otroci.org\/wp-content\/uploads\/2023\/11\/Deveti_razred_matematika_01.jpg 402w, https:\/\/nova.otroci.org\/wp-content\/uploads\/2023\/11\/Deveti_razred_matematika_01-212x300.jpg 212w\" sizes=\"auto, (max-width: 402px) 100vw, 402px\" \/><\/a><\/figure><\/div><\/div>\n\n\n\n<div class=\"wp-block-column is-layout-flow wp-block-column-is-layout-flow\"><div class=\"wp-block-image\">\n<figure class=\"aligncenter size-full\"><a href=\"https:\/\/nova.otroci.org\/index.php\/2023\/11\/13\/9-razred-matematika\/\"><img loading=\"lazy\" decoding=\"async\" width=\"402\" height=\"568\" src=\"https:\/\/nova.otroci.org\/wp-content\/uploads\/2023\/11\/Deveti_razred_matematika_02.jpg\" alt=\"\" class=\"wp-image-5103\" srcset=\"https:\/\/nova.otroci.org\/wp-content\/uploads\/2023\/11\/Deveti_razred_matematika_02.jpg 402w, https:\/\/nova.otroci.org\/wp-content\/uploads\/2023\/11\/Deveti_razred_matematika_02-212x300.jpg 212w\" sizes=\"auto, (max-width: 402px) 100vw, 402px\" \/><\/a><\/figure><\/div><\/div>\n<\/div>\n\n\n\n<h2 class=\"wp-block-heading\">Fizika<\/h2>\n\n\n\n<div class=\"wp-block-columns is-layout-flex wp-container-core-columns-is-layout-9d6595d7 wp-block-columns-is-layout-flex\">\n<div class=\"wp-block-column is-layout-flow wp-block-column-is-layout-flow\"><div class=\"wp-block-image\">\n<figure class=\"aligncenter size-full\"><a href=\"https:\/\/nova.otroci.org\/index.php\/2023\/11\/13\/9-razred-fizika\/\"><img loading=\"lazy\" decoding=\"async\" width=\"402\" height=\"568\" src=\"https:\/\/nova.otroci.org\/wp-content\/uploads\/2023\/11\/Deveti_razred_fizika_01.jpg\" alt=\"\" class=\"wp-image-5097\" srcset=\"https:\/\/nova.otroci.org\/wp-content\/uploads\/2023\/11\/Deveti_razred_fizika_01.jpg 402w, https:\/\/nova.otroci.org\/wp-content\/uploads\/2023\/11\/Deveti_razred_fizika_01-212x300.jpg 212w\" sizes=\"auto, (max-width: 402px) 100vw, 402px\" \/><\/a><\/figure><\/div><\/div>\n\n\n\n<div class=\"wp-block-column is-layout-flow wp-block-column-is-layout-flow\"><div class=\"wp-block-image\">\n<figure class=\"aligncenter size-full\"><a href=\"https:\/\/nova.otroci.org\/index.php\/2023\/11\/13\/9-razred-fizika\/\"><img loading=\"lazy\" decoding=\"async\" width=\"402\" height=\"568\" src=\"https:\/\/nova.otroci.org\/wp-content\/uploads\/2023\/11\/Deveti_razred_fizika_02.jpg\" alt=\"\" class=\"wp-image-5098\" srcset=\"https:\/\/nova.otroci.org\/wp-content\/uploads\/2023\/11\/Deveti_razred_fizika_02.jpg 402w, https:\/\/nova.otroci.org\/wp-content\/uploads\/2023\/11\/Deveti_razred_fizika_02-212x300.jpg 212w\" sizes=\"auto, (max-width: 402px) 100vw, 402px\" \/><\/a><\/figure><\/div><\/div>\n<\/div>\n\n\n\n<h2 class=\"wp-block-heading\">Kemija<\/h2>\n\n\n\n<div class=\"wp-block-columns is-layout-flex wp-container-core-columns-is-layout-9d6595d7 wp-block-columns-is-layout-flex\">\n<div class=\"wp-block-column is-layout-flow wp-block-column-is-layout-flow\">\n<figure class=\"wp-block-image size-full\"><img loading=\"lazy\" decoding=\"async\" width=\"44\" height=\"34\" src=\"https:\/\/nova.otroci.org\/wp-content\/uploads\/2024\/09\/novo.jpg\" alt=\"\" class=\"wp-image-12751\"\/><\/figure>\n<\/div>\n\n\n\n<div class=\"wp-block-column is-layout-flow wp-block-column-is-layout-flow\">\n<figure class=\"wp-block-image size-full\"><img loading=\"lazy\" decoding=\"async\" width=\"44\" height=\"34\" src=\"https:\/\/nova.otroci.org\/wp-content\/uploads\/2024\/09\/novo.jpg\" alt=\"\" class=\"wp-image-12751\"\/><\/figure>\n<\/div>\n\n\n\n<div class=\"wp-block-column is-layout-flow wp-block-column-is-layout-flow\">\n<figure class=\"wp-block-image size-full\"><img loading=\"lazy\" decoding=\"async\" width=\"44\" height=\"34\" src=\"https:\/\/nova.otroci.org\/wp-content\/uploads\/2024\/09\/novo.jpg\" alt=\"\" class=\"wp-image-12751\"\/><\/figure>\n<\/div>\n<\/div>\n\n\n\n<div class=\"wp-block-columns is-layout-flex wp-container-core-columns-is-layout-9d6595d7 wp-block-columns-is-layout-flex\">\n<div class=\"wp-block-column is-layout-flow wp-block-column-is-layout-flow\"><div class=\"wp-block-image\">\n<figure class=\"aligncenter size-full\"><a href=\"https:\/\/nova.otroci.org\/index.php\/2023\/11\/13\/9-razred-kemija\/\"><img loading=\"lazy\" decoding=\"async\" width=\"402\" height=\"568\" src=\"https:\/\/nova.otroci.org\/wp-content\/uploads\/2023\/11\/Deveti_razred_kemija_01.jpg\" alt=\"\" class=\"wp-image-5100\" srcset=\"https:\/\/nova.otroci.org\/wp-content\/uploads\/2023\/11\/Deveti_razred_kemija_01.jpg 402w, https:\/\/nova.otroci.org\/wp-content\/uploads\/2023\/11\/Deveti_razred_kemija_01-212x300.jpg 212w\" sizes=\"auto, (max-width: 402px) 100vw, 402px\" \/><\/a><\/figure><\/div><\/div>\n\n\n\n<div class=\"wp-block-column is-layout-flow wp-block-column-is-layout-flow\"><div class=\"wp-block-image\">\n<figure class=\"aligncenter size-full\"><a href=\"https:\/\/nova.otroci.org\/index.php\/2023\/11\/13\/9-razred-kemija\/\"><img loading=\"lazy\" decoding=\"async\" width=\"402\" height=\"568\" src=\"https:\/\/nova.otroci.org\/wp-content\/uploads\/2023\/11\/Deveti_razred_kemija_02.jpg\" alt=\"\" class=\"wp-image-5101\" srcset=\"https:\/\/nova.otroci.org\/wp-content\/uploads\/2023\/11\/Deveti_razred_kemija_02.jpg 402w, https:\/\/nova.otroci.org\/wp-content\/uploads\/2023\/11\/Deveti_razred_kemija_02-212x300.jpg 212w\" sizes=\"auto, (max-width: 402px) 100vw, 402px\" \/><\/a><\/figure><\/div><\/div>\n<\/div>\n\n\n\n<h2 class=\"wp-block-heading\">Zgodovina<\/h2>\n\n\n\n<div class=\"wp-block-columns is-layout-flex wp-container-core-columns-is-layout-9d6595d7 wp-block-columns-is-layout-flex\">\n<div class=\"wp-block-column is-layout-flow wp-block-column-is-layout-flow\">\n<figure class=\"wp-block-image size-full\"><img loading=\"lazy\" decoding=\"async\" width=\"44\" height=\"34\" src=\"https:\/\/nova.otroci.org\/wp-content\/uploads\/2024\/09\/novo.jpg\" alt=\"\" class=\"wp-image-12751\"\/><\/figure>\n<\/div>\n\n\n\n<div class=\"wp-block-column is-layout-flow wp-block-column-is-layout-flow\">\n<figure class=\"wp-block-image size-full\"><img loading=\"lazy\" decoding=\"async\" width=\"44\" height=\"34\" src=\"https:\/\/nova.otroci.org\/wp-content\/uploads\/2024\/09\/novo.jpg\" alt=\"\" class=\"wp-image-12751\"\/><\/figure>\n<\/div>\n\n\n\n<div class=\"wp-block-column is-layout-flow wp-block-column-is-layout-flow\">\n<figure class=\"wp-block-image size-full\"><img loading=\"lazy\" decoding=\"async\" width=\"44\" height=\"34\" src=\"https:\/\/nova.otroci.org\/wp-content\/uploads\/2024\/09\/novo.jpg\" alt=\"\" class=\"wp-image-12751\"\/><\/figure>\n<\/div>\n<\/div>\n\n\n\n<div class=\"wp-block-columns is-layout-flex wp-container-core-columns-is-layout-9d6595d7 wp-block-columns-is-layout-flex\">\n<div class=\"wp-block-column is-layout-flow wp-block-column-is-layout-flow\"><div class=\"wp-block-image\">\n<figure class=\"aligncenter size-full\"><a href=\"https:\/\/nova.otroci.org\/index.php\/2023\/11\/13\/9-razred-zgodovina\/\"><img loading=\"lazy\" decoding=\"async\" width=\"402\" height=\"568\" src=\"https:\/\/nova.otroci.org\/wp-content\/uploads\/2023\/11\/Deveti_razred_zgodovina_01.jpg\" alt=\"\" class=\"wp-image-5106\" srcset=\"https:\/\/nova.otroci.org\/wp-content\/uploads\/2023\/11\/Deveti_razred_zgodovina_01.jpg 402w, https:\/\/nova.otroci.org\/wp-content\/uploads\/2023\/11\/Deveti_razred_zgodovina_01-212x300.jpg 212w\" sizes=\"auto, (max-width: 402px) 100vw, 402px\" \/><\/a><\/figure><\/div><\/div>\n\n\n\n<div class=\"wp-block-column is-layout-flow wp-block-column-is-layout-flow\"><div class=\"wp-block-image\">\n<figure class=\"aligncenter size-full\"><a href=\"https:\/\/nova.otroci.org\/index.php\/2023\/11\/13\/9-razred-zgodovina\/\"><img loading=\"lazy\" decoding=\"async\" width=\"402\" height=\"568\" src=\"https:\/\/nova.otroci.org\/wp-content\/uploads\/2023\/11\/Deveti_razred_zgodovina_01.jpg\" alt=\"\" class=\"wp-image-5106\" srcset=\"https:\/\/nova.otroci.org\/wp-content\/uploads\/2023\/11\/Deveti_razred_zgodovina_01.jpg 402w, https:\/\/nova.otroci.org\/wp-content\/uploads\/2023\/11\/Deveti_razred_zgodovina_01-212x300.jpg 212w\" sizes=\"auto, (max-width: 402px) 100vw, 402px\" \/><\/a><\/figure><\/div><\/div>\n<\/div>\n\n\n\n<h2 class=\"wp-block-heading\">Geografija<\/h2>\n\n\n\n<div class=\"wp-block-columns is-layout-flex wp-container-core-columns-is-layout-9d6595d7 wp-block-columns-is-layout-flex\">\n<div class=\"wp-block-column is-layout-flow wp-block-column-is-layout-flow\">\n<figure class=\"wp-block-image size-full\"><img loading=\"lazy\" decoding=\"async\" width=\"44\" height=\"34\" src=\"https:\/\/nova.otroci.org\/wp-content\/uploads\/2024\/09\/novo.jpg\" alt=\"\" class=\"wp-image-12751\"\/><\/figure>\n<\/div>\n\n\n\n<div class=\"wp-block-column is-layout-flow wp-block-column-is-layout-flow\">\n<figure class=\"wp-block-image size-full\"><img loading=\"lazy\" decoding=\"async\" width=\"44\" height=\"34\" src=\"https:\/\/nova.otroci.org\/wp-content\/uploads\/2024\/09\/novo.jpg\" alt=\"\" class=\"wp-image-12751\"\/><\/figure>\n<\/div>\n\n\n\n<div class=\"wp-block-column is-layout-flow wp-block-column-is-layout-flow\">\n<figure class=\"wp-block-image size-full\"><img loading=\"lazy\" decoding=\"async\" width=\"44\" height=\"34\" src=\"https:\/\/nova.otroci.org\/wp-content\/uploads\/2024\/09\/novo.jpg\" alt=\"\" class=\"wp-image-12751\"\/><\/figure>\n<\/div>\n<\/div>\n\n\n\n<div class=\"wp-block-columns is-layout-flex wp-container-core-columns-is-layout-9d6595d7 wp-block-columns-is-layout-flex\">\n<div class=\"wp-block-column is-layout-flow wp-block-column-is-layout-flow\"><div class=\"wp-block-image\">\n<figure class=\"aligncenter size-full\"><a href=\"https:\/\/nova.otroci.org\/index.php\/2023\/11\/13\/9-razred-geografija\/\"><img loading=\"lazy\" decoding=\"async\" width=\"402\" height=\"568\" src=\"https:\/\/nova.otroci.org\/wp-content\/uploads\/2023\/11\/Deveti_razred_geografija_01.jpg\" alt=\"\" class=\"wp-image-5099\" srcset=\"https:\/\/nova.otroci.org\/wp-content\/uploads\/2023\/11\/Deveti_razred_geografija_01.jpg 402w, https:\/\/nova.otroci.org\/wp-content\/uploads\/2023\/11\/Deveti_razred_geografija_01-212x300.jpg 212w\" sizes=\"auto, (max-width: 402px) 100vw, 402px\" \/><\/a><\/figure><\/div><\/div>\n\n\n\n<div class=\"wp-block-column is-layout-flow wp-block-column-is-layout-flow\"><div class=\"wp-block-image\">\n<figure class=\"aligncenter size-full\"><a href=\"https:\/\/nova.otroci.org\/index.php\/2023\/11\/13\/9-razred-geografija\/\"><img loading=\"lazy\" decoding=\"async\" width=\"402\" height=\"568\" src=\"https:\/\/nova.otroci.org\/wp-content\/uploads\/2023\/11\/Deveti_razred_geografija_01.jpg\" alt=\"\" class=\"wp-image-5099\" srcset=\"https:\/\/nova.otroci.org\/wp-content\/uploads\/2023\/11\/Deveti_razred_geografija_01.jpg 402w, https:\/\/nova.otroci.org\/wp-content\/uploads\/2023\/11\/Deveti_razred_geografija_01-212x300.jpg 212w\" sizes=\"auto, (max-width: 402px) 100vw, 402px\" \/><\/a><\/figure><\/div><\/div>\n<\/div>\n\n\n\n<h2 class=\"wp-block-heading\">Biologija<\/h2>\n\n\n\n<div class=\"wp-block-columns is-layout-flex wp-container-core-columns-is-layout-9d6595d7 wp-block-columns-is-layout-flex\">\n<div class=\"wp-block-column is-layout-flow wp-block-column-is-layout-flow\"><div class=\"wp-block-image\">\n<figure class=\"aligncenter size-full\"><a href=\"https:\/\/nova.otroci.org\/index.php\/2023\/11\/13\/9-razred-biologija\/\"><img loading=\"lazy\" decoding=\"async\" width=\"402\" height=\"568\" src=\"https:\/\/nova.otroci.org\/wp-content\/uploads\/2023\/11\/Deveti_razred_biologija_01.jpg\" alt=\"\" class=\"wp-image-5095\" srcset=\"https:\/\/nova.otroci.org\/wp-content\/uploads\/2023\/11\/Deveti_razred_biologija_01.jpg 402w, https:\/\/nova.otroci.org\/wp-content\/uploads\/2023\/11\/Deveti_razred_biologija_01-212x300.jpg 212w\" sizes=\"auto, (max-width: 402px) 100vw, 402px\" \/><\/a><\/figure><\/div><\/div>\n\n\n\n<div class=\"wp-block-column is-layout-flow wp-block-column-is-layout-flow\"><div class=\"wp-block-image\">\n<figure class=\"aligncenter size-full\"><a href=\"https:\/\/nova.otroci.org\/index.php\/2023\/11\/13\/9-razred-biologija\/\"><img loading=\"lazy\" decoding=\"async\" width=\"402\" height=\"568\" src=\"https:\/\/nova.otroci.org\/wp-content\/uploads\/2023\/11\/Deveti_razred_biologija_02.jpg\" alt=\"\" class=\"wp-image-5096\" srcset=\"https:\/\/nova.otroci.org\/wp-content\/uploads\/2023\/11\/Deveti_razred_biologija_02.jpg 402w, https:\/\/nova.otroci.org\/wp-content\/uploads\/2023\/11\/Deveti_razred_biologija_02-212x300.jpg 212w\" sizes=\"auto, (max-width: 402px) 100vw, 402px\" \/><\/a><\/figure><\/div><\/div>\n<\/div>\n\n\n\n<h2 class=\"wp-block-heading\">Angle\u0161\u010dina<\/h2>\n\n\n\n<div class=\"wp-block-columns is-layout-flex wp-container-core-columns-is-layout-9d6595d7 wp-block-columns-is-layout-flex\">\n<div class=\"wp-block-column is-layout-flow wp-block-column-is-layout-flow\"><div class=\"wp-block-image\">\n<figure class=\"aligncenter size-full\"><a href=\"https:\/\/nova.otroci.org\/index.php\/2023\/11\/13\/9-razred-anglescina\/\"><img loading=\"lazy\" decoding=\"async\" width=\"402\" height=\"568\" src=\"https:\/\/nova.otroci.org\/wp-content\/uploads\/2023\/11\/Deveti_razred_anglescina_01.jpg\" alt=\"\" class=\"wp-image-5093\" srcset=\"https:\/\/nova.otroci.org\/wp-content\/uploads\/2023\/11\/Deveti_razred_anglescina_01.jpg 402w, https:\/\/nova.otroci.org\/wp-content\/uploads\/2023\/11\/Deveti_razred_anglescina_01-212x300.jpg 212w\" sizes=\"auto, (max-width: 402px) 100vw, 402px\" \/><\/a><\/figure><\/div><\/div>\n\n\n\n<div class=\"wp-block-column is-layout-flow wp-block-column-is-layout-flow\"><div class=\"wp-block-image\">\n<figure class=\"aligncenter size-full\"><a href=\"https:\/\/nova.otroci.org\/index.php\/2023\/11\/13\/9-razred-anglescina\/\"><img loading=\"lazy\" decoding=\"async\" width=\"402\" height=\"568\" src=\"https:\/\/nova.otroci.org\/wp-content\/uploads\/2023\/11\/Deveti_razred_anglescina_02.jpg\" alt=\"\" class=\"wp-image-5094\" srcset=\"https:\/\/nova.otroci.org\/wp-content\/uploads\/2023\/11\/Deveti_razred_anglescina_02.jpg 402w, https:\/\/nova.otroci.org\/wp-content\/uploads\/2023\/11\/Deveti_razred_anglescina_02-212x300.jpg 212w\" sizes=\"auto, (max-width: 402px) 100vw, 402px\" \/><\/a><\/figure><\/div><\/div>\n<\/div>\n","protected":false},"excerpt":{"rendered":"<p>Deveti razred osnovne \u0161ole je zaklju\u010dno leto, ki postavlja piko na i osnovno\u0161olskemu izobra\u017eevanju ter u\u010dence pripravlja na vstop v<\/p>\n","protected":false},"author":1,"featured_media":0,"parent":0,"menu_order":0,"comment_status":"closed","ping_status":"closed","template":"","meta":{"om_disable_all_campaigns":false,"_monsterinsights_skip_tracking":false,"_monsterinsights_sitenote_active":false,"_monsterinsights_sitenote_note":"","_monsterinsights_sitenote_category":0,"ngg_post_thumbnail":0,"footnotes":""},"class_list":["post-3974","page","type-page","status-publish","hentry"],"aioseo_notices":[],"_links":{"self":[{"href":"https:\/\/nova.otroci.org\/index.php\/wp-json\/wp\/v2\/pages\/3974","targetHints":{"allow":["GET"]}}],"collection":[{"href":"https:\/\/nova.otroci.org\/index.php\/wp-json\/wp\/v2\/pages"}],"about":[{"href":"https:\/\/nova.otroci.org\/index.php\/wp-json\/wp\/v2\/types\/page"}],"author":[{"embeddable":true,"href":"https:\/\/nova.otroci.org\/index.php\/wp-json\/wp\/v2\/users\/1"}],"replies":[{"embeddable":true,"href":"https:\/\/nova.otroci.org\/index.php\/wp-json\/wp\/v2\/comments?post=3974"}],"version-history":[{"count":0,"href":"https:\/\/nova.otroci.org\/index.php\/wp-json\/wp\/v2\/pages\/3974\/revisions"}],"wp:attachment":[{"href":"https:\/\/nova.otroci.org\/index.php\/wp-json\/wp\/v2\/media?parent=3974"}],"curies":[{"name":"wp","href":"https:\/\/api.w.org\/{rel}","templated":true}]}}