{"id":3968,"date":"2023-10-14T21:05:47","date_gmt":"2023-10-14T19:05:47","guid":{"rendered":"https:\/\/nova.otroci.org\/?page_id=3968"},"modified":"2024-09-01T11:21:10","modified_gmt":"2024-09-01T09:21:10","slug":"6-razred","status":"publish","type":"page","link":"https:\/\/nova.otroci.org\/index.php\/6-razred\/","title":{"rendered":"6. Razred"},"content":{"rendered":"\n<p><em>\u0160esti razred osnovne \u0161ole je klju\u010dno obdobje, kjer otroci \u0161irijo svoje znanje in razumevanje, pripravljajo se na zahtevnej\u0161e \u0161olske izzive ter razvijajo svoje kriti\u010dno razmi\u0161ljanje. V \u0161estem razredu se poglobijo v naprednej\u0161e matemati\u010dne koncepte, kot so razlaga algebrai\u010dnih izrazov, geometrijski dokazi ter re\u0161evanje kompleksnej\u0161ih nalog. Sloven\u0161\u010dina v \u0161estem razredu izpostavlja literarno analizo, pisanje razli\u010dnih besedil in razumevanje bolj zahtevnih literarnih del, kar bogati otrokovo jezikovno znanje. Naravoslovje raziskuje biologijo, kemijo in fiziko v ve\u010djem obsegu, spodbuja eksperimentalno delo ter razvija otrokovo sposobnost opazovanja in raziskovanja narave. Dru\u017eboslovje v \u0161estem razredu prina\u0161a poglobljeno razumevanje zgodovine, geografije ter dru\u017ebenih in politi\u010dnih procesov, kar krepi otrokovo ozave\u0161\u010denost o svetu in dru\u017ebi.<\/em><\/p>\n\n\n\n<h2 class=\"wp-block-heading\">Sloven\u0161\u010dina<\/h2>\n\n\n\n<div class=\"wp-block-columns is-layout-flex wp-container-core-columns-is-layout-9d6595d7 wp-block-columns-is-layout-flex\">\n<div class=\"wp-block-column is-layout-flow wp-block-column-is-layout-flow\"><div class=\"wp-block-image\">\n<figure class=\"aligncenter size-full\"><a href=\"https:\/\/nova.otroci.org\/index.php\/2023\/11\/05\/6-razred-slovenscina\/\"><img decoding=\"async\" src=\"https:\/\/nova.otroci.org\/wp-content\/uploads\/2023\/11\/Sesti_razred_slovenscina_01.jpg\" alt=\"\" class=\"wp-image-5169\"\/><\/a><\/figure><\/div><\/div>\n\n\n\n<div class=\"wp-block-column is-layout-flow wp-block-column-is-layout-flow\"><div class=\"wp-block-image\">\n<figure class=\"aligncenter size-full\"><a href=\"https:\/\/nova.otroci.org\/index.php\/2023\/11\/05\/6-razred-slovenscina\/\"><img decoding=\"async\" src=\"https:\/\/nova.otroci.org\/wp-content\/uploads\/2023\/11\/Sesti_razred_slovenscina_02.jpg\" alt=\"\" class=\"wp-image-5170\"\/><\/a><\/figure><\/div><\/div>\n<\/div>\n\n\n\n<h2 class=\"wp-block-heading\">Matematika<\/h2>\n\n\n\n<div class=\"wp-block-columns is-layout-flex wp-container-core-columns-is-layout-9d6595d7 wp-block-columns-is-layout-flex\">\n<div class=\"wp-block-column is-layout-flow wp-block-column-is-layout-flow\"><div class=\"wp-block-image\">\n<figure class=\"aligncenter size-full\"><a href=\"https:\/\/nova.otroci.org\/index.php\/2023\/11\/05\/6-razred-matematika\/\"><img decoding=\"async\" src=\"https:\/\/nova.otroci.org\/wp-content\/uploads\/2023\/11\/Sesti_razred_matematika_01.jpg\" alt=\"\" class=\"wp-image-5166\"\/><\/a><\/figure><\/div><\/div>\n\n\n\n<div class=\"wp-block-column is-layout-flow wp-block-column-is-layout-flow\"><div class=\"wp-block-image\">\n<figure class=\"aligncenter size-full\"><a href=\"https:\/\/nova.otroci.org\/index.php\/2023\/11\/05\/6-razred-matematika\/\"><img decoding=\"async\" src=\"https:\/\/nova.otroci.org\/wp-content\/uploads\/2023\/11\/Sesti_razred_matematika_02.jpg\" alt=\"\" class=\"wp-image-5167\"\/><\/a><\/figure><\/div><\/div>\n<\/div>\n\n\n\n<h2 class=\"wp-block-heading\">Zgodovina <\/h2>\n\n\n\n<div class=\"wp-block-columns is-layout-flex wp-container-core-columns-is-layout-9d6595d7 wp-block-columns-is-layout-flex\">\n<div class=\"wp-block-column is-layout-flow wp-block-column-is-layout-flow\">\n<figure class=\"wp-block-image size-full\"><img loading=\"lazy\" decoding=\"async\" width=\"44\" height=\"34\" src=\"https:\/\/nova.otroci.org\/wp-content\/uploads\/2024\/09\/novo.jpg\" alt=\"\" class=\"wp-image-12751\"\/><\/figure>\n<\/div>\n\n\n\n<div class=\"wp-block-column is-layout-flow wp-block-column-is-layout-flow\">\n<figure class=\"wp-block-image size-full\"><img loading=\"lazy\" decoding=\"async\" width=\"44\" height=\"34\" src=\"https:\/\/nova.otroci.org\/wp-content\/uploads\/2024\/09\/novo.jpg\" alt=\"\" class=\"wp-image-12751\"\/><\/figure>\n<\/div>\n\n\n\n<div class=\"wp-block-column is-layout-flow wp-block-column-is-layout-flow\">\n<figure class=\"wp-block-image size-full\"><img loading=\"lazy\" decoding=\"async\" width=\"44\" height=\"34\" src=\"https:\/\/nova.otroci.org\/wp-content\/uploads\/2024\/09\/novo.jpg\" alt=\"\" class=\"wp-image-12751\"\/><\/figure>\n<\/div>\n<\/div>\n\n\n\n<div class=\"wp-block-columns is-layout-flex wp-container-core-columns-is-layout-9d6595d7 wp-block-columns-is-layout-flex\">\n<div class=\"wp-block-column is-layout-flow wp-block-column-is-layout-flow\"><div class=\"wp-block-image\">\n<figure class=\"aligncenter size-full\"><a href=\"https:\/\/nova.otroci.org\/index.php\/2023\/11\/05\/6-razred-zgodovina\/\"><img decoding=\"async\" src=\"https:\/\/nova.otroci.org\/wp-content\/uploads\/2023\/11\/Sesti_razred_zgodovina_01.jpg\" alt=\"\" class=\"wp-image-5171\"\/><\/a><\/figure><\/div><\/div>\n\n\n\n<div class=\"wp-block-column is-layout-flow wp-block-column-is-layout-flow\"><div class=\"wp-block-image\">\n<figure class=\"aligncenter size-full\"><a href=\"https:\/\/nova.otroci.org\/index.php\/2023\/11\/05\/6-razred-zgodovina\/\"><img decoding=\"async\" src=\"https:\/\/nova.otroci.org\/wp-content\/uploads\/2023\/11\/Sesti_razred_zgodovina_01.jpg\" alt=\"\" class=\"wp-image-5171\"\/><\/a><\/figure><\/div><\/div>\n<\/div>\n\n\n\n<h2 class=\"wp-block-heading\">Geografija<\/h2>\n\n\n\n<div class=\"wp-block-columns is-layout-flex wp-container-core-columns-is-layout-9d6595d7 wp-block-columns-is-layout-flex\">\n<div class=\"wp-block-column is-layout-flow wp-block-column-is-layout-flow\">\n<figure class=\"wp-block-image size-full\"><img loading=\"lazy\" decoding=\"async\" width=\"44\" height=\"34\" src=\"https:\/\/nova.otroci.org\/wp-content\/uploads\/2024\/09\/novo.jpg\" alt=\"\" class=\"wp-image-12751\"\/><\/figure>\n<\/div>\n\n\n\n<div class=\"wp-block-column is-layout-flow wp-block-column-is-layout-flow\">\n<figure class=\"wp-block-image size-full\"><img loading=\"lazy\" decoding=\"async\" width=\"44\" height=\"34\" src=\"https:\/\/nova.otroci.org\/wp-content\/uploads\/2024\/09\/novo.jpg\" alt=\"\" class=\"wp-image-12751\"\/><\/figure>\n<\/div>\n\n\n\n<div class=\"wp-block-column is-layout-flow wp-block-column-is-layout-flow\">\n<figure class=\"wp-block-image size-full\"><img loading=\"lazy\" decoding=\"async\" width=\"44\" height=\"34\" src=\"https:\/\/nova.otroci.org\/wp-content\/uploads\/2024\/09\/novo.jpg\" alt=\"\" class=\"wp-image-12751\"\/><\/figure>\n<\/div>\n<\/div>\n\n\n\n<div class=\"wp-block-columns is-layout-flex wp-container-core-columns-is-layout-9d6595d7 wp-block-columns-is-layout-flex\">\n<div class=\"wp-block-column is-layout-flow wp-block-column-is-layout-flow\"><div class=\"wp-block-image\">\n<figure class=\"aligncenter size-full\"><a href=\"https:\/\/nova.otroci.org\/index.php\/2023\/11\/05\/6-razred-geografija\/\"><img loading=\"lazy\" decoding=\"async\" width=\"402\" height=\"568\" src=\"https:\/\/nova.otroci.org\/wp-content\/uploads\/2023\/11\/Sesti_razred_geografija_01.jpg\" alt=\"\" class=\"wp-image-5164\" srcset=\"https:\/\/nova.otroci.org\/wp-content\/uploads\/2023\/11\/Sesti_razred_geografija_01.jpg 402w, https:\/\/nova.otroci.org\/wp-content\/uploads\/2023\/11\/Sesti_razred_geografija_01-212x300.jpg 212w\" sizes=\"auto, (max-width: 402px) 100vw, 402px\" \/><\/a><\/figure><\/div><\/div>\n\n\n\n<div class=\"wp-block-column is-layout-flow wp-block-column-is-layout-flow\"><div class=\"wp-block-image\">\n<figure class=\"aligncenter size-full\"><a href=\"https:\/\/nova.otroci.org\/index.php\/2023\/11\/05\/6-razred-geografija\/\"><img loading=\"lazy\" decoding=\"async\" width=\"402\" height=\"568\" src=\"https:\/\/nova.otroci.org\/wp-content\/uploads\/2023\/11\/Sesti_razred_geografija_01.jpg\" alt=\"\" class=\"wp-image-5164\" srcset=\"https:\/\/nova.otroci.org\/wp-content\/uploads\/2023\/11\/Sesti_razred_geografija_01.jpg 402w, https:\/\/nova.otroci.org\/wp-content\/uploads\/2023\/11\/Sesti_razred_geografija_01-212x300.jpg 212w\" sizes=\"auto, (max-width: 402px) 100vw, 402px\" \/><\/a><\/figure><\/div><\/div>\n<\/div>\n\n\n\n<h2 class=\"wp-block-heading\">Naravoslovje<\/h2>\n\n\n\n<div class=\"wp-block-columns is-layout-flex wp-container-core-columns-is-layout-9d6595d7 wp-block-columns-is-layout-flex\">\n<div class=\"wp-block-column is-layout-flow wp-block-column-is-layout-flow\">\n<figure class=\"wp-block-image size-full\"><img loading=\"lazy\" decoding=\"async\" width=\"44\" height=\"34\" src=\"https:\/\/nova.otroci.org\/wp-content\/uploads\/2024\/09\/novo.jpg\" alt=\"\" class=\"wp-image-12751\"\/><\/figure>\n<\/div>\n\n\n\n<div class=\"wp-block-column is-layout-flow wp-block-column-is-layout-flow\">\n<figure class=\"wp-block-image size-full\"><img loading=\"lazy\" decoding=\"async\" width=\"44\" height=\"34\" src=\"https:\/\/nova.otroci.org\/wp-content\/uploads\/2024\/09\/novo.jpg\" alt=\"\" class=\"wp-image-12751\"\/><\/figure>\n<\/div>\n\n\n\n<div class=\"wp-block-column is-layout-flow wp-block-column-is-layout-flow\">\n<figure class=\"wp-block-image size-full\"><img loading=\"lazy\" decoding=\"async\" width=\"44\" height=\"34\" src=\"https:\/\/nova.otroci.org\/wp-content\/uploads\/2024\/09\/novo.jpg\" alt=\"\" class=\"wp-image-12751\"\/><\/figure>\n<\/div>\n<\/div>\n\n\n\n<div class=\"wp-block-columns is-layout-flex wp-container-core-columns-is-layout-9d6595d7 wp-block-columns-is-layout-flex\">\n<div class=\"wp-block-column is-layout-flow wp-block-column-is-layout-flow\"><div class=\"wp-block-image\">\n<figure class=\"aligncenter size-full\"><a href=\"https:\/\/nova.otroci.org\/index.php\/2023\/11\/05\/6-razred-naravoslovje\/\"><img loading=\"lazy\" decoding=\"async\" width=\"402\" height=\"568\" src=\"https:\/\/nova.otroci.org\/wp-content\/uploads\/2023\/11\/Sesti_razred_naravoslovje_01.jpg\" alt=\"\" class=\"wp-image-5168\" srcset=\"https:\/\/nova.otroci.org\/wp-content\/uploads\/2023\/11\/Sesti_razred_naravoslovje_01.jpg 402w, https:\/\/nova.otroci.org\/wp-content\/uploads\/2023\/11\/Sesti_razred_naravoslovje_01-212x300.jpg 212w\" sizes=\"auto, (max-width: 402px) 100vw, 402px\" \/><\/a><\/figure><\/div><\/div>\n\n\n\n<div class=\"wp-block-column is-layout-flow wp-block-column-is-layout-flow\"><div class=\"wp-block-image\">\n<figure class=\"aligncenter size-full\"><a href=\"https:\/\/nova.otroci.org\/index.php\/2023\/11\/05\/6-razred-naravoslovje\/\"><img loading=\"lazy\" decoding=\"async\" width=\"402\" height=\"568\" src=\"https:\/\/nova.otroci.org\/wp-content\/uploads\/2023\/11\/Sesti_razred_naravoslovje_01.jpg\" alt=\"\" class=\"wp-image-5168\" srcset=\"https:\/\/nova.otroci.org\/wp-content\/uploads\/2023\/11\/Sesti_razred_naravoslovje_01.jpg 402w, https:\/\/nova.otroci.org\/wp-content\/uploads\/2023\/11\/Sesti_razred_naravoslovje_01-212x300.jpg 212w\" sizes=\"auto, (max-width: 402px) 100vw, 402px\" \/><\/a><\/figure><\/div><\/div>\n<\/div>\n\n\n\n<h2 class=\"wp-block-heading\">Gospodinjstvo<\/h2>\n\n\n\n<div class=\"wp-block-columns is-layout-flex wp-container-core-columns-is-layout-9d6595d7 wp-block-columns-is-layout-flex\">\n<div class=\"wp-block-column is-layout-flow wp-block-column-is-layout-flow\"><div class=\"wp-block-image\">\n<figure class=\"aligncenter size-full\"><a href=\"https:\/\/nova.otroci.org\/index.php\/2023\/11\/05\/6-razred-gospodinjstvo\/\"><img loading=\"lazy\" decoding=\"async\" width=\"402\" height=\"568\" src=\"https:\/\/nova.otroci.org\/wp-content\/uploads\/2023\/11\/Sesti_razred_gospodinjstvo_01.jpg\" alt=\"\" class=\"wp-image-5165\" srcset=\"https:\/\/nova.otroci.org\/wp-content\/uploads\/2023\/11\/Sesti_razred_gospodinjstvo_01.jpg 402w, https:\/\/nova.otroci.org\/wp-content\/uploads\/2023\/11\/Sesti_razred_gospodinjstvo_01-212x300.jpg 212w\" sizes=\"auto, (max-width: 402px) 100vw, 402px\" \/><\/a><\/figure><\/div><\/div>\n\n\n\n<div class=\"wp-block-column is-layout-flow wp-block-column-is-layout-flow\"><div class=\"wp-block-image\">\n<figure class=\"aligncenter size-full\"><a href=\"https:\/\/nova.otroci.org\/index.php\/2023\/11\/05\/6-razred-gospodinjstvo\/\"><img loading=\"lazy\" decoding=\"async\" width=\"402\" height=\"568\" src=\"https:\/\/nova.otroci.org\/wp-content\/uploads\/2023\/11\/Sesti_razred_gospodinjstvo_01.jpg\" alt=\"\" class=\"wp-image-5165\" srcset=\"https:\/\/nova.otroci.org\/wp-content\/uploads\/2023\/11\/Sesti_razred_gospodinjstvo_01.jpg 402w, https:\/\/nova.otroci.org\/wp-content\/uploads\/2023\/11\/Sesti_razred_gospodinjstvo_01-212x300.jpg 212w\" sizes=\"auto, (max-width: 402px) 100vw, 402px\" \/><\/a><\/figure><\/div><\/div>\n<\/div>\n\n\n\n<h2 class=\"wp-block-heading\">Angle\u0161\u010dina<\/h2>\n\n\n\n<div class=\"wp-block-columns is-layout-flex wp-container-core-columns-is-layout-9d6595d7 wp-block-columns-is-layout-flex\">\n<div class=\"wp-block-column is-layout-flow wp-block-column-is-layout-flow\"><div class=\"wp-block-image\">\n<figure class=\"aligncenter size-full\"><img loading=\"lazy\" decoding=\"async\" width=\"402\" height=\"568\" src=\"https:\/\/nova.otroci.org\/wp-content\/uploads\/2023\/11\/Sedmi_razred_anglescina_01.jpg\" alt=\"\" class=\"wp-image-5150\" srcset=\"https:\/\/nova.otroci.org\/wp-content\/uploads\/2023\/11\/Sedmi_razred_anglescina_01.jpg 402w, https:\/\/nova.otroci.org\/wp-content\/uploads\/2023\/11\/Sedmi_razred_anglescina_01-212x300.jpg 212w\" sizes=\"auto, (max-width: 402px) 100vw, 402px\" \/><\/figure><\/div><\/div>\n\n\n\n<div class=\"wp-block-column is-layout-flow wp-block-column-is-layout-flow\"><div class=\"wp-block-image\">\n<figure class=\"aligncenter size-full\"><a href=\"https:\/\/nova.otroci.org\/index.php\/2023\/11\/13\/6-razred-anglescina\/\"><img loading=\"lazy\" decoding=\"async\" width=\"402\" height=\"568\" src=\"https:\/\/nova.otroci.org\/wp-content\/uploads\/2023\/11\/Sedmi_razred_anglescina_02.jpg\" alt=\"\" class=\"wp-image-5151\" srcset=\"https:\/\/nova.otroci.org\/wp-content\/uploads\/2023\/11\/Sedmi_razred_anglescina_02.jpg 402w, https:\/\/nova.otroci.org\/wp-content\/uploads\/2023\/11\/Sedmi_razred_anglescina_02-212x300.jpg 212w\" sizes=\"auto, (max-width: 402px) 100vw, 402px\" \/><\/a><\/figure><\/div><\/div>\n<\/div>\n","protected":false},"excerpt":{"rendered":"<p>\u0160esti razred osnovne \u0161ole je klju\u010dno obdobje, kjer otroci \u0161irijo svoje znanje in razumevanje, pripravljajo se na zahtevnej\u0161e \u0161olske izzive<\/p>\n","protected":false},"author":1,"featured_media":0,"parent":0,"menu_order":0,"comment_status":"closed","ping_status":"closed","template":"","meta":{"om_disable_all_campaigns":false,"_monsterinsights_skip_tracking":false,"_monsterinsights_sitenote_active":false,"_monsterinsights_sitenote_note":"","_monsterinsights_sitenote_category":0,"ngg_post_thumbnail":0,"footnotes":""},"class_list":["post-3968","page","type-page","status-publish","hentry"],"aioseo_notices":[],"_links":{"self":[{"href":"https:\/\/nova.otroci.org\/index.php\/wp-json\/wp\/v2\/pages\/3968","targetHints":{"allow":["GET"]}}],"collection":[{"href":"https:\/\/nova.otroci.org\/index.php\/wp-json\/wp\/v2\/pages"}],"about":[{"href":"https:\/\/nova.otroci.org\/index.php\/wp-json\/wp\/v2\/types\/page"}],"author":[{"embeddable":true,"href":"https:\/\/nova.otroci.org\/index.php\/wp-json\/wp\/v2\/users\/1"}],"replies":[{"embeddable":true,"href":"https:\/\/nova.otroci.org\/index.php\/wp-json\/wp\/v2\/comments?post=3968"}],"version-history":[{"count":0,"href":"https:\/\/nova.otroci.org\/index.php\/wp-json\/wp\/v2\/pages\/3968\/revisions"}],"wp:attachment":[{"href":"https:\/\/nova.otroci.org\/index.php\/wp-json\/wp\/v2\/media?parent=3968"}],"curies":[{"name":"wp","href":"https:\/\/api.w.org\/{rel}","templated":true}]}}