{"id":3966,"date":"2023-10-14T21:05:25","date_gmt":"2023-10-14T19:05:25","guid":{"rendered":"https:\/\/nova.otroci.org\/?page_id=3966"},"modified":"2023-11-24T06:09:12","modified_gmt":"2023-11-24T05:09:12","slug":"5-razred","status":"publish","type":"page","link":"https:\/\/nova.otroci.org\/index.php\/5-razred\/","title":{"rendered":"5. Razred"},"content":{"rendered":"\n<p><em>Peti razred osnovne \u0161ole predstavlja prehodno obdobje, kjer otroci nadgrajujejo svoje znanje in se soo\u010dajo s \u0161ir\u0161im naborom u\u010dnih podro\u010dij, vklju\u010dno z matematiko, sloven\u0161\u010dino, naravoslovjem ter dru\u017eboslovjem. V petem razredu matematika postane bolj kompleksna, zajema teme, kot so decimalna \u0161tevila, odstotki, geometrija, kar razvija otrokovo sposobnost re\u0161evanja zahtevnej\u0161ih matemati\u010dnih problemov. Slovenski jezik se v petem razredu nadgrajuje z ve\u010djo pozornostjo na pravopisu, slovnici in literarnem razumevanju, kar spodbuja otrokovo sposobnost kriti\u010dnega branja. Naravoslovje in dru\u017eboslovje v petem razredu raziskujeta kompleksnej\u0161e teme, kot so ekologija, zgodovina, geografija, s \u010dimer se krepita znanje in razumevanje sveta okoli njih. Peti razred poudarja tudi razvoj socialnih ve\u0161\u010din, timsko delo in samostojnost, saj otroci postopoma prevzemajo ve\u010djo odgovornost za svoje u\u010denje in odnose v skupnosti.<\/em><\/p>\n\n\n\n<h2 class=\"wp-block-heading\">Sloven\u0161\u010dina<\/h2>\n\n\n\n<div class=\"wp-block-columns is-layout-flex wp-container-core-columns-is-layout-9d6595d7 wp-block-columns-is-layout-flex\">\n<div class=\"wp-block-column is-layout-flow wp-block-column-is-layout-flow\"><div class=\"wp-block-image\">\n<figure class=\"aligncenter size-full\"><a href=\"https:\/\/nova.otroci.org\/index.php\/2023\/11\/05\/5-razred-slovenscina\/\"><img loading=\"lazy\" decoding=\"async\" width=\"402\" height=\"568\" src=\"https:\/\/nova.otroci.org\/wp-content\/uploads\/2023\/11\/Peti_razred_slovenscina_01.jpg\" alt=\"\" class=\"wp-image-5139\" srcset=\"https:\/\/nova.otroci.org\/wp-content\/uploads\/2023\/11\/Peti_razred_slovenscina_01.jpg 402w, https:\/\/nova.otroci.org\/wp-content\/uploads\/2023\/11\/Peti_razred_slovenscina_01-212x300.jpg 212w\" sizes=\"auto, (max-width: 402px) 100vw, 402px\" \/><\/a><\/figure><\/div><\/div>\n\n\n\n<div class=\"wp-block-column is-layout-flow wp-block-column-is-layout-flow\"><div class=\"wp-block-image\">\n<figure class=\"aligncenter size-full\"><a href=\"https:\/\/nova.otroci.org\/index.php\/2023\/11\/05\/5-razred-slovenscina\/\"><img loading=\"lazy\" decoding=\"async\" width=\"402\" height=\"568\" src=\"https:\/\/nova.otroci.org\/wp-content\/uploads\/2023\/11\/Peti_razred_slovenscina_02.jpg\" alt=\"\" class=\"wp-image-5140\" srcset=\"https:\/\/nova.otroci.org\/wp-content\/uploads\/2023\/11\/Peti_razred_slovenscina_02.jpg 402w, https:\/\/nova.otroci.org\/wp-content\/uploads\/2023\/11\/Peti_razred_slovenscina_02-212x300.jpg 212w\" sizes=\"auto, (max-width: 402px) 100vw, 402px\" \/><\/a><\/figure><\/div><\/div>\n<\/div>\n\n\n\n<h2 class=\"wp-block-heading\">Matematika<\/h2>\n\n\n\n<div class=\"wp-block-columns is-layout-flex wp-container-core-columns-is-layout-9d6595d7 wp-block-columns-is-layout-flex\">\n<div class=\"wp-block-column is-layout-flow wp-block-column-is-layout-flow\"><div class=\"wp-block-image\">\n<figure class=\"aligncenter size-full\"><a href=\"https:\/\/nova.otroci.org\/index.php\/2023\/11\/05\/5-razred-matematika\/\"><img loading=\"lazy\" decoding=\"async\" width=\"402\" height=\"568\" src=\"https:\/\/nova.otroci.org\/wp-content\/uploads\/2023\/11\/Peti_razred_matematika_01.jpg\" alt=\"\" class=\"wp-image-5136\" srcset=\"https:\/\/nova.otroci.org\/wp-content\/uploads\/2023\/11\/Peti_razred_matematika_01.jpg 402w, https:\/\/nova.otroci.org\/wp-content\/uploads\/2023\/11\/Peti_razred_matematika_01-212x300.jpg 212w\" sizes=\"auto, (max-width: 402px) 100vw, 402px\" \/><\/a><\/figure><\/div><\/div>\n\n\n\n<div class=\"wp-block-column is-layout-flow wp-block-column-is-layout-flow\"><div class=\"wp-block-image\">\n<figure class=\"aligncenter size-full\"><a href=\"https:\/\/nova.otroci.org\/index.php\/2023\/11\/05\/5-razred-matematika\/\"><img loading=\"lazy\" decoding=\"async\" width=\"402\" height=\"568\" src=\"https:\/\/nova.otroci.org\/wp-content\/uploads\/2023\/11\/Peti_razred_matematika_02.jpg\" alt=\"\" class=\"wp-image-5137\" srcset=\"https:\/\/nova.otroci.org\/wp-content\/uploads\/2023\/11\/Peti_razred_matematika_02.jpg 402w, https:\/\/nova.otroci.org\/wp-content\/uploads\/2023\/11\/Peti_razred_matematika_02-212x300.jpg 212w\" sizes=\"auto, (max-width: 402px) 100vw, 402px\" \/><\/a><\/figure><\/div><\/div>\n<\/div>\n\n\n\n<h2 class=\"wp-block-heading\">Dru\u017eba<\/h2>\n\n\n\n<div class=\"wp-block-columns is-layout-flex wp-container-core-columns-is-layout-9d6595d7 wp-block-columns-is-layout-flex\">\n<div class=\"wp-block-column is-layout-flow wp-block-column-is-layout-flow\"><div class=\"wp-block-image\">\n<figure class=\"aligncenter size-full\"><a href=\"https:\/\/nova.otroci.org\/index.php\/2023\/11\/05\/5-razred-druzba\/\"><img loading=\"lazy\" decoding=\"async\" width=\"402\" height=\"568\" src=\"https:\/\/nova.otroci.org\/wp-content\/uploads\/2023\/11\/Peti_razred_druzba_01.jpg\" alt=\"\" class=\"wp-image-5134\" srcset=\"https:\/\/nova.otroci.org\/wp-content\/uploads\/2023\/11\/Peti_razred_druzba_01.jpg 402w, https:\/\/nova.otroci.org\/wp-content\/uploads\/2023\/11\/Peti_razred_druzba_01-212x300.jpg 212w\" sizes=\"auto, (max-width: 402px) 100vw, 402px\" \/><\/a><\/figure><\/div><\/div>\n\n\n\n<div class=\"wp-block-column is-layout-flow wp-block-column-is-layout-flow\"><div class=\"wp-block-image\">\n<figure class=\"aligncenter size-full\"><a href=\"https:\/\/nova.otroci.org\/index.php\/2023\/11\/05\/5-razred-druzba\/\"><img loading=\"lazy\" decoding=\"async\" width=\"402\" height=\"568\" src=\"https:\/\/nova.otroci.org\/wp-content\/uploads\/2023\/11\/Peti_razred_druzba_01.jpg\" alt=\"\" class=\"wp-image-5134\" srcset=\"https:\/\/nova.otroci.org\/wp-content\/uploads\/2023\/11\/Peti_razred_druzba_01.jpg 402w, https:\/\/nova.otroci.org\/wp-content\/uploads\/2023\/11\/Peti_razred_druzba_01-212x300.jpg 212w\" sizes=\"auto, (max-width: 402px) 100vw, 402px\" \/><\/a><\/figure><\/div><\/div>\n<\/div>\n\n\n\n<h2 class=\"wp-block-heading\">Naravoslovje<\/h2>\n\n\n\n<div class=\"wp-block-columns is-layout-flex wp-container-core-columns-is-layout-9d6595d7 wp-block-columns-is-layout-flex\">\n<div class=\"wp-block-column is-layout-flow wp-block-column-is-layout-flow\"><div class=\"wp-block-image\">\n<figure class=\"aligncenter size-full\"><a href=\"https:\/\/nova.otroci.org\/index.php\/2023\/11\/05\/5-razred-naravoslovje\/\"><img loading=\"lazy\" decoding=\"async\" width=\"402\" height=\"568\" src=\"https:\/\/nova.otroci.org\/wp-content\/uploads\/2023\/11\/Peti_razred_naravoslovje_01.jpg\" alt=\"\" class=\"wp-image-5138\" srcset=\"https:\/\/nova.otroci.org\/wp-content\/uploads\/2023\/11\/Peti_razred_naravoslovje_01.jpg 402w, https:\/\/nova.otroci.org\/wp-content\/uploads\/2023\/11\/Peti_razred_naravoslovje_01-212x300.jpg 212w\" sizes=\"auto, (max-width: 402px) 100vw, 402px\" \/><\/a><\/figure><\/div><\/div>\n\n\n\n<div class=\"wp-block-column is-layout-flow wp-block-column-is-layout-flow\"><div class=\"wp-block-image\">\n<figure class=\"aligncenter size-full\"><a href=\"https:\/\/nova.otroci.org\/index.php\/2023\/11\/05\/5-razred-naravoslovje\/\"><img loading=\"lazy\" decoding=\"async\" width=\"402\" height=\"568\" src=\"https:\/\/nova.otroci.org\/wp-content\/uploads\/2023\/11\/Peti_razred_naravoslovje_01.jpg\" alt=\"\" class=\"wp-image-5138\" srcset=\"https:\/\/nova.otroci.org\/wp-content\/uploads\/2023\/11\/Peti_razred_naravoslovje_01.jpg 402w, https:\/\/nova.otroci.org\/wp-content\/uploads\/2023\/11\/Peti_razred_naravoslovje_01-212x300.jpg 212w\" sizes=\"auto, (max-width: 402px) 100vw, 402px\" \/><\/a><\/figure><\/div><\/div>\n<\/div>\n\n\n\n<h2 class=\"wp-block-heading\">Gospodinjstvo<\/h2>\n\n\n\n<div class=\"wp-block-columns is-layout-flex wp-container-core-columns-is-layout-9d6595d7 wp-block-columns-is-layout-flex\">\n<div class=\"wp-block-column is-layout-flow wp-block-column-is-layout-flow\"><div class=\"wp-block-image\">\n<figure class=\"aligncenter size-full\"><a href=\"https:\/\/nova.otroci.org\/index.php\/2023\/11\/05\/5-razred-gospodinjstvo\/\"><img loading=\"lazy\" decoding=\"async\" width=\"402\" height=\"568\" src=\"https:\/\/nova.otroci.org\/wp-content\/uploads\/2023\/11\/Peti_razred_gospodinjstvo_01.jpg\" alt=\"\" class=\"wp-image-5135\" srcset=\"https:\/\/nova.otroci.org\/wp-content\/uploads\/2023\/11\/Peti_razred_gospodinjstvo_01.jpg 402w, https:\/\/nova.otroci.org\/wp-content\/uploads\/2023\/11\/Peti_razred_gospodinjstvo_01-212x300.jpg 212w\" sizes=\"auto, (max-width: 402px) 100vw, 402px\" \/><\/a><\/figure><\/div><\/div>\n\n\n\n<div class=\"wp-block-column is-layout-flow wp-block-column-is-layout-flow\"><div class=\"wp-block-image\">\n<figure class=\"aligncenter size-full\"><a href=\"https:\/\/nova.otroci.org\/index.php\/2023\/11\/05\/5-razred-gospodinjstvo\/\"><img loading=\"lazy\" decoding=\"async\" width=\"402\" height=\"568\" src=\"https:\/\/nova.otroci.org\/wp-content\/uploads\/2023\/11\/Peti_razred_gospodinjstvo_01.jpg\" alt=\"\" class=\"wp-image-5135\" srcset=\"https:\/\/nova.otroci.org\/wp-content\/uploads\/2023\/11\/Peti_razred_gospodinjstvo_01.jpg 402w, https:\/\/nova.otroci.org\/wp-content\/uploads\/2023\/11\/Peti_razred_gospodinjstvo_01-212x300.jpg 212w\" sizes=\"auto, (max-width: 402px) 100vw, 402px\" \/><\/a><\/figure><\/div><\/div>\n<\/div>\n\n\n\n<h2 class=\"wp-block-heading\">Angle\u0161\u010dina<\/h2>\n\n\n\n<div class=\"wp-block-columns is-layout-flex wp-container-core-columns-is-layout-9d6595d7 wp-block-columns-is-layout-flex\">\n<div class=\"wp-block-column is-layout-flow wp-block-column-is-layout-flow\"><div class=\"wp-block-image\">\n<figure class=\"aligncenter size-full\"><a href=\"https:\/\/nova.otroci.org\/index.php\/2023\/11\/05\/5-razred-anglescina\/\"><img loading=\"lazy\" decoding=\"async\" width=\"402\" height=\"568\" src=\"https:\/\/nova.otroci.org\/wp-content\/uploads\/2023\/11\/Peti_razred_anglescina_01.jpg\" alt=\"\" class=\"wp-image-5132\" srcset=\"https:\/\/nova.otroci.org\/wp-content\/uploads\/2023\/11\/Peti_razred_anglescina_01.jpg 402w, https:\/\/nova.otroci.org\/wp-content\/uploads\/2023\/11\/Peti_razred_anglescina_01-212x300.jpg 212w\" sizes=\"auto, (max-width: 402px) 100vw, 402px\" \/><\/a><\/figure><\/div><\/div>\n\n\n\n<div class=\"wp-block-column is-layout-flow wp-block-column-is-layout-flow\"><div class=\"wp-block-image\">\n<figure class=\"aligncenter size-full\"><a href=\"https:\/\/nova.otroci.org\/index.php\/2023\/11\/05\/5-razred-anglescina\/\"><img loading=\"lazy\" decoding=\"async\" width=\"402\" height=\"568\" src=\"https:\/\/nova.otroci.org\/wp-content\/uploads\/2023\/11\/Peti_razred_anglescina_02.jpg\" alt=\"\" class=\"wp-image-5133\" srcset=\"https:\/\/nova.otroci.org\/wp-content\/uploads\/2023\/11\/Peti_razred_anglescina_02.jpg 402w, https:\/\/nova.otroci.org\/wp-content\/uploads\/2023\/11\/Peti_razred_anglescina_02-212x300.jpg 212w\" sizes=\"auto, (max-width: 402px) 100vw, 402px\" \/><\/a><\/figure><\/div><\/div>\n<\/div>\n","protected":false},"excerpt":{"rendered":"<p>Peti razred osnovne \u0161ole predstavlja prehodno obdobje, kjer otroci nadgrajujejo svoje znanje in se soo\u010dajo s \u0161ir\u0161im naborom u\u010dnih podro\u010dij,<\/p>\n","protected":false},"author":1,"featured_media":0,"parent":0,"menu_order":0,"comment_status":"closed","ping_status":"closed","template":"","meta":{"om_disable_all_campaigns":false,"_monsterinsights_skip_tracking":false,"_monsterinsights_sitenote_active":false,"_monsterinsights_sitenote_note":"","_monsterinsights_sitenote_category":0,"ngg_post_thumbnail":0,"footnotes":""},"class_list":["post-3966","page","type-page","status-publish","hentry"],"aioseo_notices":[],"_links":{"self":[{"href":"https:\/\/nova.otroci.org\/index.php\/wp-json\/wp\/v2\/pages\/3966","targetHints":{"allow":["GET"]}}],"collection":[{"href":"https:\/\/nova.otroci.org\/index.php\/wp-json\/wp\/v2\/pages"}],"about":[{"href":"https:\/\/nova.otroci.org\/index.php\/wp-json\/wp\/v2\/types\/page"}],"author":[{"embeddable":true,"href":"https:\/\/nova.otroci.org\/index.php\/wp-json\/wp\/v2\/users\/1"}],"replies":[{"embeddable":true,"href":"https:\/\/nova.otroci.org\/index.php\/wp-json\/wp\/v2\/comments?post=3966"}],"version-history":[{"count":0,"href":"https:\/\/nova.otroci.org\/index.php\/wp-json\/wp\/v2\/pages\/3966\/revisions"}],"wp:attachment":[{"href":"https:\/\/nova.otroci.org\/index.php\/wp-json\/wp\/v2\/media?parent=3966"}],"curies":[{"name":"wp","href":"https:\/\/api.w.org\/{rel}","templated":true}]}}