{"id":3962,"date":"2023-10-14T21:04:45","date_gmt":"2023-10-14T19:04:45","guid":{"rendered":"https:\/\/nova.otroci.org\/?page_id=3962"},"modified":"2023-11-24T06:01:15","modified_gmt":"2023-11-24T05:01:15","slug":"3-razred","status":"publish","type":"page","link":"https:\/\/nova.otroci.org\/index.php\/3-razred\/","title":{"rendered":"3. Razred"},"content":{"rendered":"\n<p><em>Tretji razred osnovne \u0161ole predstavlja pomembno obdobje, kjer otroci nadgrajujejo svoje bralne, matemati\u010dne in znanstvene sposobnosti.<br>V tretjem razredu se poglobijo v \u0161tevilne matemati\u010dne koncepte, kot so mno\u017eenje, deljenje in razli\u010dne oblike merjenja, kar krepi njihovo razumevanje \u0161tevil in matemati\u010dnih postopkov. U\u010dni program v tretjem razredu vklju\u010duje tudi raziskovanje narave in okolja ter razvoj dru\u017eboslovnih ve\u0161\u010din skozi predmete, kot sta dru\u017eba in naravoslovje. Poleg \u0161olskih vsebin se tretji razred osredoto\u010da na razvoj kriti\u010dnega razmi\u0161ljanja, re\u0161evanja problemov ter spodbuja otrokovo radovednost in ustvarjalnost. U\u010ditelji in star\u0161i sodelujejo pri oblikovanju spodbudnega u\u010dnega okolja, kjer se otroci v tretjem razredu razvijajo ne le akademsko, temve\u010d tudi socialno in \u010dustveno.<\/em><\/p>\n\n\n\n<h2 class=\"wp-block-heading\">Sloven\u0161\u010dina<\/h2>\n\n\n\n<div class=\"wp-block-columns is-layout-flex wp-container-core-columns-is-layout-9d6595d7 wp-block-columns-is-layout-flex\">\n<div class=\"wp-block-column is-layout-flow wp-block-column-is-layout-flow\"><div class=\"wp-block-image\">\n<figure class=\"aligncenter size-full\"><a href=\"https:\/\/nova.otroci.org\/index.php\/2023\/10\/28\/3-razred-slovenscina\/\"><img loading=\"lazy\" decoding=\"async\" width=\"402\" height=\"568\" src=\"https:\/\/nova.otroci.org\/wp-content\/uploads\/2023\/11\/Tretji_razred_slovenscina_01.jpg\" alt=\"\" class=\"wp-image-5176\" srcset=\"https:\/\/nova.otroci.org\/wp-content\/uploads\/2023\/11\/Tretji_razred_slovenscina_01.jpg 402w, https:\/\/nova.otroci.org\/wp-content\/uploads\/2023\/11\/Tretji_razred_slovenscina_01-212x300.jpg 212w\" sizes=\"auto, (max-width: 402px) 100vw, 402px\" \/><\/a><\/figure><\/div><\/div>\n\n\n\n<div class=\"wp-block-column is-layout-flow wp-block-column-is-layout-flow\"><div class=\"wp-block-image\">\n<figure class=\"aligncenter size-full\"><a href=\"https:\/\/nova.otroci.org\/index.php\/2023\/10\/28\/3-razred-slovenscina\/\"><img loading=\"lazy\" decoding=\"async\" width=\"402\" height=\"568\" src=\"https:\/\/nova.otroci.org\/wp-content\/uploads\/2023\/11\/Tretji_razred_slovenscina_02.jpg\" alt=\"\" class=\"wp-image-5177\" srcset=\"https:\/\/nova.otroci.org\/wp-content\/uploads\/2023\/11\/Tretji_razred_slovenscina_02.jpg 402w, https:\/\/nova.otroci.org\/wp-content\/uploads\/2023\/11\/Tretji_razred_slovenscina_02-212x300.jpg 212w\" sizes=\"auto, (max-width: 402px) 100vw, 402px\" \/><\/a><\/figure><\/div><\/div>\n<\/div>\n\n\n\n<h2 class=\"wp-block-heading\">Sloven\u0161\u010dina besedilne naloge<\/h2>\n\n\n\n<div class=\"wp-block-columns is-layout-flex wp-container-core-columns-is-layout-9d6595d7 wp-block-columns-is-layout-flex\">\n<div class=\"wp-block-column is-layout-flow wp-block-column-is-layout-flow\"><div class=\"wp-block-image\">\n<figure class=\"aligncenter size-full\"><a href=\"https:\/\/nova.otroci.org\/index.php\/2023\/11\/12\/3-razred-besedilne-naloge\/\"><img loading=\"lazy\" decoding=\"async\" width=\"402\" height=\"568\" src=\"https:\/\/nova.otroci.org\/wp-content\/uploads\/2023\/11\/Tretji_razred_slovenscina_besedilne_01.jpg\" alt=\"\" class=\"wp-image-5178\" srcset=\"https:\/\/nova.otroci.org\/wp-content\/uploads\/2023\/11\/Tretji_razred_slovenscina_besedilne_01.jpg 402w, https:\/\/nova.otroci.org\/wp-content\/uploads\/2023\/11\/Tretji_razred_slovenscina_besedilne_01-212x300.jpg 212w\" sizes=\"auto, (max-width: 402px) 100vw, 402px\" \/><\/a><\/figure><\/div><\/div>\n\n\n\n<div class=\"wp-block-column is-layout-flow wp-block-column-is-layout-flow\"><div class=\"wp-block-image\">\n<figure class=\"aligncenter size-full\"><a href=\"https:\/\/nova.otroci.org\/index.php\/2023\/11\/12\/3-razred-besedilne-naloge\/\"><img loading=\"lazy\" decoding=\"async\" width=\"402\" height=\"568\" src=\"https:\/\/nova.otroci.org\/wp-content\/uploads\/2023\/11\/Tretji_razred_slovenscina_besedilne_02.jpg\" alt=\"\" class=\"wp-image-5179\" srcset=\"https:\/\/nova.otroci.org\/wp-content\/uploads\/2023\/11\/Tretji_razred_slovenscina_besedilne_02.jpg 402w, https:\/\/nova.otroci.org\/wp-content\/uploads\/2023\/11\/Tretji_razred_slovenscina_besedilne_02-212x300.jpg 212w\" sizes=\"auto, (max-width: 402px) 100vw, 402px\" \/><\/a><\/figure><\/div><\/div>\n<\/div>\n\n\n\n<h2 class=\"wp-block-heading\">Matematika<\/h2>\n\n\n\n<div class=\"wp-block-columns is-layout-flex wp-container-core-columns-is-layout-9d6595d7 wp-block-columns-is-layout-flex\">\n<div class=\"wp-block-column is-layout-flow wp-block-column-is-layout-flow\"><div class=\"wp-block-image\">\n<figure class=\"aligncenter size-full\"><a href=\"https:\/\/nova.otroci.org\/index.php\/2023\/10\/28\/3-razred-matematika\/\"><img loading=\"lazy\" decoding=\"async\" width=\"402\" height=\"568\" src=\"https:\/\/nova.otroci.org\/wp-content\/uploads\/2023\/11\/Tretji_razred_matematika_01.jpg\" alt=\"\" class=\"wp-image-5172\" srcset=\"https:\/\/nova.otroci.org\/wp-content\/uploads\/2023\/11\/Tretji_razred_matematika_01.jpg 402w, https:\/\/nova.otroci.org\/wp-content\/uploads\/2023\/11\/Tretji_razred_matematika_01-212x300.jpg 212w\" sizes=\"auto, (max-width: 402px) 100vw, 402px\" \/><\/a><\/figure><\/div><\/div>\n\n\n\n<div class=\"wp-block-column is-layout-flow wp-block-column-is-layout-flow\"><div class=\"wp-block-image\">\n<figure class=\"aligncenter size-full\"><a href=\"https:\/\/nova.otroci.org\/index.php\/2023\/10\/28\/3-razred-matematika\/\"><img loading=\"lazy\" decoding=\"async\" width=\"402\" height=\"568\" src=\"https:\/\/nova.otroci.org\/wp-content\/uploads\/2023\/11\/Tretji_razred_matematika_02.jpg\" alt=\"\" class=\"wp-image-5173\" srcset=\"https:\/\/nova.otroci.org\/wp-content\/uploads\/2023\/11\/Tretji_razred_matematika_02.jpg 402w, https:\/\/nova.otroci.org\/wp-content\/uploads\/2023\/11\/Tretji_razred_matematika_02-212x300.jpg 212w\" sizes=\"auto, (max-width: 402px) 100vw, 402px\" \/><\/a><\/figure><\/div><\/div>\n<\/div>\n\n\n\n<h2 class=\"wp-block-heading\">Matematika vaje<\/h2>\n\n\n\n<div class=\"wp-block-columns is-layout-flex wp-container-core-columns-is-layout-9d6595d7 wp-block-columns-is-layout-flex\">\n<div class=\"wp-block-column is-layout-flow wp-block-column-is-layout-flow\"><div class=\"wp-block-image\">\n<figure class=\"aligncenter size-full\"><a href=\"https:\/\/nova.otroci.org\/index.php\/2023\/11\/12\/3-razred-matematika-vaje\/\"><img loading=\"lazy\" decoding=\"async\" width=\"402\" height=\"568\" src=\"https:\/\/nova.otroci.org\/wp-content\/uploads\/2023\/11\/Tretji_razred_matematika_vaje_01.jpg\" alt=\"\" class=\"wp-image-5174\" srcset=\"https:\/\/nova.otroci.org\/wp-content\/uploads\/2023\/11\/Tretji_razred_matematika_vaje_01.jpg 402w, https:\/\/nova.otroci.org\/wp-content\/uploads\/2023\/11\/Tretji_razred_matematika_vaje_01-212x300.jpg 212w\" sizes=\"auto, (max-width: 402px) 100vw, 402px\" \/><\/a><\/figure><\/div><\/div>\n\n\n\n<div class=\"wp-block-column is-layout-flow wp-block-column-is-layout-flow\"><div class=\"wp-block-image\">\n<figure class=\"aligncenter size-full\"><a href=\"https:\/\/nova.otroci.org\/index.php\/2023\/11\/12\/3-razred-matematika-vaje\/\"><img loading=\"lazy\" decoding=\"async\" width=\"402\" height=\"568\" src=\"https:\/\/nova.otroci.org\/wp-content\/uploads\/2023\/11\/Tretji_razred_matematika_vaje_02.jpg\" alt=\"\" class=\"wp-image-5175\" srcset=\"https:\/\/nova.otroci.org\/wp-content\/uploads\/2023\/11\/Tretji_razred_matematika_vaje_02.jpg 402w, https:\/\/nova.otroci.org\/wp-content\/uploads\/2023\/11\/Tretji_razred_matematika_vaje_02-212x300.jpg 212w\" sizes=\"auto, (max-width: 402px) 100vw, 402px\" \/><\/a><\/figure><\/div><\/div>\n<\/div>\n\n\n\n<h2 class=\"wp-block-heading\">Spoznavanje okolja<\/h2>\n\n\n\n<div class=\"wp-block-columns is-layout-flex wp-container-core-columns-is-layout-9d6595d7 wp-block-columns-is-layout-flex\">\n<div class=\"wp-block-column is-layout-flow wp-block-column-is-layout-flow\"><div class=\"wp-block-image\">\n<figure class=\"aligncenter size-full\"><a href=\"https:\/\/nova.otroci.org\/index.php\/2023\/10\/28\/3-razred-spoznavanje-okolja\/\"><img loading=\"lazy\" decoding=\"async\" width=\"402\" height=\"568\" src=\"https:\/\/nova.otroci.org\/wp-content\/uploads\/2023\/11\/Tretji_razred_spo_01.jpg\" alt=\"\" class=\"wp-image-5180\" srcset=\"https:\/\/nova.otroci.org\/wp-content\/uploads\/2023\/11\/Tretji_razred_spo_01.jpg 402w, https:\/\/nova.otroci.org\/wp-content\/uploads\/2023\/11\/Tretji_razred_spo_01-212x300.jpg 212w\" sizes=\"auto, (max-width: 402px) 100vw, 402px\" \/><\/a><\/figure><\/div><\/div>\n\n\n\n<div class=\"wp-block-column is-layout-flow wp-block-column-is-layout-flow\"><div class=\"wp-block-image\">\n<figure class=\"aligncenter size-full\"><a href=\"https:\/\/nova.otroci.org\/index.php\/2023\/10\/28\/3-razred-spoznavanje-okolja\/\"><img loading=\"lazy\" decoding=\"async\" width=\"402\" height=\"568\" src=\"https:\/\/nova.otroci.org\/wp-content\/uploads\/2023\/11\/Tretji_razred_spo_01.jpg\" alt=\"\" class=\"wp-image-5180\" srcset=\"https:\/\/nova.otroci.org\/wp-content\/uploads\/2023\/11\/Tretji_razred_spo_01.jpg 402w, https:\/\/nova.otroci.org\/wp-content\/uploads\/2023\/11\/Tretji_razred_spo_01-212x300.jpg 212w\" sizes=\"auto, (max-width: 402px) 100vw, 402px\" \/><\/a><\/figure><\/div><\/div>\n<\/div>\n","protected":false},"excerpt":{"rendered":"<p>Tretji razred osnovne \u0161ole predstavlja pomembno obdobje, kjer otroci nadgrajujejo svoje bralne, matemati\u010dne in znanstvene sposobnosti.V tretjem razredu se poglobijo<\/p>\n","protected":false},"author":1,"featured_media":0,"parent":0,"menu_order":0,"comment_status":"closed","ping_status":"closed","template":"","meta":{"om_disable_all_campaigns":false,"_monsterinsights_skip_tracking":false,"_monsterinsights_sitenote_active":false,"_monsterinsights_sitenote_note":"","_monsterinsights_sitenote_category":0,"ngg_post_thumbnail":0,"footnotes":""},"class_list":["post-3962","page","type-page","status-publish","hentry"],"aioseo_notices":[],"_links":{"self":[{"href":"https:\/\/nova.otroci.org\/index.php\/wp-json\/wp\/v2\/pages\/3962","targetHints":{"allow":["GET"]}}],"collection":[{"href":"https:\/\/nova.otroci.org\/index.php\/wp-json\/wp\/v2\/pages"}],"about":[{"href":"https:\/\/nova.otroci.org\/index.php\/wp-json\/wp\/v2\/types\/page"}],"author":[{"embeddable":true,"href":"https:\/\/nova.otroci.org\/index.php\/wp-json\/wp\/v2\/users\/1"}],"replies":[{"embeddable":true,"href":"https:\/\/nova.otroci.org\/index.php\/wp-json\/wp\/v2\/comments?post=3962"}],"version-history":[{"count":0,"href":"https:\/\/nova.otroci.org\/index.php\/wp-json\/wp\/v2\/pages\/3962\/revisions"}],"wp:attachment":[{"href":"https:\/\/nova.otroci.org\/index.php\/wp-json\/wp\/v2\/media?parent=3962"}],"curies":[{"name":"wp","href":"https:\/\/api.w.org\/{rel}","templated":true}]}}