{"id":3954,"date":"2023-10-14T19:52:29","date_gmt":"2023-10-14T17:52:29","guid":{"rendered":"https:\/\/nova.otroci.org\/?page_id=3954"},"modified":"2023-11-24T05:55:37","modified_gmt":"2023-11-24T04:55:37","slug":"1-razred","status":"publish","type":"page","link":"https:\/\/nova.otroci.org\/index.php\/1-razred\/","title":{"rendered":"1. Razred"},"content":{"rendered":"\n<p><em>Prvi razred osnovne \u0161ole je vznemirljiv \u010das za otroke, ko se za\u010denjajo u\u010diti osnove \u0161tevil, branja in pisanja. V predmetu sloven\u0161\u010dina se otroci u\u010dijo abecede, branja preprostih besed in pisanja svojih prvih besed. V matematiki se spoznavajo s \u0161tevili in osnovnimi ra\u010dunskimi operacijami, kot so se\u0161tevanje in od\u0161tevanje. Predmet spoznavanje okolja pa jih u\u010di o svetu okoli sebe, razli\u010dnih \u017eivih bitjih in naravnih pojavih. Skozi te predmete prvi razredniki razvijajo svoje spretnosti in znanje, ki jim bodo pomagali pri nadaljnjem u\u010denju.<\/em><\/p>\n\n\n\n<h2 class=\"wp-block-heading\">Sloven\u0161\u010dina<\/h2>\n\n\n\n<div class=\"wp-block-columns is-layout-flex wp-container-core-columns-is-layout-9d6595d7 wp-block-columns-is-layout-flex\">\n<div class=\"wp-block-column is-layout-flow wp-block-column-is-layout-flow\"><div class=\"wp-block-image\">\n<figure class=\"aligncenter size-full\"><a href=\"https:\/\/nova.otroci.org\/index.php\/2023\/10\/16\/1-razred-slovenscina\/\"><img loading=\"lazy\" decoding=\"async\" width=\"402\" height=\"568\" src=\"https:\/\/nova.otroci.org\/wp-content\/uploads\/2023\/11\/Prvi_razred_slovenscina_v_01.jpg\" alt=\"\" class=\"wp-image-5147\" srcset=\"https:\/\/nova.otroci.org\/wp-content\/uploads\/2023\/11\/Prvi_razred_slovenscina_v_01.jpg 402w, https:\/\/nova.otroci.org\/wp-content\/uploads\/2023\/11\/Prvi_razred_slovenscina_v_01-212x300.jpg 212w\" sizes=\"auto, (max-width: 402px) 100vw, 402px\" \/><\/a><\/figure><\/div><\/div>\n\n\n\n<div class=\"wp-block-column is-layout-flow wp-block-column-is-layout-flow\"><div class=\"wp-block-image\">\n<figure class=\"aligncenter size-full\"><a href=\"https:\/\/nova.otroci.org\/index.php\/2023\/10\/16\/1-razred-slovenscina\/\"><img loading=\"lazy\" decoding=\"async\" width=\"402\" height=\"568\" src=\"https:\/\/nova.otroci.org\/wp-content\/uploads\/2023\/11\/Prvi_razred_slovenscina_v_02.jpg\" alt=\"\" class=\"wp-image-5148\" srcset=\"https:\/\/nova.otroci.org\/wp-content\/uploads\/2023\/11\/Prvi_razred_slovenscina_v_02.jpg 402w, https:\/\/nova.otroci.org\/wp-content\/uploads\/2023\/11\/Prvi_razred_slovenscina_v_02-212x300.jpg 212w\" sizes=\"auto, (max-width: 402px) 100vw, 402px\" \/><\/a><\/figure><\/div><\/div>\n<\/div>\n\n\n\n<h2 class=\"wp-block-heading\">Sloven\u0161\u010dina pisava<\/h2>\n\n\n\n<div class=\"wp-block-columns is-layout-flex wp-container-core-columns-is-layout-9d6595d7 wp-block-columns-is-layout-flex\">\n<div class=\"wp-block-column is-layout-flow wp-block-column-is-layout-flow\"><div class=\"wp-block-image\">\n<figure class=\"aligncenter size-full\"><a href=\"https:\/\/nova.otroci.org\/index.php\/2023\/11\/10\/1-razred-slovenscina-pisava\/\"><img loading=\"lazy\" decoding=\"async\" width=\"402\" height=\"568\" src=\"https:\/\/nova.otroci.org\/wp-content\/uploads\/2023\/11\/Prvi_razred_slovenscina_pisava_01.jpg\" alt=\"\" class=\"wp-image-5145\" srcset=\"https:\/\/nova.otroci.org\/wp-content\/uploads\/2023\/11\/Prvi_razred_slovenscina_pisava_01.jpg 402w, https:\/\/nova.otroci.org\/wp-content\/uploads\/2023\/11\/Prvi_razred_slovenscina_pisava_01-212x300.jpg 212w\" sizes=\"auto, (max-width: 402px) 100vw, 402px\" \/><\/a><\/figure><\/div><\/div>\n\n\n\n<div class=\"wp-block-column is-layout-flow wp-block-column-is-layout-flow\"><div class=\"wp-block-image\">\n<figure class=\"aligncenter size-full\"><a href=\"https:\/\/nova.otroci.org\/index.php\/2023\/11\/10\/1-razred-slovenscina-pisava\/\"><img loading=\"lazy\" decoding=\"async\" width=\"402\" height=\"568\" src=\"https:\/\/nova.otroci.org\/wp-content\/uploads\/2023\/11\/Prvi_razred_slovenscina_pisava_02.jpg\" alt=\"\" class=\"wp-image-5146\" srcset=\"https:\/\/nova.otroci.org\/wp-content\/uploads\/2023\/11\/Prvi_razred_slovenscina_pisava_02.jpg 402w, https:\/\/nova.otroci.org\/wp-content\/uploads\/2023\/11\/Prvi_razred_slovenscina_pisava_02-212x300.jpg 212w\" sizes=\"auto, (max-width: 402px) 100vw, 402px\" \/><\/a><\/figure><\/div><\/div>\n<\/div>\n\n\n\n<h2 class=\"wp-block-heading\">Matematika<\/h2>\n\n\n\n<div class=\"wp-block-columns is-layout-flex wp-container-core-columns-is-layout-9d6595d7 wp-block-columns-is-layout-flex\">\n<div class=\"wp-block-column is-layout-flow wp-block-column-is-layout-flow\"><div class=\"wp-block-image\">\n<figure class=\"aligncenter size-full\"><a href=\"https:\/\/nova.otroci.org\/index.php\/2023\/10\/16\/1-razred-matematika\/\"><img loading=\"lazy\" decoding=\"async\" width=\"402\" height=\"568\" src=\"https:\/\/nova.otroci.org\/wp-content\/uploads\/2023\/11\/Prvi_razred_matematika_v_01.jpg\" alt=\"\" class=\"wp-image-5141\" srcset=\"https:\/\/nova.otroci.org\/wp-content\/uploads\/2023\/11\/Prvi_razred_matematika_v_01.jpg 402w, https:\/\/nova.otroci.org\/wp-content\/uploads\/2023\/11\/Prvi_razred_matematika_v_01-212x300.jpg 212w\" sizes=\"auto, (max-width: 402px) 100vw, 402px\" \/><\/a><\/figure><\/div><\/div>\n\n\n\n<div class=\"wp-block-column is-layout-flow wp-block-column-is-layout-flow\"><div class=\"wp-block-image\">\n<figure class=\"aligncenter size-full\"><a href=\"https:\/\/nova.otroci.org\/index.php\/2023\/10\/16\/1-razred-matematika\/\"><img loading=\"lazy\" decoding=\"async\" width=\"402\" height=\"568\" src=\"https:\/\/nova.otroci.org\/wp-content\/uploads\/2023\/11\/Prvi_razred_matematika_v_02.jpg\" alt=\"\" class=\"wp-image-5142\" srcset=\"https:\/\/nova.otroci.org\/wp-content\/uploads\/2023\/11\/Prvi_razred_matematika_v_02.jpg 402w, https:\/\/nova.otroci.org\/wp-content\/uploads\/2023\/11\/Prvi_razred_matematika_v_02-212x300.jpg 212w\" sizes=\"auto, (max-width: 402px) 100vw, 402px\" \/><\/a><\/figure><\/div><\/div>\n<\/div>\n\n\n\n<h2 class=\"wp-block-heading\">Matematika vaje<\/h2>\n\n\n\n<div class=\"wp-block-columns is-layout-flex wp-container-core-columns-is-layout-9d6595d7 wp-block-columns-is-layout-flex\">\n<div class=\"wp-block-column is-layout-flow wp-block-column-is-layout-flow\"><div class=\"wp-block-image\">\n<figure class=\"aligncenter size-full\"><a href=\"https:\/\/nova.otroci.org\/index.php\/2023\/11\/10\/1-razred-matematika-vaje\/\"><img loading=\"lazy\" decoding=\"async\" width=\"402\" height=\"568\" src=\"https:\/\/nova.otroci.org\/wp-content\/uploads\/2023\/11\/Prvi_razred_matematika_vaje_01.jpg\" alt=\"\" class=\"wp-image-5143\" srcset=\"https:\/\/nova.otroci.org\/wp-content\/uploads\/2023\/11\/Prvi_razred_matematika_vaje_01.jpg 402w, https:\/\/nova.otroci.org\/wp-content\/uploads\/2023\/11\/Prvi_razred_matematika_vaje_01-212x300.jpg 212w\" sizes=\"auto, (max-width: 402px) 100vw, 402px\" \/><\/a><\/figure><\/div><\/div>\n\n\n\n<div class=\"wp-block-column is-layout-flow wp-block-column-is-layout-flow\"><div class=\"wp-block-image\">\n<figure class=\"aligncenter size-full\"><a href=\"https:\/\/nova.otroci.org\/index.php\/2023\/11\/10\/1-razred-matematika-vaje\/\"><img loading=\"lazy\" decoding=\"async\" width=\"402\" height=\"568\" src=\"https:\/\/nova.otroci.org\/wp-content\/uploads\/2023\/11\/Prvi_razred_matematika_vaje_02.jpg\" alt=\"\" class=\"wp-image-5144\" srcset=\"https:\/\/nova.otroci.org\/wp-content\/uploads\/2023\/11\/Prvi_razred_matematika_vaje_02.jpg 402w, https:\/\/nova.otroci.org\/wp-content\/uploads\/2023\/11\/Prvi_razred_matematika_vaje_02-212x300.jpg 212w\" sizes=\"auto, (max-width: 402px) 100vw, 402px\" \/><\/a><\/figure><\/div><\/div>\n<\/div>\n\n\n\n<h2 class=\"wp-block-heading\">Spoznavanje okolja<\/h2>\n\n\n\n<div class=\"wp-block-columns is-layout-flex wp-container-core-columns-is-layout-9d6595d7 wp-block-columns-is-layout-flex\">\n<div class=\"wp-block-column is-layout-flow wp-block-column-is-layout-flow\"><div class=\"wp-block-image\">\n<figure class=\"aligncenter size-full\"><a href=\"https:\/\/nova.otroci.org\/index.php\/2023\/10\/16\/1-razred-spoznavanje-okolja\/\"><img loading=\"lazy\" decoding=\"async\" width=\"402\" height=\"568\" src=\"https:\/\/nova.otroci.org\/wp-content\/uploads\/2023\/11\/Prvi_razred_spo_v_01.jpg\" alt=\"\" class=\"wp-image-5149\" srcset=\"https:\/\/nova.otroci.org\/wp-content\/uploads\/2023\/11\/Prvi_razred_spo_v_01.jpg 402w, https:\/\/nova.otroci.org\/wp-content\/uploads\/2023\/11\/Prvi_razred_spo_v_01-212x300.jpg 212w\" sizes=\"auto, (max-width: 402px) 100vw, 402px\" \/><\/a><\/figure><\/div><\/div>\n\n\n\n<div class=\"wp-block-column is-layout-flow wp-block-column-is-layout-flow\"><div class=\"wp-block-image\">\n<figure class=\"aligncenter size-full\"><a href=\"https:\/\/nova.otroci.org\/index.php\/2023\/10\/16\/1-razred-spoznavanje-okolja\/\"><img loading=\"lazy\" decoding=\"async\" width=\"402\" height=\"568\" src=\"https:\/\/nova.otroci.org\/wp-content\/uploads\/2023\/11\/Prvi_razred_spo_v_01.jpg\" alt=\"\" class=\"wp-image-5149\" srcset=\"https:\/\/nova.otroci.org\/wp-content\/uploads\/2023\/11\/Prvi_razred_spo_v_01.jpg 402w, https:\/\/nova.otroci.org\/wp-content\/uploads\/2023\/11\/Prvi_razred_spo_v_01-212x300.jpg 212w\" sizes=\"auto, (max-width: 402px) 100vw, 402px\" \/><\/a><\/figure><\/div><\/div>\n<\/div>\n","protected":false},"excerpt":{"rendered":"<p>Prvi razred osnovne \u0161ole je vznemirljiv \u010das za otroke, ko se za\u010denjajo u\u010diti osnove \u0161tevil, branja in pisanja. V predmetu<\/p>\n","protected":false},"author":1,"featured_media":0,"parent":0,"menu_order":0,"comment_status":"closed","ping_status":"closed","template":"","meta":{"om_disable_all_campaigns":false,"_monsterinsights_skip_tracking":false,"_monsterinsights_sitenote_active":false,"_monsterinsights_sitenote_note":"","_monsterinsights_sitenote_category":0,"ngg_post_thumbnail":0,"footnotes":""},"class_list":["post-3954","page","type-page","status-publish","hentry"],"aioseo_notices":[],"_links":{"self":[{"href":"https:\/\/nova.otroci.org\/index.php\/wp-json\/wp\/v2\/pages\/3954","targetHints":{"allow":["GET"]}}],"collection":[{"href":"https:\/\/nova.otroci.org\/index.php\/wp-json\/wp\/v2\/pages"}],"about":[{"href":"https:\/\/nova.otroci.org\/index.php\/wp-json\/wp\/v2\/types\/page"}],"author":[{"embeddable":true,"href":"https:\/\/nova.otroci.org\/index.php\/wp-json\/wp\/v2\/users\/1"}],"replies":[{"embeddable":true,"href":"https:\/\/nova.otroci.org\/index.php\/wp-json\/wp\/v2\/comments?post=3954"}],"version-history":[{"count":0,"href":"https:\/\/nova.otroci.org\/index.php\/wp-json\/wp\/v2\/pages\/3954\/revisions"}],"wp:attachment":[{"href":"https:\/\/nova.otroci.org\/index.php\/wp-json\/wp\/v2\/media?parent=3954"}],"curies":[{"name":"wp","href":"https:\/\/api.w.org\/{rel}","templated":true}]}}