{"id":14296,"date":"2025-08-22T14:15:37","date_gmt":"2025-08-22T12:15:37","guid":{"rendered":"https:\/\/nova.otroci.org\/?page_id=14296"},"modified":"2025-08-22T14:24:50","modified_gmt":"2025-08-22T12:24:50","slug":"ucni-listi-za-dislektike-1-razred","status":"publish","type":"page","link":"https:\/\/nova.otroci.org\/index.php\/ucni-listi-za-dislektike-1-razred\/","title":{"rendered":"U\u010dni listi za dislektike &#8211; 1. razred"},"content":{"rendered":"\n<p>U\u010dni listi za dislektike so oblikovani tako, da otrokom z bralnimi te\u017eavami omogo\u010dajo la\u017eje razumevanje in re\u0161evanje nalog. Besedilo je zapisano z ve\u010djo, berljivo pisavo <strong>OpenDyslexic<\/strong>, z ustreznimi razmiki med vrsticami in \u010drkami. Naloge so kratke, jasne in pregledno razporejene po strani. Namen tak\u0161nega pristopa je zmanj\u0161ati napor pri branju ter pove\u010dati samozavest in uspe\u0161nost otrok z disleksijo.<\/p>\n\n\n\n<h2 class=\"wp-block-heading has-pale-cyan-blue-background-color has-background\">1. RAZRED<\/h2>\n\n\n\n<div class=\"wp-block-columns is-layout-flex wp-container-core-columns-is-layout-9d6595d7 wp-block-columns-is-layout-flex\">\n<div class=\"wp-block-column is-vertically-aligned-center is-layout-flow wp-block-column-is-layout-flow\" style=\"flex-basis:33.33%\">\n<h2 class=\"wp-block-heading has-text-align-left\"><a href=\"https:\/\/nova.otroci.org\/index.php\/2025\/08\/20\/1-razred-slovenscina-za-dislektike\/\" title=\"1. razred dislektiki\">Sloven\u0161\u010dina<\/a><\/h2>\n\n\n\n<p>&#8211; Prepoznavanje in zapis \u010drk<br>&#8211; Povezovanje glasov in \u010drk<br>&#8211; Zapisovanje besed in povedi<br>&#8211; Branje kraj\u0161ih besedil<br>&#8211; Lo\u010dila<br>&#8211; Urejanje besed po abecedi<\/p>\n<\/div>\n\n\n\n<div class=\"wp-block-column is-vertically-aligned-top is-layout-flow wp-block-column-is-layout-flow\" style=\"flex-basis:66.66%\">\n<p><br><br><\/p>\n\n\n\n<figure class=\"wp-block-image size-full\"><a href=\"https:\/\/nova.otroci.org\/index.php\/2025\/08\/20\/1-razred-slovenscina-za-dislektike\/\"><img loading=\"lazy\" decoding=\"async\" width=\"402\" height=\"568\" src=\"https:\/\/nova.otroci.org\/wp-content\/uploads\/2025\/05\/Slovenscina_1_disleksija_03.jpg\" alt=\"\" class=\"wp-image-13898\" style=\"object-fit:cover\" srcset=\"https:\/\/nova.otroci.org\/wp-content\/uploads\/2025\/05\/Slovenscina_1_disleksija_03.jpg 402w, https:\/\/nova.otroci.org\/wp-content\/uploads\/2025\/05\/Slovenscina_1_disleksija_03-212x300.jpg 212w\" sizes=\"auto, (max-width: 402px) 100vw, 402px\" \/><\/a><\/figure>\n<\/div>\n<\/div>\n\n\n\n<hr class=\"wp-block-separator has-text-color has-vivid-cyan-blue-color has-alpha-channel-opacity has-vivid-cyan-blue-background-color has-background is-style-wide\"\/>\n\n\n\n<div class=\"wp-block-columns is-layout-flex wp-container-core-columns-is-layout-9d6595d7 wp-block-columns-is-layout-flex\">\n<div class=\"wp-block-column is-vertically-aligned-center is-layout-flow wp-block-column-is-layout-flow\" style=\"flex-basis:33.33%\">\n<h2 class=\"wp-block-heading has-text-align-left\"><a href=\"https:\/\/nova.otroci.org\/index.php\/2025\/08\/20\/1-razred-matematika-dislektiki\/\" title=\"\">Matematika<\/a><\/h2>\n\n\n\n<p>&#8211; \u0160tetje do 10 20 100<br>&#8211; Se\u0161tevanje in od\u0161tevanje do 20<br>&#8211; Geometrijski liki<br>&#8211; Re\u0161evanje enostavnih besedilnih nalog<br>&#8211; Ve\u010dje manj\u0161e enako<br>&#8211; Spoznavanje \u010dasa<\/p>\n<\/div>\n\n\n\n<div class=\"wp-block-column is-layout-flow wp-block-column-is-layout-flow\" style=\"flex-basis:66.66%\">\n<figure class=\"wp-block-image size-full\"><a href=\"https:\/\/nova.otroci.org\/index.php\/2025\/08\/20\/1-razred-matematika-dislektiki\/\"><img loading=\"lazy\" decoding=\"async\" width=\"402\" height=\"568\" src=\"https:\/\/nova.otroci.org\/wp-content\/uploads\/2025\/05\/Matematika_1_disleksija_01.jpg\" alt=\"\" class=\"wp-image-13890\" srcset=\"https:\/\/nova.otroci.org\/wp-content\/uploads\/2025\/05\/Matematika_1_disleksija_01.jpg 402w, https:\/\/nova.otroci.org\/wp-content\/uploads\/2025\/05\/Matematika_1_disleksija_01-212x300.jpg 212w\" sizes=\"auto, (max-width: 402px) 100vw, 402px\" \/><\/a><\/figure>\n<\/div>\n<\/div>\n\n\n\n<hr class=\"wp-block-separator has-text-color has-vivid-cyan-blue-color has-alpha-channel-opacity has-vivid-cyan-blue-background-color has-background is-style-wide\"\/>\n\n\n\n<div class=\"wp-block-columns is-layout-flex wp-container-core-columns-is-layout-9d6595d7 wp-block-columns-is-layout-flex\">\n<div class=\"wp-block-column is-vertically-aligned-center is-layout-flow wp-block-column-is-layout-flow\" style=\"flex-basis:33.33%\">\n<h2 class=\"wp-block-heading\"><a href=\"https:\/\/nova.otroci.org\/index.php\/2025\/08\/20\/1-razred-spo-dislektiki\/\" title=\"\">SPO<\/a><\/h2>\n\n\n\n<p>&#8211; Letni \u010dasi in vreme<br>&#8211; Deli telesa in \u010dutila<br>&#8211; Doma\u010de \u017eivali<br>&#8211; Promet in prometna varnost<br>&#8211; Dru\u017eina in poklici<br>&#8211; \u0160ola in \u0161olski bonton<\/p>\n<\/div>\n\n\n\n<div class=\"wp-block-column is-layout-flow wp-block-column-is-layout-flow\" style=\"flex-basis:66.66%\">\n<figure class=\"wp-block-image size-full\"><a href=\"https:\/\/nova.otroci.org\/index.php\/2025\/08\/20\/1-razred-spo-dislektiki\/\"><img loading=\"lazy\" decoding=\"async\" width=\"402\" height=\"568\" src=\"https:\/\/nova.otroci.org\/wp-content\/uploads\/2025\/05\/SPO_1_disleksija_01.jpg\" alt=\"\" class=\"wp-image-13894\" srcset=\"https:\/\/nova.otroci.org\/wp-content\/uploads\/2025\/05\/SPO_1_disleksija_01.jpg 402w, https:\/\/nova.otroci.org\/wp-content\/uploads\/2025\/05\/SPO_1_disleksija_01-212x300.jpg 212w\" sizes=\"auto, (max-width: 402px) 100vw, 402px\" \/><\/a><\/figure>\n<\/div>\n<\/div>\n\n\n\n<p><\/p>\n","protected":false},"excerpt":{"rendered":"<p>U\u010dni listi za dislektike so oblikovani tako, da otrokom z bralnimi te\u017eavami omogo\u010dajo la\u017eje razumevanje in re\u0161evanje nalog. Besedilo je<\/p>\n","protected":false},"author":1,"featured_media":0,"parent":0,"menu_order":0,"comment_status":"closed","ping_status":"closed","template":"","meta":{"om_disable_all_campaigns":false,"_monsterinsights_skip_tracking":false,"_monsterinsights_sitenote_active":false,"_monsterinsights_sitenote_note":"","_monsterinsights_sitenote_category":0,"ngg_post_thumbnail":0,"footnotes":""},"class_list":["post-14296","page","type-page","status-publish","hentry"],"aioseo_notices":[],"_links":{"self":[{"href":"https:\/\/nova.otroci.org\/index.php\/wp-json\/wp\/v2\/pages\/14296","targetHints":{"allow":["GET"]}}],"collection":[{"href":"https:\/\/nova.otroci.org\/index.php\/wp-json\/wp\/v2\/pages"}],"about":[{"href":"https:\/\/nova.otroci.org\/index.php\/wp-json\/wp\/v2\/types\/page"}],"author":[{"embeddable":true,"href":"https:\/\/nova.otroci.org\/index.php\/wp-json\/wp\/v2\/users\/1"}],"replies":[{"embeddable":true,"href":"https:\/\/nova.otroci.org\/index.php\/wp-json\/wp\/v2\/comments?post=14296"}],"version-history":[{"count":3,"href":"https:\/\/nova.otroci.org\/index.php\/wp-json\/wp\/v2\/pages\/14296\/revisions"}],"predecessor-version":[{"id":14305,"href":"https:\/\/nova.otroci.org\/index.php\/wp-json\/wp\/v2\/pages\/14296\/revisions\/14305"}],"wp:attachment":[{"href":"https:\/\/nova.otroci.org\/index.php\/wp-json\/wp\/v2\/media?parent=14296"}],"curies":[{"name":"wp","href":"https:\/\/api.w.org\/{rel}","templated":true}]}}