{"id":13551,"date":"2025-12-20T12:38:28","date_gmt":"2025-12-20T11:38:28","guid":{"rendered":"https:\/\/nova.otroci.org\/?page_id=13551"},"modified":"2026-01-10T12:28:13","modified_gmt":"2026-01-10T11:28:13","slug":"nagradna-igra","status":"publish","type":"page","link":"https:\/\/nova.otroci.org\/index.php\/nagradna-igra\/","title":{"rendered":"Nagradna igra"},"content":{"rendered":"\n<figure class=\"wp-block-image size-large\"><img loading=\"lazy\" decoding=\"async\" width=\"1024\" height=\"519\" src=\"https:\/\/nova.otroci.org\/wp-content\/uploads\/2025\/11\/nagradna_2025-1024x519.png\" alt=\"\" class=\"wp-image-14440\" srcset=\"https:\/\/nova.otroci.org\/wp-content\/uploads\/2025\/11\/nagradna_2025-1024x519.png 1024w, https:\/\/nova.otroci.org\/wp-content\/uploads\/2025\/11\/nagradna_2025-300x152.png 300w, https:\/\/nova.otroci.org\/wp-content\/uploads\/2025\/11\/nagradna_2025-768x389.png 768w, https:\/\/nova.otroci.org\/wp-content\/uploads\/2025\/11\/nagradna_2025.png 1328w\" sizes=\"auto, (max-width: 1024px) 100vw, 1024px\" \/><\/figure>\n\n\n\n<p class=\"has-medium-font-size\"><strong>\ud83c\udf81 BO\u017dI\u010cNO &#8211; NOVOLETNA NAGRADNA IGRA! \ud83e\udde0\ud83d\udcda<\/strong><\/p>\n\n\n\n<h2 class=\"wp-block-heading\">NAGRAJENCI NAGRADNE IGRE<\/h2>\n\n\n\n<p><strong>IZ\u017dREBALI SMO TRI NAGRAJENCE NAGRADNE IGRE in sicer : <\/strong><\/p>\n\n\n\n<ul class=\"wp-block-list\">\n<li>Renata Kerovec<\/li>\n\n\n\n<li>Danai Kolar<\/li>\n\n\n\n<li>Mateja Jaklitsch<\/li>\n<\/ul>\n\n\n\n<p>Nagrajencem \u010destitamo. <\/p>\n\n\n\n<p><\/p>\n\n\n\n<h2 class=\"wp-block-heading\"><strong>Re\u0161itev nagradne igre<\/strong><\/h2>\n\n\n\n<p>VPRA\u0160ANJE: Bo\u017ei\u010dek \u0161tarta iz Bo\u017ei\u010dkove vasi (Rovaniemi, Finska). V eni no\u010di \u017eeli obiskati pribli\u017eno 40 evropskih prestolnic in obdariti otroke v Sloveniji to\u010dno 25. decembra ob polno\u010di.<br>Skupna dol\u017eina poti med prestolnicami je pribli\u017eno 16.000 km, v vsaki prestolnici se ustavi 2 minuti. No\u010d \u0161tejemo kot 12 ur (od 18:00 do 06:00 po srednjeevropskem \u010dasu).<\/p>\n\n\n\n<p><br>1. S kak\u0161no povpre\u010dno hitrostjo mora leteti, da vse uspe v eni no\u010di in da je v Sloveniji ob 00:00?<br>2. Katere dr\u017eave bo najverjetneje preletel na poti iz Rovaniemi do Slovenije?<\/p>\n\n\n\n<p><\/p>\n\n\n\n<h2 class=\"wp-block-heading\"><strong>RE\u0160ITEV : <\/strong><\/h2>\n\n\n\n<p>Povpre\u010dna hitrost \u2248 1.500 km\/h.<br>Dr\u017eave na poti (ena verjetna varianta): Finska \u2192 Estonija ali Latvija \u2192 Litva \u2192 Poljska \u2192 \u010ce\u0161ka \u2192 Avstrija \u2192 Slovenija.<\/p>\n\n\n\n<p>Podroben izra\u010dun:<\/p>\n\n\n\n<p>Povpre\u010dna hitrost:<\/p>\n\n\n\n<p>\u010cas postankov: 40 prestolnic \u00d7 2 min = 80 min = 1 h 20 min = 1,333\u2026 h.<\/p>\n\n\n\n<p>Razpolo\u017eljiv \u010das za let: Skupaj 12 h \u2212 1,333\u2026 h = 10,666\u2026 h (= 10 h 40 min).<\/p>\n\n\n\n<p>Pot za prelet: 16.000 km.<\/p>\n\n\n\n<figure class=\"wp-block-image size-full\"><img loading=\"lazy\" decoding=\"async\" width=\"635\" height=\"75\" src=\"https:\/\/nova.otroci.org\/wp-content\/uploads\/2025\/11\/Disleksija010.jpg\" alt=\"\" class=\"wp-image-14453\" srcset=\"https:\/\/nova.otroci.org\/wp-content\/uploads\/2025\/11\/Disleksija010.jpg 635w, https:\/\/nova.otroci.org\/wp-content\/uploads\/2025\/11\/Disleksija010-300x35.jpg 300w\" sizes=\"auto, (max-width: 635px) 100vw, 635px\" \/><\/figure>\n\n\n\n<p>Nagrajencem \u010destitamo.<\/p>\n\n\n\n<p class=\"has-medium-font-size\">\ud83c\udf85 <strong>Koliko \u010dasa potuje Bo\u017ei\u010dek iz svoje vasi na Finskem do otrok v Sloveniji?<\/strong><\/p>\n\n\n\n<div class=\"wp-block-columns is-layout-flex wp-container-core-columns-is-layout-9d6595d7 wp-block-columns-is-layout-flex\">\n<div class=\"wp-block-column is-layout-flow wp-block-column-is-layout-flow\">\n<p><strong>NALOGA:<\/strong><br><strong>Bo\u017ei\u010dek \u0161tarta iz Bo\u017ei\u010dkove vasi (Rovaniemi, Finska). V eni no\u010di \u017eeli obiskati pribli\u017eno 40 evropskih prestolnic in obdariti otroke v Sloveniji to\u010dno 25. decembra ob polno\u010di. Skupna dol\u017eina poti med prestolnicami je pribli\u017eno 16.000 km, v vsaki prestolnici se ustavi 2 minuti. No\u010d \u0161tejemo kot 12 ur (od 18:00 do 06:00 po srednjeevropskem \u010dasu).<\/strong><\/p>\n\n\n\n<p class=\"has-text-color has-link-color wp-elements-1a8b4ff76b4670e07618ec7803899954\" style=\"color:#399d2a\"><strong>VPRA\u0160ANJE:<\/strong><br>1. S kak\u0161no povpre\u010dno hitrostjo mora leteti, da vse uspe v eni no\u010di in da je v Sloveniji to\u010dno 25. decembra ob polno\u010di?<br>2. Katere dr\u017eave bo najverjetneje preletel na poti iz Rovaniemi do Slovenije?<\/p>\n\n\n\n<p>Odgovore po\u0161ljite preko <strong>SPODNJEGA <\/strong>spletnega obrazca : <a href=\"https:\/\/nova.otroci.org\/index.php\/nagradna-igra\/\" title=\"\"><strong> <\/strong><\/a>ali na <strong>email<\/strong> <strong><a href=\"mailto:nagradna.igra@otroci.org\" title=\"\">nagradna.igra@otroci.org<\/a><\/strong><\/p>\n\n\n\n<p><strong>\ud83d\udc49 Sodeluj v bo\u017ei\u010dni nalogi in nagradni igri<\/strong><\/p>\n<\/div>\n<\/div>\n\n\n\n<p>\u2709\ufe0f <strong>Kako sodelovati?<\/strong><br>Svoj odgovor lahko po\u0161lje\u0161:<\/p>\n\n\n\n<ul class=\"wp-block-list\">\n<li>preko spodnjega obrazca, ali<\/li>\n\n\n\n<li>po e-po\u0161ti na: <strong>nagradna.igra@otroci.org<\/strong><\/li>\n<\/ul>\n\n\n\n<p><strong>Ne odla\u0161aj \u2013 re\u0161i nalogo in se poteguj za lepo nagrado! <\/strong>\ud83d\ude80<\/p>\n\n\n\n<hr class=\"wp-block-separator has-text-color has-vivid-cyan-blue-color has-alpha-channel-opacity has-vivid-cyan-blue-background-color has-background is-style-wide\"\/>\n\n\n\n<h2 class=\"wp-block-heading\">ODGOVOR NA NAGRADNO IGRO !<\/h2>\n\n\n<div class=\"wpforms-container wpforms-container-full wpforms-block wpforms-block-aa25d996-35b8-46ab-bcd4-075da6d9242b wpforms-render-modern\" id=\"wpforms-13557\"><form id=\"wpforms-form-13557\" class=\"wpforms-validate wpforms-form wpforms-ajax-form\" data-formid=\"13557\" method=\"post\" enctype=\"multipart\/form-data\" action=\"\/index.php\/wp-json\/wp\/v2\/pages\/13551\" data-token=\"7c728271091f90ed0a77c67b61bd7534\" data-token-time=\"1776525662\"><noscript class=\"wpforms-error-noscript\">Please enable JavaScript in your browser to complete this form.<\/noscript><div class=\"wpforms-hidden\" id=\"wpforms-error-noscript\">Please enable JavaScript in your browser to complete this form.<\/div><div class=\"wpforms-field-container\"><div id=\"wpforms-13557-field_1-container\" class=\"wpforms-field wpforms-field-name\" data-field-id=\"1\"><fieldset><legend class=\"wpforms-field-label\">Ime in Priimek <span class=\"wpforms-required-label\" aria-hidden=\"true\">*<\/span><\/legend><div class=\"wpforms-field-row wpforms-field-medium\"><div class=\"wpforms-field-row-block wpforms-first wpforms-one-half\"><input type=\"text\" id=\"wpforms-13557-field_1\" class=\"wpforms-field-name-first wpforms-field-required\" name=\"wpforms[fields][1][first]\" aria-errormessage=\"wpforms-13557-field_1-error\" required><label for=\"wpforms-13557-field_1\" class=\"wpforms-field-sublabel after\">First<\/label><\/div><div class=\"wpforms-field-row-block wpforms-one-half\"><input type=\"text\" id=\"wpforms-13557-field_1-last\" class=\"wpforms-field-name-last wpforms-field-required\" name=\"wpforms[fields][1][last]\" aria-errormessage=\"wpforms-13557-field_1-last-error\" required><label for=\"wpforms-13557-field_1-last\" class=\"wpforms-field-sublabel after\">Last<\/label><\/div><\/div><\/fieldset><\/div><div id=\"wpforms-13557-field_2-container\" class=\"wpforms-field wpforms-field-email\" data-field-id=\"2\"><label class=\"wpforms-field-label\" for=\"wpforms-13557-field_2\">Email <span class=\"wpforms-required-label\" aria-hidden=\"true\">*<\/span><\/label><input type=\"email\" id=\"wpforms-13557-field_2\" class=\"wpforms-field-medium wpforms-field-required\" name=\"wpforms[fields][2]\" spellcheck=\"false\" aria-errormessage=\"wpforms-13557-field_2-error\" required><\/div><div id=\"wpforms-13557-field_3-container\" class=\"wpforms-field wpforms-field-textarea\" data-field-id=\"3\"><label class=\"wpforms-field-label\" for=\"wpforms-13557-field_3\">Odgovor :  <span class=\"wpforms-required-label\" aria-hidden=\"true\">*<\/span><\/label><textarea id=\"wpforms-13557-field_3\" class=\"wpforms-field-medium wpforms-field-required\" name=\"wpforms[fields][3]\" aria-errormessage=\"wpforms-13557-field_3-error\" aria-describedby=\"wpforms-13557-field_3-description\" required><\/textarea><div id=\"wpforms-13557-field_3-description\" class=\"wpforms-field-description\">Potrebna sta dva odgovora:<br \/><br \/>\n\n1. S kak\u0161no povpre\u010dno hitrostjo mora leteti, da vse uspe v eni no\u010di in da je v Sloveniji to\u010dno 25. decembra ob polno\u010di?<br \/>\n2. Katere dr\u017eave bo najverjetneje preletel na poti iz Rovaniemi do Slovenije?\n<\/div><\/div><\/div><!-- .wpforms-field-container --><div class=\"wpforms-submit-container\" ><input type=\"hidden\" name=\"wpforms[id]\" value=\"13557\"><input type=\"hidden\" name=\"page_title\" value=\"\"><input type=\"hidden\" name=\"page_url\" value=\"https:\/\/nova.otroci.org\/index.php\/wp-json\/wp\/v2\/pages\/13551\"><input type=\"hidden\" name=\"url_referer\" value=\"\"><button type=\"submit\" name=\"wpforms[submit]\" id=\"wpforms-submit-13557\" class=\"wpforms-submit\" data-alt-text=\"Po\u0161iljam ...\" data-submit-text=\"Po\u0161lji\" aria-live=\"assertive\" value=\"wpforms-submit\">Po\u0161lji<\/button><img loading=\"lazy\" decoding=\"async\" src=\"https:\/\/nova.otroci.org\/wp-content\/plugins\/wpforms-lite\/assets\/images\/submit-spin.svg\" class=\"wpforms-submit-spinner\" style=\"display: none;\" width=\"26\" height=\"26\" alt=\"Loading\"><\/div><\/form><\/div>  <!-- .wpforms-container -->\n\n\n<p class=\"has-large-font-size\"><strong>NAGRADE : <\/strong><\/p>\n\n\n\n<div class=\"wp-block-columns is-layout-flex wp-container-core-columns-is-layout-9d6595d7 wp-block-columns-is-layout-flex\">\n<div class=\"wp-block-column is-layout-flow wp-block-column-is-layout-flow\"><div class=\"wp-block-image\">\n<figure class=\"aligncenter size-full is-resized\"><img loading=\"lazy\" decoding=\"async\" width=\"772\" height=\"563\" src=\"https:\/\/nova.otroci.org\/wp-content\/uploads\/2025\/11\/ul_1-9.png\" alt=\"\" class=\"wp-image-14464\" style=\"width:527px;height:auto\" srcset=\"https:\/\/nova.otroci.org\/wp-content\/uploads\/2025\/11\/ul_1-9.png 772w, https:\/\/nova.otroci.org\/wp-content\/uploads\/2025\/11\/ul_1-9-300x219.png 300w, https:\/\/nova.otroci.org\/wp-content\/uploads\/2025\/11\/ul_1-9-768x560.png 768w\" sizes=\"auto, (max-width: 772px) 100vw, 772px\" \/><figcaption class=\"wp-element-caption\">Slika je simboli\u010dna<\/figcaption><\/figure><\/div><\/div>\n\n\n\n<div class=\"wp-block-column is-layout-flow wp-block-column-is-layout-flow\">\n<h2 class=\"wp-block-heading\">\ud83d\udcda <strong>1.\u20133. nagrada \u2013 U\u010dni listi od 1. do 9. razreda O\u0160 (E-verzija)<\/strong><\/h2>\n\n\n\n<p><strong>Kratek opis:<\/strong><br>Celoten komplet u\u010dnih listov Otroci.org za vse razrede osnovne \u0161ole od 1. do 9. razreda  \u2013 v digitalni obliki E &#8211; verzija.<br><strong>Raz\u0161irjeni opis:<\/strong><br>Zbirka vsebuje ve\u010d sto u\u010dnih listov za matematiko, sloven\u0161\u010dino, naravoslovje in dru\u017eboslovje \u2013 od 1. do 9. razreda. E-verzija omogo\u010da takoj\u0161en prenos in tiskanje. U\u010dni listi so prilagojeni starosti otrok, zasnovani za utrjevanje znanja na zabaven in razumljiv na\u010din. Vrednost posameznega kompleta: 84 \u20ac.<br>\ud83d\udd17 <a href=\"https:\/\/trgovina.otroci.org\/ucni-listi-od-1-do-9-razreda-e-verzija-artikel=172.html\">Oglej si izdelek<\/a><\/p>\n<\/div>\n<\/div>\n\n\n\n<hr class=\"wp-block-separator has-text-color has-vivid-cyan-blue-color has-alpha-channel-opacity has-vivid-cyan-blue-background-color has-background is-style-wide\"\/>\n\n\n\n<p><strong>SPLO\u0160NI POGOJI NAGRADNE IGRE<\/strong><\/p>\n\n\n\n<p>1. Splo\u0161ne dolo\u010dbe<\/p>\n\n\n\n<p>Organizator ARcom, Alojz Rakovec s. p., Sp. Duplje 93, 4203 Duplje (v nadaljevanju organizator) prireja nagradno igro na spletem portalu<a href=\"http:\/\/www.otroci.org\/\">&nbsp;www.otroci.org.<\/a>&nbsp;Nagradna igra poteka od 05.11.2025&nbsp;do vklju\u010dno 31.12.2025.&nbsp; &nbsp;<\/p>\n\n\n\n<p>2. Nagrade<\/p>\n\n\n\n<p>Ob koncu nagradne igre bo organizator med prispelimi pravilnimi odgovori iz\u017erebal &nbsp;3 nagrajence.<\/p>\n\n\n\n<p><strong>Nagrade so slede\u010de :<\/strong><\/p>\n\n\n\n<p class=\"has-vivid-cyan-blue-color has-text-color has-link-color wp-elements-06f17f57244f6a177779769c391ae319\">3 x U\u010dni listi od 1. do 9. razreda O.\u0160. &#8211; E verzija<br><\/p>\n\n\n\n<p>V skladu z zakonom o dohodnini morajo nagrajenci, sporo\u010diti svoje osebne podatke vklju\u010dno z&nbsp;&nbsp;dav\u010dno \u0161tevilko, najkasneje v tednu dni po prejetju obvestila o nagradi.<\/p>\n\n\n\n<p>Nagrad ni mogo\u010de zamenjati za gotovino ali kakr\u0161no koli drugo nagrado.<\/p>\n\n\n\n<p>3. Kdo lahko sodeluje v nagradni igri?<\/p>\n\n\n\n<p>Udele\u017eenci nagradne igre so lahko fizi\u010dne osebe, ki so dr\u017eavljani Republike Slovenije. Mlaj\u0161i od 18 let&nbsp;lahko v nagradni igri sodelujejo le ob soglasju star\u0161ev oziroma zakonitih zastopnikov. Pravna oseba ne&nbsp;more biti udele\u017eenec nagradne igre. V nagradni igri ne morejo sodelovati osebe, dru\u017einski \u010dlani ali&nbsp;zaposleni pri organizatorju in sponzorju nagradne igre ter dru\u017einski \u010dlani in osebe zaposlene pri drugih&nbsp;osebah, povezanih z izvedbo te nagradne igre.<\/p>\n\n\n\n<p>4. Potek nagradne igre<\/p>\n\n\n\n<p>V nagradni igri lahko sodeluje vsak, ki bo najkasneje do 31.12.2025 poslal odgovor na nagradno matemati\u010dno nalogo, ki bo objavljena na spletni strani bozic.otroci.org in poslana na\u0161im naro\u010dnikom po elektronski po\u0161ti.<\/p>\n\n\n\n<p>Nagrade bodo podeljene na osnovi \u017ereba, ki bo potekalo dne 4.1.2026<\/p>\n\n\n\n<p>5. Razglasitev nagrajencev in njihove obveznosti&nbsp;&nbsp;<br><br>Rezultat nagradne igre bo razgla\u0161en dne 4.1.2026 na spletni stani otroci.org in po e mail listi naro\u010dnikom na novice otroci.org .<\/p>\n\n\n\n<p>Nagrajenci bodo obve\u0161\u010deni po e-po\u0161ti, njihovi podatki pa bodo objavljeni tudi na spletem portalu&nbsp;otroci.org.&nbsp;Nagrajenci morajo organizatorju poslati dav\u010dne \u0161tevilke najkasneje 5 dni po prejemu&nbsp;obvestila, sicer se iz\u017ereba drugega nagrajenca. Nagrade bodo poslane po e-po\u0161ti najkasneje v 10&nbsp; dneh po prejemu vseh zahtevanih podatkov od nagrajenca. Odlo\u010ditev \u017eirije o nagrajencih je dokon\u010dna.&nbsp;Nagrade ni mogo\u010de zamenjati za gotovino.<\/p>\n\n\n\n<p>Organizator si pridr\u017euje pravico, da nagrajencu nagrade ne podeli, \u010de ugotovi, da je ta sodeloval v&nbsp;nagradni igri v nasprotju s pravili. \u010ce nagrajenec sprejem nagrade odkloni, se \u0161teje, da nagrade ne \u017eeli sprejeti ter da je organizator v razmerju do&nbsp;nagrajenca prost vseh obveznosti po tej nagradni igri in pridobi pravico z nagrado razpolagati v kakr\u0161en koli drug namen.<\/p>\n\n\n\n<p>6. Zbiranje in uporaba podatkov&nbsp;&nbsp;&nbsp;<\/p>\n\n\n\n<p>Organizator nagradne igre vse osebne podatke, ki jih ob izvedbi nagradne igre pridobi od udele\u017eencev,&nbsp;varuje v skladu s predpisi, ki urejajo varstvo osebnih podatkov in GDPR. Organizator sme osebne&nbsp;podatke, pridobljene od udele\u017eencev uporabljati izklju\u010dno za namene, za katere so bili pridobljeni . Vsi udele\u017eenci bodo zaradi namena obve\u0161\u010danja avtomatsko vklju\u010deni na e mail listo otroci.org, kjer mese\u010dno po\u0161iljamo obvestila o novostih na spletni strani.<\/p>\n\n\n\n<p>Dobitniki nagrad organizatorju nagradne igre dovoljujejo objavo svojih osebnih podatkov (ime, Priimek) na spletni strani&nbsp;otroci.org&nbsp;z namenom obve\u0161\u010danja o rezultatih \u017erebanja oz. prevzema nagrade.<\/p>\n\n\n\n<p>S sodelovanjem v nagradni igri se strinjate s splo\u0161nimi pogoji nagradne igre. V primeru, da se s&nbsp;&nbsp;splo\u0161nimi pogoji ne strinjate, vas pozivamo, da v nagradni igri ne sodelujete.<\/p>\n\n\n\n<p>ARcom, Alojz Rakovec s.p. &nbsp;<br>&nbsp;<br>Duplje, 03.11.2025<\/p>\n","protected":false},"excerpt":{"rendered":"<p>\ud83c\udf81 BO\u017dI\u010cNO &#8211; NOVOLETNA NAGRADNA IGRA! \ud83e\udde0\ud83d\udcda NAGRAJENCI NAGRADNE IGRE IZ\u017dREBALI SMO TRI NAGRAJENCE NAGRADNE IGRE in sicer : Nagrajencem<\/p>\n","protected":false},"author":1,"featured_media":0,"parent":0,"menu_order":0,"comment_status":"closed","ping_status":"closed","template":"","meta":{"om_disable_all_campaigns":false,"_monsterinsights_skip_tracking":false,"_monsterinsights_sitenote_active":false,"_monsterinsights_sitenote_note":"","_monsterinsights_sitenote_category":0,"ngg_post_thumbnail":0,"footnotes":""},"class_list":["post-13551","page","type-page","status-publish","hentry"],"aioseo_notices":[],"_links":{"self":[{"href":"https:\/\/nova.otroci.org\/index.php\/wp-json\/wp\/v2\/pages\/13551","targetHints":{"allow":["GET"]}}],"collection":[{"href":"https:\/\/nova.otroci.org\/index.php\/wp-json\/wp\/v2\/pages"}],"about":[{"href":"https:\/\/nova.otroci.org\/index.php\/wp-json\/wp\/v2\/types\/page"}],"author":[{"embeddable":true,"href":"https:\/\/nova.otroci.org\/index.php\/wp-json\/wp\/v2\/users\/1"}],"replies":[{"embeddable":true,"href":"https:\/\/nova.otroci.org\/index.php\/wp-json\/wp\/v2\/comments?post=13551"}],"version-history":[{"count":31,"href":"https:\/\/nova.otroci.org\/index.php\/wp-json\/wp\/v2\/pages\/13551\/revisions"}],"predecessor-version":[{"id":14584,"href":"https:\/\/nova.otroci.org\/index.php\/wp-json\/wp\/v2\/pages\/13551\/revisions\/14584"}],"wp:attachment":[{"href":"https:\/\/nova.otroci.org\/index.php\/wp-json\/wp\/v2\/media?parent=13551"}],"curies":[{"name":"wp","href":"https:\/\/api.w.org\/{rel}","templated":true}]}}