{"id":12784,"date":"2024-09-25T17:14:37","date_gmt":"2024-09-25T15:14:37","guid":{"rendered":"https:\/\/nova.otroci.org\/?page_id=12784"},"modified":"2025-01-14T17:18:22","modified_gmt":"2025-01-14T16:18:22","slug":"tiskanje-ucnih-listov","status":"publish","type":"page","link":"https:\/\/nova.otroci.org\/index.php\/tiskanje-ucnih-listov\/","title":{"rendered":"Tiskanje u\u010dnih listov"},"content":{"rendered":"\n<div class=\"wp-block-group is-nowrap is-layout-flex wp-container-core-group-is-layout-ad2f72ca wp-block-group-is-layout-flex\">\n<p>U\u010dne liste, kupljene v na\u0161i spletni trgovini <a href=\"https:\/\/trgovina.otroci.org\">https:\/\/trgovina.otroci.org<\/a>, vam lahko natisnemo in po\u0161ljemo po po\u0161ti (Laserski \u010drno beli tisk). Cena tiskanja ene strani zna\u0161a 0,09 EUR (9 centov).  V kolikor se odlo\u010dite, da vam natisnemo u\u010dne liste, <strong><em>oddajte povpra\u0161evanje preko spodnjega obrazca <\/em><\/strong>in <strong><em>poslali vam bomo predra\u010dun<\/em><\/strong>.<\/p>\n<\/div>\n\n\n\n<h2 class=\"wp-block-heading\">Obrazec za naro\u010dilo<\/h2>\n\n\n<div class=\"wpforms-container wpforms-container-full wpforms-block wpforms-block-014554bd-a7d4-4146-9407-0af7e9c30050 wpforms-render-modern\" id=\"wpforms-12797\"><form id=\"wpforms-form-12797\" class=\"wpforms-validate wpforms-form wpforms-ajax-form\" data-formid=\"12797\" method=\"post\" enctype=\"multipart\/form-data\" action=\"\/index.php\/wp-json\/wp\/v2\/pages\/12784\" data-token=\"9469ec9d386be73993059e91c3dc61e3\" data-token-time=\"1777650789\"><noscript class=\"wpforms-error-noscript\">Please enable JavaScript in your browser to complete this form.<\/noscript><div class=\"wpforms-hidden\" id=\"wpforms-error-noscript\">Please enable JavaScript in your browser to complete this form.<\/div><div class=\"wpforms-field-container\"><div id=\"wpforms-12797-field_12-container\" class=\"wpforms-field wpforms-field-text\" data-field-id=\"12\"><label class=\"wpforms-field-label\" for=\"wpforms-12797-field_12\">\u0160tevilka naro\u010dila ali \u0161tevilka ra\u010duna <span class=\"wpforms-required-label\" aria-hidden=\"true\">*<\/span><\/label><input type=\"text\" id=\"wpforms-12797-field_12\" class=\"wpforms-field-medium wpforms-field-required\" name=\"wpforms[fields][12]\" aria-errormessage=\"wpforms-12797-field_12-error\" aria-describedby=\"wpforms-12797-field_12-description\" required><div id=\"wpforms-12797-field_12-description\" class=\"wpforms-field-description\">Vpi\u0161ite \u0161tevilko naro\u010dila ali \u0161tevilko ra\u010duna, ki ste ga prejeli pri nakupu u\u010dnih listov.<\/div><\/div><div id=\"wpforms-12797-field_7-container\" class=\"wpforms-field wpforms-field-text\" data-field-id=\"7\"><label class=\"wpforms-field-label\" for=\"wpforms-12797-field_7\">Ime in Priimek <span class=\"wpforms-required-label\" aria-hidden=\"true\">*<\/span><\/label><input type=\"text\" id=\"wpforms-12797-field_7\" class=\"wpforms-field-medium wpforms-field-required\" name=\"wpforms[fields][7]\" aria-errormessage=\"wpforms-12797-field_7-error\" required><\/div><div id=\"wpforms-12797-field_8-container\" class=\"wpforms-field wpforms-field-text\" data-field-id=\"8\"><label class=\"wpforms-field-label\" for=\"wpforms-12797-field_8\">Naslov <span class=\"wpforms-required-label\" aria-hidden=\"true\">*<\/span><\/label><input type=\"text\" id=\"wpforms-12797-field_8\" class=\"wpforms-field-medium wpforms-field-required\" name=\"wpforms[fields][8]\" aria-errormessage=\"wpforms-12797-field_8-error\" required><\/div><div id=\"wpforms-12797-field_9-container\" class=\"wpforms-field wpforms-field-text\" data-field-id=\"9\"><label class=\"wpforms-field-label\" for=\"wpforms-12797-field_9\">Po\u0161tna \u0161tevilka <span class=\"wpforms-required-label\" aria-hidden=\"true\">*<\/span><\/label><input type=\"text\" id=\"wpforms-12797-field_9\" class=\"wpforms-field-medium wpforms-field-required\" name=\"wpforms[fields][9]\" aria-errormessage=\"wpforms-12797-field_9-error\" required><\/div><div id=\"wpforms-12797-field_10-container\" class=\"wpforms-field wpforms-field-text\" data-field-id=\"10\"><label class=\"wpforms-field-label\" for=\"wpforms-12797-field_10\">Po\u0161ta <span class=\"wpforms-required-label\" aria-hidden=\"true\">*<\/span><\/label><input type=\"text\" id=\"wpforms-12797-field_10\" class=\"wpforms-field-medium wpforms-field-required\" name=\"wpforms[fields][10]\" aria-errormessage=\"wpforms-12797-field_10-error\" required><\/div><div id=\"wpforms-12797-field_11-container\" class=\"wpforms-field wpforms-field-email\" data-field-id=\"11\"><label class=\"wpforms-field-label\" for=\"wpforms-12797-field_11\">Email <span class=\"wpforms-required-label\" aria-hidden=\"true\">*<\/span><\/label><input type=\"email\" id=\"wpforms-12797-field_11\" class=\"wpforms-field-medium wpforms-field-required\" name=\"wpforms[fields][11]\" spellcheck=\"false\" aria-errormessage=\"wpforms-12797-field_11-error\" required><\/div><div id=\"wpforms-12797-field_2-container\" class=\"wpforms-field wpforms-field-textarea\" data-field-id=\"2\"><label class=\"wpforms-field-label\" for=\"wpforms-12797-field_2\">Napi\u0161ite va\u0161e naro\u010dilo <span class=\"wpforms-required-label\" aria-hidden=\"true\">*<\/span><\/label><textarea id=\"wpforms-12797-field_2\" class=\"wpforms-field-medium wpforms-field-required\" name=\"wpforms[fields][2]\" aria-errormessage=\"wpforms-12797-field_2-error\" aria-describedby=\"wpforms-12797-field_2-description\" required><\/textarea><div id=\"wpforms-12797-field_2-description\" class=\"wpforms-field-description\">Primer : Naro\u010dam tiskanje u\u010dnih listov za Zgodovino 8. razred in sicer u\u010dne liste Vpra\u0161anja.<\/div><\/div><\/div><!-- .wpforms-field-container --><div class=\"wpforms-submit-container\" ><input type=\"hidden\" name=\"wpforms[id]\" value=\"12797\"><input type=\"hidden\" name=\"page_title\" value=\"\"><input type=\"hidden\" name=\"page_url\" value=\"https:\/\/nova.otroci.org\/index.php\/wp-json\/wp\/v2\/pages\/12784\"><input type=\"hidden\" name=\"url_referer\" value=\"\"><button type=\"submit\" name=\"wpforms[submit]\" id=\"wpforms-submit-12797\" class=\"wpforms-submit\" data-alt-text=\"Po\u0161iljam ....\" data-submit-text=\"Po\u0161lji\" aria-live=\"assertive\" value=\"wpforms-submit\">Po\u0161lji<\/button><img loading=\"lazy\" decoding=\"async\" src=\"https:\/\/nova.otroci.org\/wp-content\/plugins\/wpforms-lite\/assets\/images\/submit-spin.svg\" class=\"wpforms-submit-spinner\" style=\"display: none;\" width=\"26\" height=\"26\" alt=\"Loading\"><\/div><\/form><\/div>  <!-- .wpforms-container -->\n\n\n<hr class=\"wp-block-separator has-text-color has-vivid-cyan-blue-color has-alpha-channel-opacity has-vivid-cyan-blue-background-color has-background is-style-wide\"\/>\n\n\n\n<h2 class=\"wp-block-heading\"><strong>Raz\u010dlenitev po posameznih predmetih<\/strong><\/h2>\n\n\n\n<div class=\"wp-block-columns is-layout-flex wp-container-core-columns-is-layout-9d6595d7 wp-block-columns-is-layout-flex\">\n<div class=\"wp-block-column is-layout-flow wp-block-column-is-layout-flow\">\n<figure class=\"wp-block-image size-full\"><a href=\"https:\/\/nova.otroci.org\/wp-content\/uploads\/2025\/01\/2razred_tiskanje.jpg\"><img loading=\"lazy\" decoding=\"async\" width=\"1241\" height=\"799\" src=\"https:\/\/nova.otroci.org\/wp-content\/uploads\/2025\/01\/2razred_tiskanje.jpg\" alt=\"\" class=\"wp-image-13380\" srcset=\"https:\/\/nova.otroci.org\/wp-content\/uploads\/2025\/01\/2razred_tiskanje.jpg 1241w, https:\/\/nova.otroci.org\/wp-content\/uploads\/2025\/01\/2razred_tiskanje-300x193.jpg 300w, https:\/\/nova.otroci.org\/wp-content\/uploads\/2025\/01\/2razred_tiskanje-1024x659.jpg 1024w, https:\/\/nova.otroci.org\/wp-content\/uploads\/2025\/01\/2razred_tiskanje-768x494.jpg 768w\" sizes=\"auto, (max-width: 1241px) 100vw, 1241px\" \/><\/a><\/figure>\n<\/div>\n<\/div>\n\n\n\n<div class=\"wp-block-columns is-layout-flex wp-container-core-columns-is-layout-9d6595d7 wp-block-columns-is-layout-flex\">\n<div class=\"wp-block-column is-layout-flow wp-block-column-is-layout-flow\">\n<figure class=\"wp-block-image size-full\"><a href=\"https:\/\/nova.otroci.org\/wp-content\/uploads\/2025\/01\/3razred_tiskanje.jpg\"><img loading=\"lazy\" decoding=\"async\" width=\"1179\" height=\"776\" src=\"https:\/\/nova.otroci.org\/wp-content\/uploads\/2025\/01\/3razred_tiskanje.jpg\" alt=\"\" class=\"wp-image-13379\" srcset=\"https:\/\/nova.otroci.org\/wp-content\/uploads\/2025\/01\/3razred_tiskanje.jpg 1179w, https:\/\/nova.otroci.org\/wp-content\/uploads\/2025\/01\/3razred_tiskanje-300x197.jpg 300w, https:\/\/nova.otroci.org\/wp-content\/uploads\/2025\/01\/3razred_tiskanje-1024x674.jpg 1024w, https:\/\/nova.otroci.org\/wp-content\/uploads\/2025\/01\/3razred_tiskanje-768x505.jpg 768w\" sizes=\"auto, (max-width: 1179px) 100vw, 1179px\" \/><\/a><\/figure>\n<\/div>\n<\/div>\n\n\n\n<div class=\"wp-block-columns is-layout-flex wp-container-core-columns-is-layout-9d6595d7 wp-block-columns-is-layout-flex\">\n<div class=\"wp-block-column is-layout-flow wp-block-column-is-layout-flow\">\n<figure class=\"wp-block-image size-full\"><a href=\"https:\/\/nova.otroci.org\/wp-content\/uploads\/2025\/01\/4razred_tiskanje.jpg\"><img loading=\"lazy\" decoding=\"async\" width=\"1241\" height=\"1032\" src=\"https:\/\/nova.otroci.org\/wp-content\/uploads\/2025\/01\/4razred_tiskanje.jpg\" alt=\"\" class=\"wp-image-13378\" style=\"object-fit:cover\" srcset=\"https:\/\/nova.otroci.org\/wp-content\/uploads\/2025\/01\/4razred_tiskanje.jpg 1241w, https:\/\/nova.otroci.org\/wp-content\/uploads\/2025\/01\/4razred_tiskanje-300x249.jpg 300w, https:\/\/nova.otroci.org\/wp-content\/uploads\/2025\/01\/4razred_tiskanje-1024x852.jpg 1024w, https:\/\/nova.otroci.org\/wp-content\/uploads\/2025\/01\/4razred_tiskanje-768x639.jpg 768w\" sizes=\"auto, (max-width: 1241px) 100vw, 1241px\" \/><\/a><\/figure>\n<\/div>\n<\/div>\n\n\n\n<div class=\"wp-block-columns is-layout-flex wp-container-core-columns-is-layout-9d6595d7 wp-block-columns-is-layout-flex\">\n<div class=\"wp-block-column is-layout-flow wp-block-column-is-layout-flow\">\n<figure class=\"wp-block-image size-full\"><a href=\"https:\/\/nova.otroci.org\/wp-content\/uploads\/2025\/01\/5razred_tiskanje.jpg\"><img loading=\"lazy\" decoding=\"async\" width=\"1241\" height=\"1189\" src=\"https:\/\/nova.otroci.org\/wp-content\/uploads\/2025\/01\/5razred_tiskanje.jpg\" alt=\"\" class=\"wp-image-13377\" srcset=\"https:\/\/nova.otroci.org\/wp-content\/uploads\/2025\/01\/5razred_tiskanje.jpg 1241w, https:\/\/nova.otroci.org\/wp-content\/uploads\/2025\/01\/5razred_tiskanje-300x287.jpg 300w, https:\/\/nova.otroci.org\/wp-content\/uploads\/2025\/01\/5razred_tiskanje-1024x981.jpg 1024w, https:\/\/nova.otroci.org\/wp-content\/uploads\/2025\/01\/5razred_tiskanje-768x736.jpg 768w\" sizes=\"auto, (max-width: 1241px) 100vw, 1241px\" \/><\/a><\/figure>\n<\/div>\n<\/div>\n\n\n\n<div class=\"wp-block-columns is-layout-flex wp-container-core-columns-is-layout-9d6595d7 wp-block-columns-is-layout-flex\">\n<div class=\"wp-block-column is-layout-flow wp-block-column-is-layout-flow\">\n<figure class=\"wp-block-image size-full\"><a href=\"https:\/\/nova.otroci.org\/wp-content\/uploads\/2025\/01\/6razred_tiskanje.jpg\"><img loading=\"lazy\" decoding=\"async\" width=\"1241\" height=\"1349\" src=\"https:\/\/nova.otroci.org\/wp-content\/uploads\/2025\/01\/6razred_tiskanje.jpg\" alt=\"\" class=\"wp-image-13376\" srcset=\"https:\/\/nova.otroci.org\/wp-content\/uploads\/2025\/01\/6razred_tiskanje.jpg 1241w, https:\/\/nova.otroci.org\/wp-content\/uploads\/2025\/01\/6razred_tiskanje-276x300.jpg 276w, https:\/\/nova.otroci.org\/wp-content\/uploads\/2025\/01\/6razred_tiskanje-942x1024.jpg 942w, https:\/\/nova.otroci.org\/wp-content\/uploads\/2025\/01\/6razred_tiskanje-768x835.jpg 768w\" sizes=\"auto, (max-width: 1241px) 100vw, 1241px\" \/><\/a><\/figure>\n<\/div>\n<\/div>\n\n\n\n<div class=\"wp-block-columns is-layout-flex wp-container-core-columns-is-layout-9d6595d7 wp-block-columns-is-layout-flex\">\n<div class=\"wp-block-column is-layout-flow wp-block-column-is-layout-flow\">\n<figure class=\"wp-block-image size-full\"><a href=\"https:\/\/nova.otroci.org\/wp-content\/uploads\/2025\/01\/7razred_tiskanje.jpg\"><img loading=\"lazy\" decoding=\"async\" width=\"1241\" height=\"1397\" src=\"https:\/\/nova.otroci.org\/wp-content\/uploads\/2025\/01\/7razred_tiskanje.jpg\" alt=\"\" class=\"wp-image-13375\" srcset=\"https:\/\/nova.otroci.org\/wp-content\/uploads\/2025\/01\/7razred_tiskanje.jpg 1241w, https:\/\/nova.otroci.org\/wp-content\/uploads\/2025\/01\/7razred_tiskanje-266x300.jpg 266w, https:\/\/nova.otroci.org\/wp-content\/uploads\/2025\/01\/7razred_tiskanje-910x1024.jpg 910w, https:\/\/nova.otroci.org\/wp-content\/uploads\/2025\/01\/7razred_tiskanje-768x865.jpg 768w\" sizes=\"auto, (max-width: 1241px) 100vw, 1241px\" \/><\/a><\/figure>\n<\/div>\n<\/div>\n\n\n\n<div class=\"wp-block-columns is-layout-flex wp-container-core-columns-is-layout-9d6595d7 wp-block-columns-is-layout-flex\">\n<div class=\"wp-block-column is-layout-flow wp-block-column-is-layout-flow\">\n<figure class=\"wp-block-image size-full\"><a href=\"https:\/\/nova.otroci.org\/wp-content\/uploads\/2025\/01\/8razred_tiskanje.jpg\"><img loading=\"lazy\" decoding=\"async\" width=\"1241\" height=\"1676\" src=\"https:\/\/nova.otroci.org\/wp-content\/uploads\/2025\/01\/8razred_tiskanje.jpg\" alt=\"\" class=\"wp-image-13374\" srcset=\"https:\/\/nova.otroci.org\/wp-content\/uploads\/2025\/01\/8razred_tiskanje.jpg 1241w, https:\/\/nova.otroci.org\/wp-content\/uploads\/2025\/01\/8razred_tiskanje-222x300.jpg 222w, https:\/\/nova.otroci.org\/wp-content\/uploads\/2025\/01\/8razred_tiskanje-758x1024.jpg 758w, https:\/\/nova.otroci.org\/wp-content\/uploads\/2025\/01\/8razred_tiskanje-768x1037.jpg 768w, https:\/\/nova.otroci.org\/wp-content\/uploads\/2025\/01\/8razred_tiskanje-1137x1536.jpg 1137w\" sizes=\"auto, (max-width: 1241px) 100vw, 1241px\" \/><\/a><\/figure>\n<\/div>\n<\/div>\n\n\n\n<div class=\"wp-block-columns is-layout-flex wp-container-core-columns-is-layout-9d6595d7 wp-block-columns-is-layout-flex\">\n<div class=\"wp-block-column is-layout-flow wp-block-column-is-layout-flow\">\n<figure class=\"wp-block-image size-full\"><a href=\"https:\/\/nova.otroci.org\/wp-content\/uploads\/2025\/01\/9razred_tiskanje.jpg\"><img loading=\"lazy\" decoding=\"async\" width=\"1241\" height=\"1426\" src=\"https:\/\/nova.otroci.org\/wp-content\/uploads\/2025\/01\/9razred_tiskanje.jpg\" alt=\"\" class=\"wp-image-13373\" srcset=\"https:\/\/nova.otroci.org\/wp-content\/uploads\/2025\/01\/9razred_tiskanje.jpg 1241w, https:\/\/nova.otroci.org\/wp-content\/uploads\/2025\/01\/9razred_tiskanje-261x300.jpg 261w, https:\/\/nova.otroci.org\/wp-content\/uploads\/2025\/01\/9razred_tiskanje-891x1024.jpg 891w, https:\/\/nova.otroci.org\/wp-content\/uploads\/2025\/01\/9razred_tiskanje-768x882.jpg 768w\" sizes=\"auto, (max-width: 1241px) 100vw, 1241px\" \/><\/a><\/figure>\n<\/div>\n<\/div>\n","protected":false},"excerpt":{"rendered":"<p>U\u010dne liste, kupljene v na\u0161i spletni trgovini https:\/\/trgovina.otroci.org, vam lahko natisnemo in po\u0161ljemo po po\u0161ti (Laserski \u010drno beli tisk). Cena<\/p>\n","protected":false},"author":1,"featured_media":0,"parent":0,"menu_order":0,"comment_status":"closed","ping_status":"closed","template":"","meta":{"om_disable_all_campaigns":false,"_monsterinsights_skip_tracking":false,"_monsterinsights_sitenote_active":false,"_monsterinsights_sitenote_note":"","_monsterinsights_sitenote_category":0,"ngg_post_thumbnail":0,"footnotes":""},"class_list":["post-12784","page","type-page","status-publish","hentry"],"aioseo_notices":[],"_links":{"self":[{"href":"https:\/\/nova.otroci.org\/index.php\/wp-json\/wp\/v2\/pages\/12784","targetHints":{"allow":["GET"]}}],"collection":[{"href":"https:\/\/nova.otroci.org\/index.php\/wp-json\/wp\/v2\/pages"}],"about":[{"href":"https:\/\/nova.otroci.org\/index.php\/wp-json\/wp\/v2\/types\/page"}],"author":[{"embeddable":true,"href":"https:\/\/nova.otroci.org\/index.php\/wp-json\/wp\/v2\/users\/1"}],"replies":[{"embeddable":true,"href":"https:\/\/nova.otroci.org\/index.php\/wp-json\/wp\/v2\/comments?post=12784"}],"version-history":[{"count":10,"href":"https:\/\/nova.otroci.org\/index.php\/wp-json\/wp\/v2\/pages\/12784\/revisions"}],"predecessor-version":[{"id":13390,"href":"https:\/\/nova.otroci.org\/index.php\/wp-json\/wp\/v2\/pages\/12784\/revisions\/13390"}],"wp:attachment":[{"href":"https:\/\/nova.otroci.org\/index.php\/wp-json\/wp\/v2\/media?parent=12784"}],"curies":[{"name":"wp","href":"https:\/\/api.w.org\/{rel}","templated":true}]}}